{"id":2299,"date":"2021-12-07T18:33:52","date_gmt":"2021-12-07T17:33:52","guid":{"rendered":"https:\/\/www.sorainstyles.com\/boutique\/produit\/sutcliffe-green-78\/"},"modified":"2025-10-19T16:53:41","modified_gmt":"2025-10-19T14:53:41","slug":"sutcliffe-green-78","status":"publish","type":"product","link":"https:\/\/www.sorainstyles.com\/boutique\/produit\/sutcliffe-green-78\/","title":{"rendered":"Sutcliffe Green 78"},"content":{"rendered":"<h2>Un vert pour les esth\u00e8tes<\/h2>\n<p>Les connaisseurs citent souvent le <a href=\"https:\/\/www.cotemaison.fr\/cuisine\/repeindre-sa-cuisine-pour-votre-cuisine-osez-le-vert-pomme-vert-gazon-vert-olive-vert-vieilli-vert-clair_12966.html\" target=\"_blank\" rel=\"noopener\">vert<\/a> comme \u00e9tant la meilleure couleur de fond \u00e0 utiliser derri\u00e8re des tableaux suspendus. D\u2019apr\u00e8s nous, la teinte No.78 &#8211; Sutcliffe Green est l\u2019une des meilleures pour cela. Cette couleur a \u00e9t\u00e9 nomm\u00e9e ainsi en r\u00e9f\u00e9rence au grand coloriste John Sutcliffe, qui a tant contribu\u00e9 \u00e0 faire de la marque Farrow &amp; Ball ce qu\u2019elle est aujourd\u2019hui.<\/p>\n<p>Primer &amp; Undercoat recommand\u00e9e: <a href=\"https:\/\/www.sorainstyles.com\/boutique\/categorie-produit\/appret-sous-couches\/mid-tones\/\" target=\"_blank\" rel=\"noopener\">Mid Tones<\/a><\/p>\n<p>Blanc compl\u00e9mentaire:\u00a0<a href=\"https:\/\/www.sorainstyles.com\/boutique\/produit\/lime-white-1\/\">Lime White<\/a><\/p>\n<h3>Exemple d&rsquo;harmonies de couleurs avec la teinte Sutcliffe Green &#8211; No.78<\/h3>\n<ul>\n<li>Berrington Blue No.14 &#8211; Jitney No.293<\/li>\n<\/ul>\n<h3>Information produit<\/h3>\n<h4>A base d&rsquo;eau et sans danger pour les enfants<\/h4>\n<p>En 2010, Farrow &amp; Ball a \u00e9t\u00e9 les premiers du secteur \u00e0 passer \u00e0 une gamme de finitions \u00e9labor\u00e9es enti\u00e8rement \u00e0 base d\u2019eau. En effet, ces finitions \u00e0 faible teneur en COV et pratiquement sans odeur sont faciles \u00e0 nettoyer sans recourir \u00e0 des solvants nocifs.<\/p>\n<h4>Finitions de qualit\u00e9<\/h4>\n<p>Tout d&rsquo;abord, chacune de nos couleurs est disponible dans une gamme de finitions de peinture d\u2019int\u00e9rieur et d\u2019ext\u00e9rieur. Ensuite, chaque finition est test\u00e9e de mani\u00e8re rigoureuse pour garantir un fini durable et une profondeur de couleur exceptionnelle. Enfin, pour obtenir les meilleurs r\u00e9sultats, nous recommandons toujours d\u2019utiliser une Impression &amp; Sous-couche Farrow &amp; Ball &#8211; voir plus haut pour trouver la tonalit\u00e9 de couleur exacte pour cette peinture.<\/p>\n<p>&nbsp;<\/p>\n","protected":false},"excerpt":{"rendered":"<h3>Un vert pour les esth\u00e8tes<\/h3>\n<p>Ce vert se caract\u00e9rise par une douceur subtile et s&rsquo;adapte \u00e0 une vari\u00e9t\u00e9 de styles d&rsquo;int\u00e9rieur, qu&rsquo;ils soient traditionnels ou modernes. Il se marie ais\u00e9ment avec des couleurs neutres ou terreuses.<\/p>\n<p>Sous-couche recommand\u00e9e : <a href=\"https:\/\/www.sorainstyles.com\/boutique\/categorie-produit\/appret-sous-couches\/mid-tones\/\" target=\"_blank\" rel=\"noopener\">Mid Tones<\/a><\/p>\n","protected":false},"featured_media":14080,"template":"","meta":{"_acf_changed":false,"_et_pb_use_builder":"","_et_pb_old_content":"","_et_gb_content_width":""},"product_brand":[],"product_cat":[343,98,81,92],"product_tag":[754,406,371,366,755,753,350],"class_list":{"0":"post-2299","1":"product","2":"type-product","3":"status-publish","4":"has-post-thumbnail","6":"product_cat-archive","7":"product_cat-moyen","8":"product_cat-peintures-de-finition","9":"product_cat-vert","10":"product_tag-754","11":"product_tag-couleur","12":"product_tag-farrow","13":"product_tag-farrowball","14":"product_tag-peintue","15":"product_tag-sutcliffe-green","16":"product_tag-vert","18":"first","19":"instock","20":"taxable","21":"shipping-taxable","22":"purchasable","23":"product-type-variable"},"acf":[],"_links":{"self":[{"href":"https:\/\/www.sorainstyles.com\/boutique\/wp-json\/wp\/v2\/product\/2299","targetHints":{"allow":["GET"]}}],"collection":[{"href":"https:\/\/www.sorainstyles.com\/boutique\/wp-json\/wp\/v2\/product"}],"about":[{"href":"https:\/\/www.sorainstyles.com\/boutique\/wp-json\/wp\/v2\/types\/product"}],"wp:featuredmedia":[{"embeddable":true,"href":"https:\/\/www.sorainstyles.com\/boutique\/wp-json\/wp\/v2\/media\/14080"}],"wp:attachment":[{"href":"https:\/\/www.sorainstyles.com\/boutique\/wp-json\/wp\/v2\/media?parent=2299"}],"wp:term":[{"taxonomy":"product_brand","embeddable":true,"href":"https:\/\/www.sorainstyles.com\/boutique\/wp-json\/wp\/v2\/product_brand?post=2299"},{"taxonomy":"product_cat","embeddable":true,"href":"https:\/\/www.sorainstyles.com\/boutique\/wp-json\/wp\/v2\/product_cat?post=2299"},{"taxonomy":"product_tag","embeddable":true,"href":"https:\/\/www.sorainstyles.com\/boutique\/wp-json\/wp\/v2\/product_tag?post=2299"}],"curies":[{"name":"wp","href":"https:\/\/api.w.org\/{rel}","templated":true}]}}