{"id":2295,"date":"2021-12-07T18:33:40","date_gmt":"2021-12-07T17:33:40","guid":{"rendered":"https:\/\/www.sorainstyles.com\/boutique\/produit\/suffield-green-77\/"},"modified":"2025-10-15T15:54:26","modified_gmt":"2025-10-15T13:54:26","slug":"suffield-green-77","status":"publish","type":"product","link":"https:\/\/www.sorainstyles.com\/boutique\/produit\/suffield-green-77\/","title":{"rendered":"Suffield Green 77"},"content":{"rendered":"<h1 class=\"product-hero__title\">Archive Collection: Suffield Green &#8211; No. 77<\/h1>\n<h2>Un vert d\u00e9licieux<\/h2>\n<p>Ce vert n\u00e9o-g\u00e9orgien \u00e9tait souvent pr\u00e9sent sur les nuanciers d\u2019avant-guerre. Plus dynamique que Sutcliffe Green et un peu plus intense que Breakfast Room Green, la teinte No.77 &#8211; Suffield Green reste un grand favori dans les int\u00e9rieurs <a href=\"https:\/\/www.cotemaison.fr\/inspirations\/5-bonnes-idees-a-copier-dans-ce-salon-contemporain_32849.html\" target=\"_blank\" rel=\"noopener\">contemporains<\/a>.<\/p>\n<p>Primer &amp; Undercoat recommand\u00e9e: <a href=\"https:\/\/www.sorainstyles.com\/boutique\/categorie-produit\/appret-sous-couches\/mid-tones\/\" target=\"_blank\" rel=\"noopener\">Mid Tones<\/a><\/p>\n<p>Blanc compl\u00e9mentaire:\u00a0<a href=\"https:\/\/www.sorainstyles.com\/boutique\/produit\/lime-white-1\/\" target=\"_blank\" rel=\"noopener\">Lime White<\/a><\/p>\n<h3>3 exemples d&rsquo;harmonies de couleurs avec la teinte Suffield Green &#8211; No.77<\/h3>\n<ul>\n<li>Slipper Satin No.2004 &#8211; Old White No.4<\/li>\n<li>Stone Blue No.86 &#8211; Cinder Rose No.246<\/li>\n<li>Dead Salmon No.28 &#8211; Studio Green No.93<\/li>\n<\/ul>\n<h3>Information produit<\/h3>\n<h4>A base d&rsquo;eau et sans danger pour les enfants<\/h4>\n<p>En 2010, Farrow &amp; Ball a \u00e9t\u00e9 les premiers du secteur \u00e0 passer \u00e0 une gamme de finitions \u00e9labor\u00e9es enti\u00e8rement \u00e0 base d\u2019eau. En effet, ces finitions \u00e0 faible teneur en COV et pratiquement sans odeur sont faciles \u00e0 nettoyer sans recourir \u00e0 des solvants nocifs.<\/p>\n<h4>Finitions de qualit\u00e9<\/h4>\n<p>Tout d&rsquo;abord, chacune de nos couleurs est disponible dans une gamme de finitions de peinture d\u2019int\u00e9rieur et d\u2019ext\u00e9rieur. Ensuite, chaque finition est test\u00e9e de mani\u00e8re rigoureuse pour garantir un fini durable et une profondeur de couleur exceptionnelle. Enfin, pour obtenir les meilleurs r\u00e9sultats, nous recommandons toujours d\u2019utiliser une Impression &amp; Sous-couche Farrow &amp; Ball &#8211; voir plus haut pour trouver la tonalit\u00e9 de couleur exacte pour cette peinture.<\/p>\n","protected":false},"excerpt":{"rendered":"<h3>Un vert d\u00e9licieux<\/h3>\n<p>Cette couleur est un vert anglais tr\u00e8s lumineux. En effet, il s\u2019adapte aussi bien aux int\u00e9rieurs traditionnels qu&rsquo;aux espaces contemporains.<\/p>\n<p>Sous-couche recommand\u00e9e : <a href=\"https:\/\/www.sorainstyles.com\/boutique\/categorie-produit\/appret-sous-couches\/mid-tones\/\" target=\"_blank\" rel=\"noopener\">Mid Tones<\/a><\/p>\n","protected":false},"featured_media":14077,"template":"","meta":{"_acf_changed":false,"_et_pb_use_builder":"","_et_pb_old_content":"","_et_gb_content_width":""},"product_brand":[],"product_cat":[343,139,98,81,92],"product_tag":[757,406,371,366,362,756,350],"class_list":{"0":"post-2295","1":"product","2":"type-product","3":"status-publish","4":"has-post-thumbnail","6":"product_cat-archive","7":"product_cat-liberty-collection","8":"product_cat-moyen","9":"product_cat-peintures-de-finition","10":"product_cat-vert","11":"product_tag-757","12":"product_tag-couleur","13":"product_tag-farrow","14":"product_tag-farrowball","15":"product_tag-peinture","16":"product_tag-suffield-green","17":"product_tag-vert","19":"first","20":"instock","21":"taxable","22":"shipping-taxable","23":"purchasable","24":"product-type-variable"},"acf":[],"_links":{"self":[{"href":"https:\/\/www.sorainstyles.com\/boutique\/wp-json\/wp\/v2\/product\/2295","targetHints":{"allow":["GET"]}}],"collection":[{"href":"https:\/\/www.sorainstyles.com\/boutique\/wp-json\/wp\/v2\/product"}],"about":[{"href":"https:\/\/www.sorainstyles.com\/boutique\/wp-json\/wp\/v2\/types\/product"}],"wp:featuredmedia":[{"embeddable":true,"href":"https:\/\/www.sorainstyles.com\/boutique\/wp-json\/wp\/v2\/media\/14077"}],"wp:attachment":[{"href":"https:\/\/www.sorainstyles.com\/boutique\/wp-json\/wp\/v2\/media?parent=2295"}],"wp:term":[{"taxonomy":"product_brand","embeddable":true,"href":"https:\/\/www.sorainstyles.com\/boutique\/wp-json\/wp\/v2\/product_brand?post=2295"},{"taxonomy":"product_cat","embeddable":true,"href":"https:\/\/www.sorainstyles.com\/boutique\/wp-json\/wp\/v2\/product_cat?post=2295"},{"taxonomy":"product_tag","embeddable":true,"href":"https:\/\/www.sorainstyles.com\/boutique\/wp-json\/wp\/v2\/product_tag?post=2295"}],"curies":[{"name":"wp","href":"https:\/\/api.w.org\/{rel}","templated":true}]}}