{"id":2290,"date":"2021-12-07T18:33:19","date_gmt":"2021-12-07T17:33:19","guid":{"rendered":"https:\/\/www.sorainstyles.com\/boutique\/produit\/folly-green-76\/"},"modified":"2025-10-19T16:55:44","modified_gmt":"2025-10-19T14:55:44","slug":"folly-green-76","status":"publish","type":"product","link":"https:\/\/www.sorainstyles.com\/boutique\/produit\/folly-green-76\/","title":{"rendered":"Folly Green 76"},"content":{"rendered":"<h1 class=\"product-hero__title\">Archive Collection: Folly Green &#8211; No.76 de chez Farrow &amp; Ball<\/h1>\n<h2>Un vert g\u00e9n\u00e9reux mais apaisant<\/h2>\n<p>\u00c0 l\u2019origine inspir\u00e9e des int\u00e9rieurs n\u00e9oclassiques, la teinte No.76 &#8211; Folly Green s\u2019utilise ais\u00e9ment dans toutes sortes d\u2019int\u00e9rieurs pour cr\u00e9er des espaces qui d\u00e9gagent une atmosph\u00e8re \u00e0 la fois d\u00e9tendue et raffin\u00e9e. Cette teinte particuli\u00e8re \u00e9tait tr\u00e8s populaire vers la fin du 18e si\u00e8cle r\u00e9alise l\u2019\u00e9quilibre parfait entre la force et la douceur, dans les pi\u00e8ces <a href=\"https:\/\/www.cotemaison.fr\/maison-famille\/diaporama\/maison-provencale-ces-mas-bastides-et-maisons-de-village-du-sud_34484.html\" target=\"_blank\" rel=\"noopener\">traditionnelles<\/a> comme dans les plus modernes.<\/p>\n<p>Primer &amp; Undercoat recommand\u00e9e: <a href=\"https:\/\/www.sorainstyles.com\/boutique\/categorie-produit\/appret-sous-couches\/dark-tones\/\" target=\"_blank\" rel=\"noopener\">Dark Tones<\/a><\/p>\n<p>Blanc compl\u00e9mentaire:\u00a0<a href=\"https:\/\/www.sorainstyles.com\/boutique\/produit\/lime-white-1\/\" target=\"_blank\" rel=\"noopener\">Lime White<\/a><\/p>\n<h3>Exemples d&rsquo;harmonies de couleurs avec la teinte Folly Green &#8211; No.76<\/h3>\n<ul>\n<li>Off-White No.3 &#8211; Setting Plaster No.231<\/li>\n<\/ul>\n<h3>Information produit<\/h3>\n<h4>A base d&rsquo;eau et sans danger pour les enfants<\/h4>\n<p>En 2010, Farrow &amp; Ball a \u00e9t\u00e9 les premiers du secteur \u00e0 passer \u00e0 une gamme de finitions \u00e9labor\u00e9es enti\u00e8rement \u00e0 base d\u2019eau. En effet, ces finitions \u00e0 faible teneur en COV et pratiquement sans odeur sont faciles \u00e0 nettoyer sans recourir \u00e0 des solvants nocifs.<\/p>\n<h4>Finitions de qualit\u00e9<\/h4>\n<p>Tout d&rsquo;abord, chacune de nos couleurs est disponible dans une gamme de finitions de peinture d\u2019int\u00e9rieur et d\u2019ext\u00e9rieur. Ensuite, chaque finition est test\u00e9e de mani\u00e8re rigoureuse pour garantir un fini durable et une profondeur de couleur exceptionnelle. Enfin, pour obtenir les meilleurs r\u00e9sultats, nous recommandons toujours d\u2019utiliser une Impression &amp; Sous-couche Farrow &amp; Ball &#8211; voir plus haut pour trouver la tonalit\u00e9 de couleur exacte pour cette peinture.<\/p>\n","protected":false},"excerpt":{"rendered":"<h3>Un vert g\u00e9n\u00e9reux mais apaisant<\/h3>\n<p>Folly Green est un vert intense qui \u00e9quilibre parfaitement force et douceur, s&rsquo;int\u00e9grant harmonieusement dans des pi\u00e8ces \u00e0 la fois traditionnelles et modernes.<\/p>\n<p>Sous-couche recommand\u00e9e : <a href=\"https:\/\/www.sorainstyles.com\/boutique\/categorie-produit\/appret-sous-couches\/dark-tones\/\" target=\"_blank\" rel=\"noopener\">Dark Tones<\/a><\/p>\n","protected":false},"featured_media":14078,"template":"","meta":{"_acf_changed":false,"_et_pb_use_builder":"","_et_pb_old_content":"","_et_gb_content_width":""},"product_brand":[],"product_cat":[343,98,81,92],"product_tag":[759,406,371,366,758,362,350],"class_list":{"0":"post-2290","1":"product","2":"type-product","3":"status-publish","4":"has-post-thumbnail","6":"product_cat-archive","7":"product_cat-moyen","8":"product_cat-peintures-de-finition","9":"product_cat-vert","10":"product_tag-759","11":"product_tag-couleur","12":"product_tag-farrow","13":"product_tag-farrowball","14":"product_tag-folly-green","15":"product_tag-peinture","16":"product_tag-vert","18":"first","19":"instock","20":"taxable","21":"shipping-taxable","22":"purchasable","23":"product-type-variable"},"acf":[],"_links":{"self":[{"href":"https:\/\/www.sorainstyles.com\/boutique\/wp-json\/wp\/v2\/product\/2290","targetHints":{"allow":["GET"]}}],"collection":[{"href":"https:\/\/www.sorainstyles.com\/boutique\/wp-json\/wp\/v2\/product"}],"about":[{"href":"https:\/\/www.sorainstyles.com\/boutique\/wp-json\/wp\/v2\/types\/product"}],"wp:featuredmedia":[{"embeddable":true,"href":"https:\/\/www.sorainstyles.com\/boutique\/wp-json\/wp\/v2\/media\/14078"}],"wp:attachment":[{"href":"https:\/\/www.sorainstyles.com\/boutique\/wp-json\/wp\/v2\/media?parent=2290"}],"wp:term":[{"taxonomy":"product_brand","embeddable":true,"href":"https:\/\/www.sorainstyles.com\/boutique\/wp-json\/wp\/v2\/product_brand?post=2290"},{"taxonomy":"product_cat","embeddable":true,"href":"https:\/\/www.sorainstyles.com\/boutique\/wp-json\/wp\/v2\/product_cat?post=2290"},{"taxonomy":"product_tag","embeddable":true,"href":"https:\/\/www.sorainstyles.com\/boutique\/wp-json\/wp\/v2\/product_tag?post=2290"}],"curies":[{"name":"wp","href":"https:\/\/api.w.org\/{rel}","templated":true}]}}