{"id":2265,"date":"2021-12-07T18:31:10","date_gmt":"2021-12-07T17:31:10","guid":{"rendered":"https:\/\/www.sorainstyles.com\/boutique\/produit\/citron-74\/"},"modified":"2025-09-18T15:01:31","modified_gmt":"2025-09-18T13:01:31","slug":"citron-74","status":"publish","type":"product","link":"https:\/\/www.sorainstyles.com\/boutique\/produit\/citron-74\/","title":{"rendered":"Citron 74"},"content":{"rendered":"<h1 class=\"product-hero__title\">Citron &#8211; No.74 de chez Farrow &amp; Ball<\/h1>\n<h2>Un jaune citron chaud<\/h2>\n<p>Cette couleur est parfaite les <a href=\"https:\/\/www.cotemaison.fr\/couleurs\/diaporama\/quelle-couleur-de-peinture-pour-une-petite-piece_33886.html\" target=\"_blank\" rel=\"noopener\">petits espaces<\/a> pour les halls d\u2019entr\u00e9e. Elle est plus douce dans les pi\u00e8ces bien \u00e9clair\u00e9es, mais peut-\u00eatre un peu trop vive pour une chambre. Testez avec la couleur compl\u00e9mentaire Pointing\u00a0sur les plafonds et les boiseries.<\/p>\n<p>Primer &amp; Undercoat recommand\u00e9e: <a href=\"https:\/\/www.sorainstyles.com\/boutique\/categorie-produit\/appret-sous-couches\/white-and-light-tones\/\" target=\"_blank\" rel=\"noopener\">White and Light Tones<\/a><\/p>\n<p>Blanc compl\u00e9mentaire :\u00a0<a href=\"https:\/\/www.sorainstyles.com\/boutique\/produit\/pointing-2003\/\" target=\"_blank\" rel=\"noopener\">Pointing<\/a><\/p>\n<h3>4 exemples d&rsquo;harmonies de couleurs avec la teinte Citron &#8211; No.74<\/h3>\n<ul>\n<li>All White No.2005 &#8211; Pointing No.2003<\/li>\n<li>Off-White No.3 &#8211; Light Gray No.17<\/li>\n<li>Railings No.31 &#8211; Down Pipe No.26<\/li>\n<li>Inchyra Blue No.289 &#8211; Selvedge No.306<\/li>\n<\/ul>\n<h3>Information produit<\/h3>\n<h4>A base d&rsquo;eau et sans danger pour les enfants<\/h4>\n<p>En 2010, Farrow &amp; Ball a \u00e9t\u00e9 les premiers du secteur \u00e0 passer \u00e0 une gamme de finitions \u00e9labor\u00e9es enti\u00e8rement \u00e0 base d\u2019eau. En effet, ces finitions \u00e0 faible teneur en COV et pratiquement sans odeur sont faciles \u00e0 nettoyer sans recourir \u00e0 des solvants nocifs.<\/p>\n<h4>Finitions de qualit\u00e9<\/h4>\n<p>Tout d&rsquo;abord, chacune de nos couleurs est disponible dans une gamme de finitions de peinture d\u2019int\u00e9rieur et d\u2019ext\u00e9rieur. Ensuite, chaque finition est test\u00e9e de mani\u00e8re rigoureuse pour garantir un fini durable et une profondeur de couleur exceptionnelle. Enfin, pour obtenir les meilleurs r\u00e9sultats, nous recommandons toujours d\u2019utiliser une Impression &amp; Sous-couche Farrow &amp; Ball &#8211; voir plus haut pour trouver la tonalit\u00e9 de couleur exacte pour cette peinture.<\/p>\n","protected":false},"excerpt":{"rendered":"<h3>Un jaune citron chaud<\/h3>\n<p>Citron est un jaune m\u00e9diterran\u00e9en chaud, particuli\u00e8rement \u00e9clatant d\u2019intensit\u00e9 dans les petits espaces. Il est plus doux dans les pi\u00e8ces bien \u00e9clair\u00e9es.<\/p>\n<p>Sous-couche recommand\u00e9e : <a href=\"https:\/\/www.sorainstyles.com\/boutique\/categorie-produit\/appret-sous-couches\/white-and-light-tones\/\" target=\"_blank\" rel=\"noopener\">White and Light Tones<\/a><\/p>\n","protected":false},"featured_media":14195,"template":"","meta":{"_acf_changed":false,"_et_pb_use_builder":"","_et_pb_old_content":"","_et_gb_content_width":""},"product_brand":[],"product_cat":[331,339,143,81],"product_tag":[763,762,406,371,366,362],"class_list":{"0":"post-2265","1":"product","2":"type-product","3":"status-publish","4":"has-post-thumbnail","6":"product_cat-clair","7":"product_cat-jaune","8":"product_cat-nuancier-actuel","9":"product_cat-peintures-de-finition","10":"product_tag-763","11":"product_tag-citron","12":"product_tag-couleur","13":"product_tag-farrow","14":"product_tag-farrowball","15":"product_tag-peinture","17":"first","18":"instock","19":"taxable","20":"shipping-taxable","21":"purchasable","22":"product-type-variable"},"acf":[],"_links":{"self":[{"href":"https:\/\/www.sorainstyles.com\/boutique\/wp-json\/wp\/v2\/product\/2265","targetHints":{"allow":["GET"]}}],"collection":[{"href":"https:\/\/www.sorainstyles.com\/boutique\/wp-json\/wp\/v2\/product"}],"about":[{"href":"https:\/\/www.sorainstyles.com\/boutique\/wp-json\/wp\/v2\/types\/product"}],"wp:featuredmedia":[{"embeddable":true,"href":"https:\/\/www.sorainstyles.com\/boutique\/wp-json\/wp\/v2\/media\/14195"}],"wp:attachment":[{"href":"https:\/\/www.sorainstyles.com\/boutique\/wp-json\/wp\/v2\/media?parent=2265"}],"wp:term":[{"taxonomy":"product_brand","embeddable":true,"href":"https:\/\/www.sorainstyles.com\/boutique\/wp-json\/wp\/v2\/product_brand?post=2265"},{"taxonomy":"product_cat","embeddable":true,"href":"https:\/\/www.sorainstyles.com\/boutique\/wp-json\/wp\/v2\/product_cat?post=2265"},{"taxonomy":"product_tag","embeddable":true,"href":"https:\/\/www.sorainstyles.com\/boutique\/wp-json\/wp\/v2\/product_tag?post=2265"}],"curies":[{"name":"wp","href":"https:\/\/api.w.org\/{rel}","templated":true}]}}