{"id":2257,"date":"2021-12-07T18:31:02","date_gmt":"2021-12-07T17:31:02","guid":{"rendered":"https:\/\/www.sorainstyles.com\/boutique\/produit\/gervase-yellow-72\/"},"modified":"2025-09-19T14:52:01","modified_gmt":"2025-09-19T12:52:01","slug":"gervase-yellow-72","status":"publish","type":"product","link":"https:\/\/www.sorainstyles.com\/boutique\/produit\/gervase-yellow-72\/","title":{"rendered":"Gervase Yellow 72"},"content":{"rendered":"<h1 class=\"product-hero__title\">Archive Collection: Gervase Yellow &#8211; No.72 de chez Farrow &amp; Ball<\/h1>\n<h2>Un jaune p\u00e2le acidul\u00e9<\/h2>\n<p>Ce jaune p\u00e2le a \u00e9t\u00e9 ainsi baptis\u00e9 en m\u00e9moire du regrett\u00e9 conseiller en architecture Gervase Jackson-Stops. De nombreux lieux historiques qui lui ont \u00e9t\u00e9 confi\u00e9s ont inspir\u00e9 notre palette de <a href=\"https:\/\/www.cotemaison.fr\/couleurs\/diaporama\/quelle-couleur-de-peinture-pour-une-petite-piece_33886.html\" target=\"_blank\" rel=\"noopener\">couleurs<\/a> par le pass\u00e9 et continuent \u00e0 l\u2019inspirer aujourd\u2019hui encore.<\/p>\n<p>Primer &amp; Undercoat recommand\u00e9e: <a href=\"https:\/\/www.sorainstyles.com\/boutique\/categorie-produit\/appret-sous-couches\/white-and-light-tones\/\" target=\"_blank\" rel=\"noopener\">White and Light Tones<\/a><\/p>\n<p>Blanc compl\u00e9mentaire:\u00a0<a href=\"https:\/\/www.sorainstyles.com\/boutique\/produit\/wimborne-white-239\/\" target=\"_blank\" rel=\"noopener\">Wimborne White<\/a><\/p>\n<h3>Exemple d&rsquo;harmonies de couleurs avec la teinte Gervase Yellow &#8211; No.72<\/h3>\n<ul>\n<li>Green Stone No.12 &#8211; Minster Green No.224<\/li>\n<\/ul>\n<h3>Information produit<\/h3>\n<h4>A base d&rsquo;eau et sans danger pour les enfants<\/h4>\n<p>En 2010, Farrow &amp; Ball a \u00e9t\u00e9 les premiers du secteur \u00e0 passer \u00e0 une gamme de finitions \u00e9labor\u00e9es enti\u00e8rement \u00e0 base d\u2019eau. En effet, ces finitions \u00e0 faible teneur en COV et pratiquement sans odeur sont faciles \u00e0 nettoyer sans recourir \u00e0 des solvants nocifs.<\/p>\n<h4>Finitions de qualit\u00e9<\/h4>\n<p>Tout d&rsquo;abord, chacune de nos couleurs est disponible dans une gamme de finitions de peinture d\u2019int\u00e9rieur et d\u2019ext\u00e9rieur. Ensuite, chaque finition est test\u00e9e de mani\u00e8re rigoureuse pour garantir un fini durable et une profondeur de couleur exceptionnelle. Enfin, pour obtenir les meilleurs r\u00e9sultats, nous recommandons toujours d\u2019utiliser une Impression &amp; Sous-couche Farrow &amp; Ball &#8211; voir plus haut pour trouver la tonalit\u00e9 de couleur exacte pour cette peinture.<\/p>\n","protected":false},"excerpt":{"rendered":"<h3>Un jaune p\u00e2le acidul\u00e9<\/h3>\n<p>Ce jaune, avec ses subtils sous-tons verts, cr\u00e9e une ambiance fra\u00eeche et apaisante, ajoutant une touche de nature et de tranquillit\u00e9 \u00e0 votre pi\u00e8ce tout en conservant une belle luminosit\u00e9.<\/p>\n<p>Sous-couche recommand\u00e9e : <a href=\"https:\/\/www.sorainstyles.com\/boutique\/categorie-produit\/appret-sous-couches\/white-and-light-tones\/\" target=\"_blank\" rel=\"noopener\">White and Light Tones<\/a><\/p>\n","protected":false},"featured_media":14103,"template":"","meta":{"_acf_changed":false,"_et_pb_use_builder":"","_et_pb_old_content":"","_et_gb_content_width":""},"product_brand":[],"product_cat":[343,331,339,81],"product_tag":[768,406,371,366,767,328,362],"class_list":{"0":"post-2257","1":"product","2":"type-product","3":"status-publish","4":"has-post-thumbnail","6":"product_cat-archive","7":"product_cat-clair","8":"product_cat-jaune","9":"product_cat-peintures-de-finition","10":"product_tag-768","11":"product_tag-couleur","12":"product_tag-farrow","13":"product_tag-farrowball","14":"product_tag-gervase-yellow","15":"product_tag-jaune","16":"product_tag-peinture","18":"first","19":"instock","20":"taxable","21":"shipping-taxable","22":"purchasable","23":"product-type-variable"},"acf":[],"_links":{"self":[{"href":"https:\/\/www.sorainstyles.com\/boutique\/wp-json\/wp\/v2\/product\/2257","targetHints":{"allow":["GET"]}}],"collection":[{"href":"https:\/\/www.sorainstyles.com\/boutique\/wp-json\/wp\/v2\/product"}],"about":[{"href":"https:\/\/www.sorainstyles.com\/boutique\/wp-json\/wp\/v2\/types\/product"}],"wp:featuredmedia":[{"embeddable":true,"href":"https:\/\/www.sorainstyles.com\/boutique\/wp-json\/wp\/v2\/media\/14103"}],"wp:attachment":[{"href":"https:\/\/www.sorainstyles.com\/boutique\/wp-json\/wp\/v2\/media?parent=2257"}],"wp:term":[{"taxonomy":"product_brand","embeddable":true,"href":"https:\/\/www.sorainstyles.com\/boutique\/wp-json\/wp\/v2\/product_brand?post=2257"},{"taxonomy":"product_cat","embeddable":true,"href":"https:\/\/www.sorainstyles.com\/boutique\/wp-json\/wp\/v2\/product_cat?post=2257"},{"taxonomy":"product_tag","embeddable":true,"href":"https:\/\/www.sorainstyles.com\/boutique\/wp-json\/wp\/v2\/product_tag?post=2257"}],"curies":[{"name":"wp","href":"https:\/\/api.w.org\/{rel}","templated":true}]}}