{"id":2254,"date":"2021-12-07T18:31:01","date_gmt":"2021-12-07T17:31:01","guid":{"rendered":"https:\/\/www.sorainstyles.com\/boutique\/produit\/pale-hound-71\/"},"modified":"2025-09-19T14:57:02","modified_gmt":"2025-09-19T12:57:02","slug":"pale-hound-71","status":"publish","type":"product","link":"https:\/\/www.sorainstyles.com\/boutique\/produit\/pale-hound-71\/","title":{"rendered":"Pale Hound 71"},"content":{"rendered":"<h1 class=\"product-hero__title\">Archive Collection : Pale Hound &#8211; No.71 de chez Farrow &amp; Ball<\/h1>\n<h2>Un jaune d\u00e9licatement vieilli<\/h2>\n<p>Ce jaune p\u00e2le d\u00e9lav\u00e9 est la version claire d\u2019une couleur Farrow &amp; Ball archiv\u00e9e : Hound Lemon. En effet, Hound Lemon fut baptis\u00e9 ainsi par le c\u00e9l\u00e8bre coloriste John Fowler. En revanche, la raison de ce nom reste inconnue aujourd\u2019hui ! La teinte No.71 &#8211; Pale Hound est du plus bel effet dans les espaces ensoleill\u00e9s o\u00f9 il prend l\u2019apparence d\u2019un <a href=\"https:\/\/www.cotemaison.fr\/couleurs\/deco-couleur-jaune-inspirations-et-conseils_29099.html\" target=\"_blank\" rel=\"noopener\">jaune<\/a> clair et d\u00e9licat, et dans les pi\u00e8ces donnant sur le jardin, o\u00f9 son fond vert semble en continuit\u00e9 avec la nature.<\/p>\n<p>Primer &amp; Undercoat recommand\u00e9e: <a href=\"https:\/\/www.sorainstyles.com\/boutique\/categorie-produit\/appret-sous-couches\/mid-tones\/\" target=\"_blank\" rel=\"noopener\">Mid Tones<\/a><\/p>\n<p>Blanc compl\u00e9mentaire :\u00a0<a href=\"https:\/\/www.sorainstyles.com\/boutique\/produit\/wimborne-white-239\/\" target=\"_blank\" rel=\"noopener\">Wimborne White<\/a><\/p>\n<h3>3 exemples d&rsquo;harmonies de couleurs avec la teinte Pale Hound &#8211; No.71<\/h3>\n<ul>\n<li>Blue Gray No.91 &#8211; Pigeon No.25<\/li>\n<li>All White No.2005 &#8211; Wimborne White No.239<\/li>\n<li>Sudbury Yellow No.51 &#8211; Tanner&rsquo;s Brown No.255<\/li>\n<\/ul>\n<h3>Information produit<\/h3>\n<h4>A base d&rsquo;eau et sans danger pour les enfants<\/h4>\n<p>En 2010, Farrow &amp; Ball a \u00e9t\u00e9 les premiers du secteur \u00e0 passer \u00e0 une gamme de finitions \u00e9labor\u00e9es enti\u00e8rement \u00e0 base d\u2019eau. En effet, ces finitions \u00e0 faible teneur en COV et pratiquement sans odeur sont faciles \u00e0 nettoyer sans recourir \u00e0 des solvants nocifs.<\/p>\n<h4>Finitions de qualit\u00e9<\/h4>\n<p>Tout d&rsquo;abord, chacune de nos couleurs est disponible dans une gamme de finitions de peinture d\u2019int\u00e9rieur et d\u2019ext\u00e9rieur. Ensuite, chaque finition est test\u00e9e de mani\u00e8re rigoureuse pour garantir un fini durable et une profondeur de couleur exceptionnelle. Enfin, pour obtenir les meilleurs r\u00e9sultats, nous recommandons toujours d\u2019utiliser une Impression &amp; Sous-couche Farrow &amp; Ball &#8211; voir plus haut pour trouver la tonalit\u00e9 de couleur exacte pour cette peinture.<\/p>\n","protected":false},"excerpt":{"rendered":"<h3>Un jaune d\u00e9licatement vieilli<\/h3>\n<p>Pale Hound est un jaune p\u00e2le d\u00e9lav\u00e9 avec un l\u00e9ger fond de vert qui se r\u00e9v\u00e8le d\u00e9licat dans les espaces ensoleill\u00e9s et s&rsquo;harmonise avec la nature dans les pi\u00e8ces donnant sur le jardin.<\/p>\n<p>Sous-couche recommand\u00e9e : <a href=\"https:\/\/www.sorainstyles.com\/boutique\/categorie-produit\/appret-sous-couches\/mid-tones\/\" target=\"_blank\" rel=\"noopener\">Mid Tones<\/a><\/p>\n","protected":false},"featured_media":14105,"template":"","meta":{"_acf_changed":false,"_et_pb_use_builder":"","_et_pb_old_content":"","_et_gb_content_width":""},"product_brand":[],"product_cat":[343,339,98,81],"product_tag":[770,406,371,366,769,362],"class_list":{"0":"post-2254","1":"product","2":"type-product","3":"status-publish","4":"has-post-thumbnail","6":"product_cat-archive","7":"product_cat-jaune","8":"product_cat-moyen","9":"product_cat-peintures-de-finition","10":"product_tag-770","11":"product_tag-couleur","12":"product_tag-farrow","13":"product_tag-farrowball","14":"product_tag-pale-hound","15":"product_tag-peinture","17":"first","18":"instock","19":"taxable","20":"shipping-taxable","21":"purchasable","22":"product-type-variable"},"acf":[],"_links":{"self":[{"href":"https:\/\/www.sorainstyles.com\/boutique\/wp-json\/wp\/v2\/product\/2254","targetHints":{"allow":["GET"]}}],"collection":[{"href":"https:\/\/www.sorainstyles.com\/boutique\/wp-json\/wp\/v2\/product"}],"about":[{"href":"https:\/\/www.sorainstyles.com\/boutique\/wp-json\/wp\/v2\/types\/product"}],"wp:featuredmedia":[{"embeddable":true,"href":"https:\/\/www.sorainstyles.com\/boutique\/wp-json\/wp\/v2\/media\/14105"}],"wp:attachment":[{"href":"https:\/\/www.sorainstyles.com\/boutique\/wp-json\/wp\/v2\/media?parent=2254"}],"wp:term":[{"taxonomy":"product_brand","embeddable":true,"href":"https:\/\/www.sorainstyles.com\/boutique\/wp-json\/wp\/v2\/product_brand?post=2254"},{"taxonomy":"product_cat","embeddable":true,"href":"https:\/\/www.sorainstyles.com\/boutique\/wp-json\/wp\/v2\/product_cat?post=2254"},{"taxonomy":"product_tag","embeddable":true,"href":"https:\/\/www.sorainstyles.com\/boutique\/wp-json\/wp\/v2\/product_tag?post=2254"}],"curies":[{"name":"wp","href":"https:\/\/api.w.org\/{rel}","templated":true}]}}