{"id":2236,"date":"2021-12-07T18:30:23","date_gmt":"2021-12-07T17:30:23","guid":{"rendered":"https:\/\/www.sorainstyles.com\/boutique\/produit\/india-yellow-66\/"},"modified":"2025-09-19T15:44:04","modified_gmt":"2025-09-19T13:44:04","slug":"india-yellow-66","status":"publish","type":"product","link":"https:\/\/www.sorainstyles.com\/boutique\/produit\/india-yellow-66\/","title":{"rendered":"India Yellow 66"},"content":{"rendered":"<h1 class=\"product-hero__title\">India Yellow &#8211; No. 66 de chez Farrow &amp; Ball<\/h1>\n<h2>Un jaune intense<\/h2>\n<p>Cette couleur est r\u00e9put\u00e9e pour porter le nom du pigment recueilli \u00e0 partir de l\u2019urine des vaches nourries de feuilles de manguier ! Il cr\u00e9e un espace tr\u00e8s douillet qui, curieusement, ne para\u00eet pas si <a href=\"https:\/\/www.cotemaison.fr\/couleurs\/le-jaune-en-deco-la-couleur-qui-reveille-mon-interieur_27704.html\" target=\"_blank\" rel=\"noopener\">jaune<\/a> que \u00e7a, lorsque la couleur y est mise en contraste avec un ton fonc\u00e9 comme Tanner&rsquo;s Brown. Il faut toutefois l\u2019utiliser avec mod\u00e9ration dans les petites pi\u00e8ces o\u00f9 son intensit\u00e9 peut \u00eatre un peu trop dominante.<\/p>\n<p>Primer &amp; Undercoat recommand\u00e9e: <a href=\"https:\/\/www.sorainstyles.com\/boutique\/categorie-produit\/appret-sous-couches\/mid-tones\/\" target=\"_blank\" rel=\"noopener\">Mid Tones<\/a><\/p>\n<p>Blanc compl\u00e9mentaire :\u00a0<a href=\"https:\/\/www.sorainstyles.com\/boutique\/produit\/new-white-59\/\" target=\"_blank\" rel=\"noopener\">New White<\/a><\/p>\n<h3>4 exemples d&rsquo;harmonies de couleurs avec la teinte India Yellow &#8211; No.66<\/h3>\n<ul>\n<li>Railings No.31 &#8211; Mole&rsquo;s Breath No.276<\/li>\n<li>Shaded White No.201 &#8211; Shadow White No.282<\/li>\n<li>Tanner&rsquo;s Brown No.255 &#8211; Off-Black No.57<\/li>\n<li>Tanner&rsquo;s Brown No.255 &#8211; Sudbury Yellow No.51<\/li>\n<\/ul>\n<h3>Information produit<\/h3>\n<h4>A base d&rsquo;eau et sans danger pour les enfants<\/h4>\n<p>En 2010, Farrow &amp; Ball a \u00e9t\u00e9 les premiers du secteur \u00e0 passer \u00e0 une gamme de finitions \u00e9labor\u00e9es enti\u00e8rement \u00e0 base d\u2019eau. En effet, ces finitions \u00e0 faible teneur en COV et pratiquement sans odeur sont faciles \u00e0 nettoyer sans recourir \u00e0 des solvants nocifs.<\/p>\n<h4>Finitions de qualit\u00e9<\/h4>\n<p>Tout d&rsquo;abord, chacune de nos couleurs est disponible dans une gamme de finitions de peinture d\u2019int\u00e9rieur et d\u2019ext\u00e9rieur. Ensuite, chaque finition est test\u00e9e de mani\u00e8re rigoureuse pour garantir un fini durable et une profondeur de couleur exceptionnelle. Enfin, pour obtenir les meilleurs r\u00e9sultats, nous recommandons toujours d\u2019utiliser une Impression &amp; Sous-couche Farrow &amp; Ball &#8211; voir plus haut pour trouver la tonalit\u00e9 de couleur exacte pour cette peinture.<\/p>\n","protected":false},"excerpt":{"rendered":"<h3 data-content-type=\"heading\" data-appearance=\"default\" data-element=\"main\">Un jaune intense<\/h3>\n<p>Ce jaune moutarde intense ne semble pas aussi jaune qu\u2019il en para\u00eet, surtout lorsqu&rsquo;il est contrast\u00e9 avec une teinte fonc\u00e9e, mais il doit \u00eatre utilis\u00e9 avec parcimonie dans les petites pi\u00e8ces o\u00f9 son intensit\u00e9 peut devenir trop dominante.<\/p>\n<p>Sous-couche recommand\u00e9e : <a href=\"https:\/\/www.sorainstyles.com\/boutique\/categorie-produit\/appret-sous-couches\/mid-tones\/\" target=\"_blank\" rel=\"noopener\">Mid Tones<\/a><\/p>\n","protected":false},"featured_media":14192,"template":"","meta":{"_acf_changed":false,"_et_pb_use_builder":"","_et_pb_old_content":"","_et_gb_content_width":""},"product_brand":[],"product_cat":[339,98,143,81],"product_tag":[780,406,371,366,779,362],"class_list":{"0":"post-2236","1":"product","2":"type-product","3":"status-publish","4":"has-post-thumbnail","6":"product_cat-jaune","7":"product_cat-moyen","8":"product_cat-nuancier-actuel","9":"product_cat-peintures-de-finition","10":"product_tag-780","11":"product_tag-couleur","12":"product_tag-farrow","13":"product_tag-farrowball","14":"product_tag-india-yellow","15":"product_tag-peinture","17":"first","18":"instock","19":"taxable","20":"shipping-taxable","21":"purchasable","22":"product-type-variable"},"acf":[],"_links":{"self":[{"href":"https:\/\/www.sorainstyles.com\/boutique\/wp-json\/wp\/v2\/product\/2236","targetHints":{"allow":["GET"]}}],"collection":[{"href":"https:\/\/www.sorainstyles.com\/boutique\/wp-json\/wp\/v2\/product"}],"about":[{"href":"https:\/\/www.sorainstyles.com\/boutique\/wp-json\/wp\/v2\/types\/product"}],"wp:featuredmedia":[{"embeddable":true,"href":"https:\/\/www.sorainstyles.com\/boutique\/wp-json\/wp\/v2\/media\/14192"}],"wp:attachment":[{"href":"https:\/\/www.sorainstyles.com\/boutique\/wp-json\/wp\/v2\/media?parent=2236"}],"wp:term":[{"taxonomy":"product_brand","embeddable":true,"href":"https:\/\/www.sorainstyles.com\/boutique\/wp-json\/wp\/v2\/product_brand?post=2236"},{"taxonomy":"product_cat","embeddable":true,"href":"https:\/\/www.sorainstyles.com\/boutique\/wp-json\/wp\/v2\/product_cat?post=2236"},{"taxonomy":"product_tag","embeddable":true,"href":"https:\/\/www.sorainstyles.com\/boutique\/wp-json\/wp\/v2\/product_tag?post=2236"}],"curies":[{"name":"wp","href":"https:\/\/api.w.org\/{rel}","templated":true}]}}