{"id":2219,"date":"2021-12-07T18:29:43","date_gmt":"2021-12-07T17:29:43","guid":{"rendered":"https:\/\/www.sorainstyles.com\/boutique\/produit\/red-earth-64\/"},"modified":"2025-10-15T12:13:36","modified_gmt":"2025-10-15T10:13:36","slug":"red-earth-64","status":"publish","type":"product","link":"https:\/\/www.sorainstyles.com\/boutique\/produit\/red-earth-64\/","title":{"rendered":"Red Earth 64"},"content":{"rendered":"<h1 class=\"product-hero__title\">Red Earth &#8211; No. 64 de chez Farrow &amp; Ball<\/h1>\n<h2>Un rouge terre-cuite chaud<\/h2>\n<p>Cette nuance claire de <a href=\"https:\/\/www.cotemaison.fr\/peintures-carrelages-papier-peint\/type-carrelage-pierre-naturelle-terre-cuite-gres_24869.html\" target=\"_blank\" rel=\"noopener\">terre-cuite<\/a> est inspir\u00e9e du sol que nous foulons.\u00a0 Il vaut mieux l\u2019utiliser dans les petits espaces. C&rsquo;est une couleur qui fluctue extraordinairement en fonction des variations de lumi\u00e8re, devenant ainsi plus intense et plus chaleureuse \u00e0 la tomb\u00e9e du jour.<\/p>\n<p>Primer &amp; Undercoat recommand\u00e9e: <a href=\"https:\/\/www.sorainstyles.com\/boutique\/categorie-produit\/appret-sous-couches\/red-and-warm-tones\/\" target=\"_blank\" rel=\"noopener\">Red and Warm Tones<\/a><\/p>\n<p>Blanc compl\u00e9mentaire :\u00a0<a href=\"https:\/\/www.sorainstyles.com\/boutique\/produit\/dimity-2008\/\" target=\"_blank\" rel=\"noopener\">Dimity<\/a><\/p>\n<h3>2 exemples d&rsquo;harmonies de couleurs avec la teinte Red Earth &#8211; No.64<\/h3>\n<ul>\n<li>Skimming Stone No.241 &#8211; Elephant&rsquo;s Breath No.229<\/li>\n<li>Green Smoke No.47 &#8211; Jitney No.293<\/li>\n<\/ul>\n<h3>Information produit<\/h3>\n<h4>A base d&rsquo;eau et sans danger pour les enfants<\/h4>\n<p>En 2010, Farrow &amp; Ball a \u00e9t\u00e9 les premiers du secteur \u00e0 passer \u00e0 une gamme de finitions \u00e9labor\u00e9es enti\u00e8rement \u00e0 base d\u2019eau. En effet, ces finitions \u00e0 faible teneur en COV et pratiquement sans odeur sont faciles \u00e0 nettoyer sans recourir \u00e0 des solvants nocifs.<\/p>\n<h4>Finitions de qualit\u00e9<\/h4>\n<p>Tout d&rsquo;abord, chacune de nos couleurs est disponible dans une gamme de finitions de peinture d\u2019int\u00e9rieur et d\u2019ext\u00e9rieur. Ensuite, chaque finition est test\u00e9e de mani\u00e8re rigoureuse pour garantir un fini durable et une profondeur de couleur exceptionnelle. Enfin, pour obtenir les meilleurs r\u00e9sultats, nous recommandons toujours d\u2019utiliser une Impression &amp; Sous-couche Farrow &amp; Ball &#8211; voir plus haut pour trouver la tonalit\u00e9 de couleur exacte pour cette peinture.<\/p>\n","protected":false},"excerpt":{"rendered":"<h3>Un rouge terre-cuite chaud<\/h3>\n<p>Red Earth, une nuance claire de terre-cuite m\u00e9langeant rouges et jaunes, apporte une touche chaleureuse et terreuse dans tous les styles d&rsquo;int\u00e9rieur, particuli\u00e8rement efficace dans les petits espaces o\u00f9 sa couleur \u00e9volue intens\u00e9ment avec la lumi\u00e8re.<\/p>\n<p>Sous-couche recommand\u00e9e : <a href=\"https:\/\/www.sorainstyles.com\/boutique\/categorie-produit\/appret-sous-couches\/red-and-warm-tones\/\" target=\"_blank\" rel=\"noopener\">Red and Warm Tones<\/a><\/p>\n","protected":false},"featured_media":14253,"template":"","meta":{"_acf_changed":false,"_et_pb_use_builder":"","_et_pb_old_content":"","_et_gb_content_width":""},"product_brand":[],"product_cat":[196,143,81,110],"product_tag":[782,406,371,366,362,781,351],"class_list":{"0":"post-2219","1":"product","2":"type-product","3":"status-publish","4":"has-post-thumbnail","6":"product_cat-intense","7":"product_cat-nuancier-actuel","8":"product_cat-peintures-de-finition","9":"product_cat-rouge","10":"product_tag-782","11":"product_tag-couleur","12":"product_tag-farrow","13":"product_tag-farrowball","14":"product_tag-peinture","15":"product_tag-red-earth","16":"product_tag-rouge","18":"first","19":"instock","20":"purchasable","21":"product-type-variable"},"acf":[],"_links":{"self":[{"href":"https:\/\/www.sorainstyles.com\/boutique\/wp-json\/wp\/v2\/product\/2219","targetHints":{"allow":["GET"]}}],"collection":[{"href":"https:\/\/www.sorainstyles.com\/boutique\/wp-json\/wp\/v2\/product"}],"about":[{"href":"https:\/\/www.sorainstyles.com\/boutique\/wp-json\/wp\/v2\/types\/product"}],"wp:featuredmedia":[{"embeddable":true,"href":"https:\/\/www.sorainstyles.com\/boutique\/wp-json\/wp\/v2\/media\/14253"}],"wp:attachment":[{"href":"https:\/\/www.sorainstyles.com\/boutique\/wp-json\/wp\/v2\/media?parent=2219"}],"wp:term":[{"taxonomy":"product_brand","embeddable":true,"href":"https:\/\/www.sorainstyles.com\/boutique\/wp-json\/wp\/v2\/product_brand?post=2219"},{"taxonomy":"product_cat","embeddable":true,"href":"https:\/\/www.sorainstyles.com\/boutique\/wp-json\/wp\/v2\/product_cat?post=2219"},{"taxonomy":"product_tag","embeddable":true,"href":"https:\/\/www.sorainstyles.com\/boutique\/wp-json\/wp\/v2\/product_tag?post=2219"}],"curies":[{"name":"wp","href":"https:\/\/api.w.org\/{rel}","templated":true}]}}