{"id":2212,"date":"2021-12-07T18:29:35","date_gmt":"2021-12-07T17:29:35","guid":{"rendered":"https:\/\/www.sorainstyles.com\/boutique\/produit\/dutch-pink-62\/"},"modified":"2025-10-15T12:18:27","modified_gmt":"2025-10-15T10:18:27","slug":"dutch-pink-62","status":"publish","type":"product","link":"https:\/\/www.sorainstyles.com\/boutique\/produit\/dutch-pink-62\/","title":{"rendered":"Dutch Pink 62"},"content":{"rendered":"<h1 class=\"product-hero__title\">Archive Collection : Dutch Pink &#8211; No.62 de chez Farrow &amp; Ball<\/h1>\n<h2>Un rose orang\u00e9 terracotta<\/h2>\n<p>Contrairement aux teintes poudreuses que nous d\u00e9finissons tous comme <a href=\"https:\/\/blogs.cotemaison.fr\/mademoiselle-cecile\/2017\/05\/12\/decoration-rose-et-chocolat-mix-detonant-a-la-mexicaine\/\" target=\"_blank\" rel=\"noopener\">roses<\/a>, cette couleur p\u00eache tire son nom du \u00ab rose hollandais \u00bb, pigment jaune d\u2019un artiste fabriqu\u00e9 \u00e0 partir d\u2019\u00e9corces ou de baies. Comme toutes nos autres couleurs, la teinte No.62 &#8211; Dutch Pink r\u00e9pond de fa\u00e7on incroyable \u00e0 la lumi\u00e8re. En effet, parfois elle parait plus orange, parfois plus jaune ou rose en fonction de la luminosit\u00e9.<\/p>\n<p>Primer &amp; Undercoat recommand\u00e9e: <a href=\"https:\/\/www.sorainstyles.com\/boutique\/impressions-sous-couches-farrow-ball\/\" target=\"_blank\" rel=\"noopener\">Mid Tones<\/a><\/p>\n<p>Blanc compl\u00e9mentaire:\u00a0<a href=\"https:\/\/www.sorainstyles.com\/boutique\/produit\/dimity-2008\/\" target=\"_blank\" rel=\"noopener\">Dimity<\/a><\/p>\n<h3>Exemple d&rsquo;harmonies de couleurs avec la teinte Dutch Pink &#8211; No.62<\/h3>\n<ul>\n<li>Single Cream No.9901 &#8211; Cola No.9918<\/li>\n<\/ul>\n<h3>Information produit<\/h3>\n<h4>A base d&rsquo;eau et sans danger pour les enfants<\/h4>\n<p>En 2010, Farrow &amp; Ball a \u00e9t\u00e9 les premiers du secteur \u00e0 passer \u00e0 une gamme de finitions \u00e9labor\u00e9es enti\u00e8rement \u00e0 base d\u2019eau. En effet, ces finitions \u00e0 faible teneur en COV et pratiquement sans odeur sont faciles \u00e0 nettoyer sans recourir \u00e0 des solvants nocifs.<\/p>\n<h4>Finitions de qualit\u00e9<\/h4>\n<p>Tout d&rsquo;abord, chacune de nos couleurs est disponible dans une gamme de finitions de peinture d\u2019int\u00e9rieur et d\u2019ext\u00e9rieur. Ensuite, chaque finition est test\u00e9e de mani\u00e8re rigoureuse pour garantir un fini durable et une profondeur de couleur exceptionnelle. Enfin, pour obtenir les meilleurs r\u00e9sultats, nous recommandons toujours d\u2019utiliser une Impression &amp; Sous-couche Farrow &amp; Ball &#8211; voir plus haut pour trouver la tonalit\u00e9 de couleur exacte pour cette peinture.<\/p>\n","protected":false},"excerpt":{"rendered":"<h3>Un rose orang\u00e9 terracotta<\/h3>\n<p>Contrairement aux teintes poudreuses typiquement consid\u00e9r\u00e9es comme roses, cette couleur p\u00eache, inspir\u00e9e du \u00ab rose hollandais \u00bb r\u00e9agit magnifiquement \u00e0 la lumi\u00e8re, apparaissant tant\u00f4t orange, jaune ou rose selon l\u2019intensit\u00e9 de la luminosit\u00e9.<\/p>\n<p>Sous-couche recommand\u00e9e : <a href=\"https:\/\/www.sorainstyles.com\/boutique\/categorie-produit\/appret-sous-couches\/mid-tones\/\" target=\"_blank\" rel=\"noopener\">Mid Tones<\/a><\/p>\n","protected":false},"featured_media":14117,"template":"","meta":{"_acf_changed":false,"_et_pb_use_builder":"","_et_pb_old_content":"","_et_gb_content_width":""},"product_brand":[],"product_cat":[343,331,81,110],"product_tag":[786,406,785,371,366,362,351],"class_list":{"0":"post-2212","1":"product","2":"type-product","3":"status-publish","4":"has-post-thumbnail","6":"product_cat-archive","7":"product_cat-clair","8":"product_cat-peintures-de-finition","9":"product_cat-rouge","10":"product_tag-786","11":"product_tag-couleur","12":"product_tag-dutch-pink","13":"product_tag-farrow","14":"product_tag-farrowball","15":"product_tag-peinture","16":"product_tag-rouge","18":"first","19":"instock","20":"taxable","21":"shipping-taxable","22":"purchasable","23":"product-type-variable"},"acf":[],"_links":{"self":[{"href":"https:\/\/www.sorainstyles.com\/boutique\/wp-json\/wp\/v2\/product\/2212","targetHints":{"allow":["GET"]}}],"collection":[{"href":"https:\/\/www.sorainstyles.com\/boutique\/wp-json\/wp\/v2\/product"}],"about":[{"href":"https:\/\/www.sorainstyles.com\/boutique\/wp-json\/wp\/v2\/types\/product"}],"wp:featuredmedia":[{"embeddable":true,"href":"https:\/\/www.sorainstyles.com\/boutique\/wp-json\/wp\/v2\/media\/14117"}],"wp:attachment":[{"href":"https:\/\/www.sorainstyles.com\/boutique\/wp-json\/wp\/v2\/media?parent=2212"}],"wp:term":[{"taxonomy":"product_brand","embeddable":true,"href":"https:\/\/www.sorainstyles.com\/boutique\/wp-json\/wp\/v2\/product_brand?post=2212"},{"taxonomy":"product_cat","embeddable":true,"href":"https:\/\/www.sorainstyles.com\/boutique\/wp-json\/wp\/v2\/product_cat?post=2212"},{"taxonomy":"product_tag","embeddable":true,"href":"https:\/\/www.sorainstyles.com\/boutique\/wp-json\/wp\/v2\/product_tag?post=2212"}],"curies":[{"name":"wp","href":"https:\/\/api.w.org\/{rel}","templated":true}]}}