{"id":2203,"date":"2021-12-07T18:29:29","date_gmt":"2021-12-07T17:29:29","guid":{"rendered":"https:\/\/www.sorainstyles.com\/boutique\/produit\/smoked-trout-60\/"},"modified":"2025-10-19T16:24:22","modified_gmt":"2025-10-19T14:24:22","slug":"smoked-trout-60","status":"publish","type":"product","link":"https:\/\/www.sorainstyles.com\/boutique\/produit\/smoked-trout-60\/","title":{"rendered":"Smoked Trout 60"},"content":{"rendered":"<h1 class=\"product-hero__title\">Archive Collection : Smoked Trout &#8211; No. 60<\/h1>\n<h2>Un beige taup\u00e9<\/h2>\n<p>Le nom de cette couleur classique de Farrow &amp; Ball (\u00ab truite fum\u00e9e \u00bb en anglais) ne n\u00e9cessite aucune explication ! Charg\u00e9e de riches pigments, la teinte No.60 &#8211; Smoked Trout est une tonalit\u00e9 champignon fonc\u00e9 qui alterne entre un <a href=\"https:\/\/www.cotemaison.fr\/chambre-et-bureau\/diaporama\/peinture-couleur-taupe-inspirations-pour-la-chambre-a-coucher_32463.html\" target=\"_blank\" rel=\"noopener\">taupe<\/a> ros\u00e9 et un beige assourdi en fonction de la luminosit\u00e9. Avec sa profondeur magique et surann\u00e9e, il d\u00e9gage un c\u00f4t\u00e9 romantique partout o\u00f9 il se trouve.<\/p>\n<p>Primer &amp; Undercoat recommand\u00e9e: <a href=\"https:\/\/www.sorainstyles.com\/boutique\/categorie-produit\/appret-sous-couches\/mid-tones\/\" target=\"_blank\" rel=\"noopener\">Mid Tones<\/a><\/p>\n<p>Blanc compl\u00e9mentaire:\u00a0<a href=\"https:\/\/www.sorainstyles.com\/boutique\/produit\/dimity-2008\/\" target=\"_blank\" rel=\"noopener\">Dimity<\/a><\/p>\n<h3>4 exemples d&rsquo;harmonies de couleurs avec la teinte Smoked Trout &#8211; No.60<\/h3>\n<ul>\n<li>Lichen No.19 &#8211; Oval Room Blue No.85<\/li>\n<li>Paean Black No.294 &#8211; Charleston Gray No.243<\/li>\n<li>Green Blue No.84 &#8211; Railings No.31<\/li>\n<li>Dimity No.2008 &#8211; Skimming Stone No.241<\/li>\n<li>Oxford Stone No.264 &#8211; Joa&rsquo;s White No.226<\/li>\n<\/ul>\n<h3>Information produit<\/h3>\n<h4>A base d&rsquo;eau et sans danger pour les enfants<\/h4>\n<p>En 2010, Farrow &amp; Ball a \u00e9t\u00e9 les premiers du secteur \u00e0 passer \u00e0 une gamme de finitions \u00e9labor\u00e9es enti\u00e8rement \u00e0 base d\u2019eau. En effet, ces finitions \u00e0 faible teneur en COV et pratiquement sans odeur sont faciles \u00e0 nettoyer sans recourir \u00e0 des solvants nocifs.<\/p>\n<h4>Finitions de qualit\u00e9<\/h4>\n<p>Tout d&rsquo;abord, chacune de nos couleurs est disponible dans une gamme de finitions de peinture d\u2019int\u00e9rieur et d\u2019ext\u00e9rieur. Ensuite, chaque finition est test\u00e9e de mani\u00e8re rigoureuse pour garantir un fini durable et une profondeur de couleur exceptionnelle. Enfin, pour obtenir les meilleurs r\u00e9sultats, nous recommandons toujours d\u2019utiliser une Impression &amp; Sous-couche Farrow &amp; Ball &#8211; voir plus haut pour trouver la tonalit\u00e9 de couleur exacte pour cette peinture.<\/p>\n","protected":false},"excerpt":{"rendered":"<h3>Un beige taup\u00e9<\/h3>\n<p>Smoked Trout est un taupe ros\u00e9 et beige assourdi selon la luminosit\u00e9, offrant une profondeur romantique et nostalgique dans tous les espaces.<\/p>\n<p>Sous-couche recommand\u00e9e : <a href=\"https:\/\/www.sorainstyles.com\/boutique\/categorie-produit\/appret-sous-couches\/mid-tones\/\" target=\"_blank\" rel=\"noopener\">Mid Tones<\/a><\/p>\n","protected":false},"featured_media":14121,"template":"","meta":{"_acf_changed":false,"_et_pb_use_builder":"","_et_pb_old_content":"","_et_gb_content_width":""},"product_brand":[],"product_cat":[343,331,139,81,110],"product_tag":[790,406,371,366,362,351,789],"class_list":{"0":"post-2203","1":"product","2":"type-product","3":"status-publish","4":"has-post-thumbnail","6":"product_cat-archive","7":"product_cat-clair","8":"product_cat-liberty-collection","9":"product_cat-peintures-de-finition","10":"product_cat-rouge","11":"product_tag-790","12":"product_tag-couleur","13":"product_tag-farrow","14":"product_tag-farrowball","15":"product_tag-peinture","16":"product_tag-rouge","17":"product_tag-smoked-trout","19":"first","20":"instock","21":"taxable","22":"shipping-taxable","23":"purchasable","24":"product-type-variable"},"acf":[],"_links":{"self":[{"href":"https:\/\/www.sorainstyles.com\/boutique\/wp-json\/wp\/v2\/product\/2203","targetHints":{"allow":["GET"]}}],"collection":[{"href":"https:\/\/www.sorainstyles.com\/boutique\/wp-json\/wp\/v2\/product"}],"about":[{"href":"https:\/\/www.sorainstyles.com\/boutique\/wp-json\/wp\/v2\/types\/product"}],"wp:featuredmedia":[{"embeddable":true,"href":"https:\/\/www.sorainstyles.com\/boutique\/wp-json\/wp\/v2\/media\/14121"}],"wp:attachment":[{"href":"https:\/\/www.sorainstyles.com\/boutique\/wp-json\/wp\/v2\/media?parent=2203"}],"wp:term":[{"taxonomy":"product_brand","embeddable":true,"href":"https:\/\/www.sorainstyles.com\/boutique\/wp-json\/wp\/v2\/product_brand?post=2203"},{"taxonomy":"product_cat","embeddable":true,"href":"https:\/\/www.sorainstyles.com\/boutique\/wp-json\/wp\/v2\/product_cat?post=2203"},{"taxonomy":"product_tag","embeddable":true,"href":"https:\/\/www.sorainstyles.com\/boutique\/wp-json\/wp\/v2\/product_tag?post=2203"}],"curies":[{"name":"wp","href":"https:\/\/api.w.org\/{rel}","templated":true}]}}