{"id":2200,"date":"2021-12-07T18:29:28","date_gmt":"2021-12-07T17:29:28","guid":{"rendered":"https:\/\/www.sorainstyles.com\/boutique\/produit\/new-white-59\/"},"modified":"2026-01-29T13:45:37","modified_gmt":"2026-01-29T12:45:37","slug":"new-white-59","status":"publish","type":"product","link":"https:\/\/www.sorainstyles.com\/boutique\/produit\/new-white-59\/","title":{"rendered":"New White 59"},"content":{"rendered":"<h1 class=\"product-hero__title\">New White &#8211; No. 59 de chez Farrow &amp; Ball<\/h1>\n<h2>Un ton cr\u00e8me frais<\/h2>\n<p>En effet, elle est particuli\u00e8rement belle dans une <a href=\"https:\/\/www.cotemaison.fr\/cuisine\/diaporama\/quelles-sont-les-couleurs-tendance-pour-la-cuisine_34378.html\" target=\"_blank\" rel=\"noopener\">cuisine<\/a> traditionnelle combin\u00e9e \u00e0 Matchstick ou String. La teinte No.59 &#8211; New White peut aussi sembler plus laiteuse si elle est contrast\u00e9e avec White Tie, ou plus pure appliqu\u00e9e avec India Yellow.<\/p>\n<p>Primer &amp; Undercoat recommand\u00e9e: <a href=\"https:\/\/www.sorainstyles.com\/boutique\/categorie-produit\/appret-sous-couches\/white-and-light-tones\/\" target=\"_blank\" rel=\"noopener\">White and Light Tones<\/a><\/p>\n<p>Blanc compl\u00e9mentaire :\u00a0<a href=\"https:\/\/www.sorainstyles.com\/boutique\/produit\/white-tie-2002\/\" target=\"_blank\" rel=\"noopener\">White Tie<\/a><\/p>\n<h3>5 exemples d&rsquo;harmonies de couleurs avec la teinte New White &#8211; No.59<\/h3>\n<ul>\n<li>Vardo No.288 &#8211; India Yellow No.66<\/li>\n<li>White Tie No.2002 &#8211; Matchstick No.2013<\/li>\n<li>String No.8 &#8211; Cord No.16<\/li>\n<li>Farrow&rsquo;s Cream No.67 &#8211; Dorset Cream No.68<\/li>\n<li>India Yellow No.66 &#8211; Tanner&rsquo;s Brown No.255<\/li>\n<\/ul>\n<h3>Information produit<\/h3>\n<h4>A base d&rsquo;eau et sans danger pour les enfants<\/h4>\n<p>En 2010, Farrow &amp; Ball a \u00e9t\u00e9 les premiers du secteur \u00e0 passer \u00e0 une gamme de finitions \u00e9labor\u00e9es enti\u00e8rement \u00e0 base d\u2019eau. En effet, ces finitions \u00e0 faible teneur en COV et pratiquement sans odeur sont faciles \u00e0 nettoyer sans recourir \u00e0 des solvants nocifs.<\/p>\n<h4>Finitions de qualit\u00e9<\/h4>\n<p>Tout d&rsquo;abord, chacune de nos couleurs est disponible dans une gamme de finitions de peinture d\u2019int\u00e9rieur et d\u2019ext\u00e9rieur. Ensuite, chaque finition est test\u00e9e de mani\u00e8re rigoureuse pour garantir un fini durable et une profondeur de couleur exceptionnelle. Enfin, pour obtenir les meilleurs r\u00e9sultats, nous recommandons toujours d\u2019utiliser une Impression &amp; Sous-couche Farrow &amp; Ball &#8211; voir plus haut pour trouver la tonalit\u00e9 de couleur exacte pour cette peinture.<\/p>\n","protected":false},"excerpt":{"rendered":"<h3>Un ton cr\u00e8me frais<\/h3>\n<p>New White est un ton cr\u00e9meux qui apporte de la chaleur et une subtile luminosit\u00e9 \u00e0 n\u2019importe quelle pi\u00e8ce.<\/p>\n<p>Sous-couche recommand\u00e9e : <a href=\"https:\/\/www.sorainstyles.com\/boutique\/categorie-produit\/appret-sous-couches\/white-and-light-tones\/\" target=\"_blank\" rel=\"noopener\">White and Light Tones<\/a><\/p>\n","protected":false},"featured_media":14287,"template":"","meta":{"_acf_changed":false,"_et_pb_use_builder":"","_et_pb_old_content":"","_et_gb_content_width":""},"product_brand":[],"product_cat":[331,329,143,81],"product_tag":[792,406,371,366,791,362],"class_list":{"0":"post-2200","1":"product","2":"type-product","3":"status-publish","4":"has-post-thumbnail","6":"product_cat-clair","7":"product_cat-neutre","8":"product_cat-nuancier-actuel","9":"product_cat-peintures-de-finition","10":"product_tag-792","11":"product_tag-couleur","12":"product_tag-farrow","13":"product_tag-farrowball","14":"product_tag-new-white","15":"product_tag-peinture","17":"first","18":"instock","19":"taxable","20":"shipping-taxable","21":"purchasable","22":"product-type-variable"},"acf":[],"_links":{"self":[{"href":"https:\/\/www.sorainstyles.com\/boutique\/wp-json\/wp\/v2\/product\/2200","targetHints":{"allow":["GET"]}}],"collection":[{"href":"https:\/\/www.sorainstyles.com\/boutique\/wp-json\/wp\/v2\/product"}],"about":[{"href":"https:\/\/www.sorainstyles.com\/boutique\/wp-json\/wp\/v2\/types\/product"}],"wp:featuredmedia":[{"embeddable":true,"href":"https:\/\/www.sorainstyles.com\/boutique\/wp-json\/wp\/v2\/media\/14287"}],"wp:attachment":[{"href":"https:\/\/www.sorainstyles.com\/boutique\/wp-json\/wp\/v2\/media?parent=2200"}],"wp:term":[{"taxonomy":"product_brand","embeddable":true,"href":"https:\/\/www.sorainstyles.com\/boutique\/wp-json\/wp\/v2\/product_brand?post=2200"},{"taxonomy":"product_cat","embeddable":true,"href":"https:\/\/www.sorainstyles.com\/boutique\/wp-json\/wp\/v2\/product_cat?post=2200"},{"taxonomy":"product_tag","embeddable":true,"href":"https:\/\/www.sorainstyles.com\/boutique\/wp-json\/wp\/v2\/product_tag?post=2200"}],"curies":[{"name":"wp","href":"https:\/\/api.w.org\/{rel}","templated":true}]}}