{"id":2197,"date":"2021-12-07T18:29:24","date_gmt":"2021-12-07T17:29:24","guid":{"rendered":"https:\/\/www.sorainstyles.com\/boutique\/produit\/wall-white-58\/"},"modified":"2025-10-07T13:24:04","modified_gmt":"2025-10-07T11:24:04","slug":"wall-white-58","status":"publish","type":"product","link":"https:\/\/www.sorainstyles.com\/boutique\/produit\/wall-white-58\/","title":{"rendered":"Wall White 58"},"content":{"rendered":"<h1 class=\"product-hero__title\">Archive Collection : Wall White &#8211; No. 58<\/h1>\n<h2>Une variante des neutres traditionnels<\/h2>\n<p>Cette teinte constitue une couleur de mur magnifique pour une pi\u00e8ce <a href=\"https:\/\/www.cotemaison.fr\/atelier-deco\/peindre-une-piece-en-blanc-conseils-pratique_24747.html\" target=\"_blank\" rel=\"noopener\">blanche<\/a>. En effet<a href=\"https:\/\/www.cotemaison.fr\/atelier-deco\/peindre-une-piece-en-blanc-conseils-pratique_24747.html\" target=\"_blank\" rel=\"noopener\">, <\/a>surtout si vous l&rsquo;utilisez en association avec des couleurs de plafond et de boiseries s\u00e9lectionn\u00e9es dans notre groupe de neutres traditionnels. La teinte No.58 &#8211; Wall White est un neutre admirablement \u00e9l\u00e9gant l\u00e9g\u00e8rement plus teint\u00e9 que Old White.<\/p>\n<p>Primer &amp; Undercoat recommand\u00e9e: <a href=\"https:\/\/www.sorainstyles.com\/boutique\/categorie-produit\/appret-sous-couches\/mid-tones\/\" target=\"_blank\" rel=\"noopener\">Mid Tones<\/a><\/p>\n<p>Blanc compl\u00e9mentaire:\u00a0<a href=\"https:\/\/www.sorainstyles.com\/boutique\/produit\/slipper-satin-2004\/\" target=\"_blank\" rel=\"noopener\">Slipper Satin<\/a><\/p>\n<h3>Exemple d&rsquo;harmonies de couleurs avec la teinte Wall White &#8211; No.58<\/h3>\n<ul>\n<li>Off-White No.3 &#8211; Treron No.292<\/li>\n<\/ul>\n<h3>Information produit<\/h3>\n<h4>A base d&rsquo;eau et sans danger pour les enfants<\/h4>\n<p>En 2010, Farrow &amp; Ball a \u00e9t\u00e9 les premiers du secteur \u00e0 passer \u00e0 une gamme de finitions \u00e9labor\u00e9es enti\u00e8rement \u00e0 base d\u2019eau. En effet, ces finitions \u00e0 faible teneur en COV et pratiquement sans odeur sont faciles \u00e0 nettoyer sans recourir \u00e0 des solvants nocifs.<\/p>\n<h4>Finitions de qualit\u00e9<\/h4>\n<p>Tout d&rsquo;abord, chacune de nos couleurs est disponible dans une gamme de finitions de peinture d\u2019int\u00e9rieur et d\u2019ext\u00e9rieur. Ensuite, chaque finition est test\u00e9e de mani\u00e8re rigoureuse pour garantir un fini durable et une profondeur de couleur exceptionnelle. Enfin, pour obtenir les meilleurs r\u00e9sultats, nous recommandons toujours d\u2019utiliser une Impression &amp; Sous-couche Farrow &amp; Ball &#8211; voir plus haut pour trouver la tonalit\u00e9 de couleur exacte pour cette peinture.<\/p>\n<p>&nbsp;<\/p>\n","protected":false},"excerpt":{"rendered":"<h3>Une variante des neutres traditionnels<\/h3>\n<p>Fawn est notre version moderne d&rsquo;un beige classique. Cette teinte polyvalente s&rsquo;adapte \u00e0 toutes les pi\u00e8ces de votre int\u00e9rieur.<\/p>\n<p>Sous-couche recommand\u00e9e : <a href=\"https:\/\/www.sorainstyles.com\/boutique\/categorie-produit\/appret-sous-couches\/mid-tones\/\" target=\"_blank\" rel=\"noopener\">Mid Tones<\/a><\/p>\n","protected":false},"featured_media":14158,"template":"","meta":{"_acf_changed":false,"_et_pb_use_builder":"","_et_pb_old_content":"","_et_gb_content_width":""},"product_brand":[],"product_cat":[343,331,329,81],"product_tag":[794,406,371,366,362,793],"class_list":{"0":"post-2197","1":"product","2":"type-product","3":"status-publish","4":"has-post-thumbnail","6":"product_cat-archive","7":"product_cat-clair","8":"product_cat-neutre","9":"product_cat-peintures-de-finition","10":"product_tag-794","11":"product_tag-couleur","12":"product_tag-farrow","13":"product_tag-farrowball","14":"product_tag-peinture","15":"product_tag-wall-white","17":"first","18":"instock","19":"taxable","20":"shipping-taxable","21":"purchasable","22":"product-type-variable"},"acf":[],"_links":{"self":[{"href":"https:\/\/www.sorainstyles.com\/boutique\/wp-json\/wp\/v2\/product\/2197","targetHints":{"allow":["GET"]}}],"collection":[{"href":"https:\/\/www.sorainstyles.com\/boutique\/wp-json\/wp\/v2\/product"}],"about":[{"href":"https:\/\/www.sorainstyles.com\/boutique\/wp-json\/wp\/v2\/types\/product"}],"wp:featuredmedia":[{"embeddable":true,"href":"https:\/\/www.sorainstyles.com\/boutique\/wp-json\/wp\/v2\/media\/14158"}],"wp:attachment":[{"href":"https:\/\/www.sorainstyles.com\/boutique\/wp-json\/wp\/v2\/media?parent=2197"}],"wp:term":[{"taxonomy":"product_brand","embeddable":true,"href":"https:\/\/www.sorainstyles.com\/boutique\/wp-json\/wp\/v2\/product_brand?post=2197"},{"taxonomy":"product_cat","embeddable":true,"href":"https:\/\/www.sorainstyles.com\/boutique\/wp-json\/wp\/v2\/product_cat?post=2197"},{"taxonomy":"product_tag","embeddable":true,"href":"https:\/\/www.sorainstyles.com\/boutique\/wp-json\/wp\/v2\/product_tag?post=2197"}],"curies":[{"name":"wp","href":"https:\/\/api.w.org\/{rel}","templated":true}]}}