{"id":2168,"date":"2021-12-07T18:28:03","date_gmt":"2021-12-07T17:28:03","guid":{"rendered":"https:\/\/www.sorainstyles.com\/boutique\/produit\/cane-53\/"},"modified":"2025-09-29T18:12:20","modified_gmt":"2025-09-29T16:12:20","slug":"cane-53","status":"publish","type":"product","link":"https:\/\/www.sorainstyles.com\/boutique\/produit\/cane-53\/","title":{"rendered":"Cane 53"},"content":{"rendered":"<h2>Cane &#8211; No.53 de chez Farrow &amp; Ball<\/h2>\n<h2>Un ocre jaune \u00e0 base terreuse<\/h2>\n<p>La teinte No.53 &#8211; Cane est un jaune admirablement terreux. Cette couleur renvoie une luminosit\u00e9 \u00e9tonnante sous un \u00e9clairage artificiel. En revanche, elle est\u00a0moins intense que India Yellow et l\u00e9g\u00e8rement moins orang\u00e9 que la teinte Sand.<\/p>\n<p>Primer &amp; Undercoat recommand\u00e9e: <a href=\"https:\/\/www.sorainstyles.com\/boutique\/impressions-sous-couches-farrow-ball\/\">Red &amp; Warm Tones<\/a><\/p>\n<p>Blanc compl\u00e9mentaire : <a href=\"https:\/\/www.sorainstyles.com\/boutique\/produit\/slipper-satin-2004\/\" target=\"_blank\" rel=\"noopener\">Slipper Satin No.2004<\/a><\/p>\n<p><b>Exemple d\u2019harmonie de couleurs avec la teinte Light Blue \u2013 No.22<\/b><\/p>\n<ul>\n<li>Railings No.30 &#8211; Calke Green No.34<\/li>\n<li>Ball Green No.75 &#8211; Farrow&rsquo;s Cream No.67<\/li>\n<li>Studio Green No.93 &#8211; Dorset Cream No.68<\/li>\n<\/ul>\n<h3>Information produit<\/h3>\n<h4>A base d&rsquo;eau et sans danger pour les enfants<\/h4>\n<p>En 2010, Farrow &amp; Ball a \u00e9t\u00e9 les premiers du secteur \u00e0 passer \u00e0 une gamme de finitions \u00e9labor\u00e9es enti\u00e8rement \u00e0 base d\u2019eau. En effet, ces finitions \u00e0 faible teneur en COV et pratiquement sans odeur sont faciles \u00e0 nettoyer sans recourir \u00e0 des solvants nocifs.<\/p>\n<h4>Finitions de qualit\u00e9<\/h4>\n<p>Tout d&rsquo;abord, chacune de nos couleurs est disponible dans une gamme de finitions de peinture d\u2019int\u00e9rieur et d\u2019ext\u00e9rieur. Ensuite, chaque finition est test\u00e9e de mani\u00e8re rigoureuse pour garantir un fini durable et une profondeur de couleur exceptionnelle. Enfin, pour obtenir les meilleurs r\u00e9sultats, nous recommandons toujours d\u2019utiliser une Impression &amp; Sous-couche Farrow &amp; Ball &#8211; voir plus haut pour trouver la tonalit\u00e9 de couleur exacte pour cette peinture.<\/p>\n","protected":false},"excerpt":{"rendered":"<h3>Un ocre jaune \u00e0 base terreuse<\/h3>\n<p>Cane est un jaune terreux qui poss\u00e8de tr\u00e8s peu de sous-tons orange. Cette couleur r\u00e9v\u00e8le une luminosit\u00e9 \u00e9tonnante sous un \u00e9clairage artificiel.<\/p>\n<p>Sous-couche recommand\u00e9e : <a href=\"https:\/\/www.sorainstyles.com\/boutique\/categorie-produit\/appret-sous-couches\/red-and-warm-tones\/\" target=\"_blank\" rel=\"noopener\">Red and Warm Tones<\/a><\/p>\n","protected":false},"featured_media":14089,"template":"","meta":{"_acf_changed":false,"_et_pb_use_builder":"","_et_pb_old_content":"","_et_gb_content_width":""},"product_brand":[],"product_cat":[343,339,139,98,81],"product_tag":[946,944,945,406,371,415,366,362],"class_list":{"0":"post-2168","1":"product","2":"type-product","3":"status-publish","4":"has-post-thumbnail","6":"product_cat-archive","7":"product_cat-jaune","8":"product_cat-liberty-collection","9":"product_cat-moyen","10":"product_cat-peintures-de-finition","11":"product_tag-946","12":"product_tag-cane","13":"product_tag-cane-53","14":"product_tag-couleur","15":"product_tag-farrow","16":"product_tag-farrow-ball","17":"product_tag-farrowball","18":"product_tag-peinture","20":"first","21":"instock","22":"taxable","23":"shipping-taxable","24":"purchasable","25":"product-type-variable"},"acf":[],"_links":{"self":[{"href":"https:\/\/www.sorainstyles.com\/boutique\/wp-json\/wp\/v2\/product\/2168","targetHints":{"allow":["GET"]}}],"collection":[{"href":"https:\/\/www.sorainstyles.com\/boutique\/wp-json\/wp\/v2\/product"}],"about":[{"href":"https:\/\/www.sorainstyles.com\/boutique\/wp-json\/wp\/v2\/types\/product"}],"wp:featuredmedia":[{"embeddable":true,"href":"https:\/\/www.sorainstyles.com\/boutique\/wp-json\/wp\/v2\/media\/14089"}],"wp:attachment":[{"href":"https:\/\/www.sorainstyles.com\/boutique\/wp-json\/wp\/v2\/media?parent=2168"}],"wp:term":[{"taxonomy":"product_brand","embeddable":true,"href":"https:\/\/www.sorainstyles.com\/boutique\/wp-json\/wp\/v2\/product_brand?post=2168"},{"taxonomy":"product_cat","embeddable":true,"href":"https:\/\/www.sorainstyles.com\/boutique\/wp-json\/wp\/v2\/product_cat?post=2168"},{"taxonomy":"product_tag","embeddable":true,"href":"https:\/\/www.sorainstyles.com\/boutique\/wp-json\/wp\/v2\/product_tag?post=2168"}],"curies":[{"name":"wp","href":"https:\/\/api.w.org\/{rel}","templated":true}]}}