{"id":2152,"date":"2021-12-07T18:27:53","date_gmt":"2021-12-07T17:27:53","guid":{"rendered":"https:\/\/www.sorainstyles.com\/boutique\/produit\/porphyry-pink-49\/"},"modified":"2025-10-15T12:23:01","modified_gmt":"2025-10-15T10:23:01","slug":"porphyry-pink-49","status":"publish","type":"product","link":"https:\/\/www.sorainstyles.com\/boutique\/produit\/porphyry-pink-49\/","title":{"rendered":"Porphyry Pink 49"},"content":{"rendered":"<h2>Porphyry Pink &#8211; No.49 de chez Farrow &amp; Ball<\/h2>\n<h2>Un rose couleur du prophyre<\/h2>\n<p>La teinte No.49 &#8211; Porphyry Pink est un rose discret. Cette teinte s\u2019inspire des palettes de couleurs de l\u2019\u00e9poque R\u00e9gence. Anciennement, elle \u00e9tait utilis\u00e9e pour reproduire les d\u00e9tails architecturaux cr\u00e9\u00e9s dans le porphyre, une roche noire tr\u00e8s appr\u00e9ci\u00e9e des Romains. En revanche, aujourd&rsquo;hui, cette couleur est parfaitement \u00e0 sa place dans des combinaisons modernes. En effet, elle est id\u00e9ale comme alternative l\u00e9g\u00e8rement plus rose \u00e0 la teinte terracotta.<\/p>\n<p>Primer &amp; Undercoat recommand\u00e9e: <a href=\"https:\/\/www.sorainstyles.com\/boutique\/impressions-sous-couches-farrow-ball\/\">Red &amp; Warm Tones<\/a><\/p>\n<p>Blanc compl\u00e9mentaire : <a href=\"https:\/\/www.sorainstyles.com\/boutique\/produit\/dimity-2008\/\" target=\"_blank\" rel=\"noopener\">Dimity &#8211; No.2008<\/a><\/p>\n<h3>Exemple d\u2019harmonie de couleurs avec la teinte Porphyry Pink \u2013 No.49<\/h3>\n<ul>\n<li>Ringwold Ground No.208 &#8211; Green Smoke No.47<\/li>\n<\/ul>\n<h3>Information produit<\/h3>\n<h4>A base d&rsquo;eau et sans danger pour les enfants<\/h4>\n<p>En 2010, Farrow &amp; Ball a \u00e9t\u00e9 les premiers du secteur \u00e0 passer \u00e0 une gamme de finitions \u00e9labor\u00e9es enti\u00e8rement \u00e0 base d\u2019eau. En effet, ces finitions \u00e0 faible teneur en COV et pratiquement sans odeur sont faciles \u00e0 nettoyer sans recourir \u00e0 des solvants nocifs.<\/p>\n<h4>Finitions de qualit\u00e9<\/h4>\n<p>Tout d&rsquo;abord, chacune de nos couleurs est disponible dans une gamme de finitions de peinture d\u2019int\u00e9rieur et d\u2019ext\u00e9rieur. Ensuite, chaque finition est test\u00e9e de mani\u00e8re rigoureuse pour garantir un fini durable et une profondeur de couleur exceptionnelle. Enfin, pour obtenir les meilleurs r\u00e9sultats, nous recommandons toujours d\u2019utiliser une Impression &amp; Sous-couche Farrow &amp; Ball &#8211; voir plus haut pour trouver la tonalit\u00e9 de couleur exacte pour cette peinture.<\/p>\n","protected":false},"excerpt":{"rendered":"<h3>Un rose couleur du prophyre<\/h3>\n<p>Ce rose discret est une alternative l\u00e9g\u00e8rement plus rose au terracotta. Cette couleur conviendra \u00e0 tous styles d\u2019int\u00e9rieurs.<\/p>\n<p>Sous-couche recommand\u00e9e : <a href=\"https:\/\/www.sorainstyles.com\/boutique\/categorie-produit\/appret-sous-couches\/red-and-warm-tones\/\" target=\"_blank\" rel=\"noopener\">Red and Warm Tones<\/a><\/p>\n","protected":false},"featured_media":14110,"template":"","meta":{"_acf_changed":false,"_et_pb_use_builder":"","_et_pb_old_content":"","_et_gb_content_width":""},"product_brand":[],"product_cat":[343,98,81,110],"product_tag":[957,406,371,415,366,362,955,956,351],"class_list":{"0":"post-2152","1":"product","2":"type-product","3":"status-publish","4":"has-post-thumbnail","6":"product_cat-archive","7":"product_cat-moyen","8":"product_cat-peintures-de-finition","9":"product_cat-rouge","10":"product_tag-957","11":"product_tag-couleur","12":"product_tag-farrow","13":"product_tag-farrow-ball","14":"product_tag-farrowball","15":"product_tag-peinture","16":"product_tag-porphyry-pink","17":"product_tag-porphyry-pink-49","18":"product_tag-rouge","20":"first","21":"instock","22":"taxable","23":"shipping-taxable","24":"purchasable","25":"product-type-variable"},"acf":[],"_links":{"self":[{"href":"https:\/\/www.sorainstyles.com\/boutique\/wp-json\/wp\/v2\/product\/2152","targetHints":{"allow":["GET"]}}],"collection":[{"href":"https:\/\/www.sorainstyles.com\/boutique\/wp-json\/wp\/v2\/product"}],"about":[{"href":"https:\/\/www.sorainstyles.com\/boutique\/wp-json\/wp\/v2\/types\/product"}],"wp:featuredmedia":[{"embeddable":true,"href":"https:\/\/www.sorainstyles.com\/boutique\/wp-json\/wp\/v2\/media\/14110"}],"wp:attachment":[{"href":"https:\/\/www.sorainstyles.com\/boutique\/wp-json\/wp\/v2\/media?parent=2152"}],"wp:term":[{"taxonomy":"product_brand","embeddable":true,"href":"https:\/\/www.sorainstyles.com\/boutique\/wp-json\/wp\/v2\/product_brand?post=2152"},{"taxonomy":"product_cat","embeddable":true,"href":"https:\/\/www.sorainstyles.com\/boutique\/wp-json\/wp\/v2\/product_cat?post=2152"},{"taxonomy":"product_tag","embeddable":true,"href":"https:\/\/www.sorainstyles.com\/boutique\/wp-json\/wp\/v2\/product_tag?post=2152"}],"curies":[{"name":"wp","href":"https:\/\/api.w.org\/{rel}","templated":true}]}}