{"id":2138,"date":"2021-12-07T18:27:36","date_gmt":"2021-12-07T17:27:36","guid":{"rendered":"https:\/\/www.sorainstyles.com\/boutique\/produit\/fox-red-48\/"},"modified":"2025-10-19T16:28:22","modified_gmt":"2025-10-19T14:28:22","slug":"fox-red-48","status":"publish","type":"product","link":"https:\/\/www.sorainstyles.com\/boutique\/produit\/fox-red-48\/","title":{"rendered":"Fox Red 48"},"content":{"rendered":"<h2>Fox Red &#8211; No.48 de chez Farrow &amp; Ball<\/h2>\n<h2>Un rouge terreux aux tonalit\u00e9s de rouille<\/h2>\n<p>La teinte No.48 Fox Red est par d\u00e9finition un terracotta claire. En effet, cette couleur est l\u00e9g\u00e8rement plus intense que Red Earth. Cela lui donne un aspect vieilli tr\u00e8s s\u00e9duisant.\u00a0Avec des touches d\u2019orange, de rouge et de brun, Fox Red imite la fourrure de l\u2019un des plus beaux et des plus \u00e9nigmatiques visiteurs de jardin du Royaume-Uni.<\/p>\n<p>Primer &amp; Undercoat recommand\u00e9e: <a href=\"https:\/\/www.sorainstyles.com\/boutique\/impressions-sous-couches-farrow-ball\/\">Red &amp; Warm Tones<\/a><\/p>\n<p>Blanc compl\u00e9mentaire : <a href=\"https:\/\/www.sorainstyles.com\/boutique\/produit\/dimity-2008\/\" target=\"_blank\" rel=\"noopener\">Dimity No.2008<\/a><\/p>\n<h3>Exemple d\u2019harmonie de couleurs avec la teinte Fox Red &#8211; No.48<\/h3>\n<ul>\n<li>Treron No.292 &#8211; Oxford Stone No.264<\/li>\n<\/ul>\n<h3>Information produit<\/h3>\n<h4>A base d&rsquo;eau et sans danger pour les enfants<\/h4>\n<p>En 2010, Farrow &amp; Ball a \u00e9t\u00e9 les premiers du secteur \u00e0 passer \u00e0 une gamme de finitions \u00e9labor\u00e9es enti\u00e8rement \u00e0 base d\u2019eau. En effet, ces finitions \u00e0 faible teneur en COV et pratiquement sans odeur sont faciles \u00e0 nettoyer sans recourir \u00e0 des solvants nocifs.<\/p>\n<h4>Finitions de qualit\u00e9<\/h4>\n<p>Tout d&rsquo;abord, chacune de nos couleurs est disponible dans une gamme de finitions de peinture d\u2019int\u00e9rieur et d\u2019ext\u00e9rieur. Ensuite, chaque finition est test\u00e9e de mani\u00e8re rigoureuse pour garantir un fini durable et une profondeur de couleur exceptionnelle. Enfin, pour obtenir les meilleurs r\u00e9sultats, nous recommandons toujours d\u2019utiliser une Impression &amp; Sous-couche Farrow &amp; Ball &#8211; voir plus haut pour trouver la tonalit\u00e9 de couleur exacte pour cette peinture.<\/p>\n<p>&nbsp;<\/p>\n","protected":false},"excerpt":{"rendered":"<h3>Un rouge terreux aux tonalit\u00e9s de rouille<\/h3>\n<p>Fox Red, avec ses nuances d&rsquo;orange, de rouge et de brun, \u00e9voque la fourrure du myst\u00e9rieux et \u00e9l\u00e9gant renard. Sa teinte terracotta claire lui conf\u00e8re un charme vieilli des plus s\u00e9duisants.<\/p>\n<p>Sous-couche recommand\u00e9e : <a href=\"https:\/\/www.sorainstyles.com\/boutique\/categorie-produit\/appret-sous-couches\/red-and-warm-tones\/\" target=\"_blank\" rel=\"noopener\">Red and Warm Tones<\/a><\/p>\n","protected":false},"featured_media":14108,"template":"","meta":{"_acf_changed":false,"_et_pb_use_builder":"","_et_pb_old_content":"","_et_gb_content_width":""},"product_brand":[],"product_cat":[343,98,81,110],"product_tag":[960,406,371,415,366,958,959,362,351],"class_list":{"0":"post-2138","1":"product","2":"type-product","3":"status-publish","4":"has-post-thumbnail","6":"product_cat-archive","7":"product_cat-moyen","8":"product_cat-peintures-de-finition","9":"product_cat-rouge","10":"product_tag-960","11":"product_tag-couleur","12":"product_tag-farrow","13":"product_tag-farrow-ball","14":"product_tag-farrowball","15":"product_tag-fox-red","16":"product_tag-fox-red-48","17":"product_tag-peinture","18":"product_tag-rouge","20":"first","21":"instock","22":"taxable","23":"shipping-taxable","24":"purchasable","25":"product-type-variable"},"acf":[],"_links":{"self":[{"href":"https:\/\/www.sorainstyles.com\/boutique\/wp-json\/wp\/v2\/product\/2138","targetHints":{"allow":["GET"]}}],"collection":[{"href":"https:\/\/www.sorainstyles.com\/boutique\/wp-json\/wp\/v2\/product"}],"about":[{"href":"https:\/\/www.sorainstyles.com\/boutique\/wp-json\/wp\/v2\/types\/product"}],"wp:featuredmedia":[{"embeddable":true,"href":"https:\/\/www.sorainstyles.com\/boutique\/wp-json\/wp\/v2\/media\/14108"}],"wp:attachment":[{"href":"https:\/\/www.sorainstyles.com\/boutique\/wp-json\/wp\/v2\/media?parent=2138"}],"wp:term":[{"taxonomy":"product_brand","embeddable":true,"href":"https:\/\/www.sorainstyles.com\/boutique\/wp-json\/wp\/v2\/product_brand?post=2138"},{"taxonomy":"product_cat","embeddable":true,"href":"https:\/\/www.sorainstyles.com\/boutique\/wp-json\/wp\/v2\/product_cat?post=2138"},{"taxonomy":"product_tag","embeddable":true,"href":"https:\/\/www.sorainstyles.com\/boutique\/wp-json\/wp\/v2\/product_tag?post=2138"}],"curies":[{"name":"wp","href":"https:\/\/api.w.org\/{rel}","templated":true}]}}