{"id":2133,"date":"2021-12-07T18:27:34","date_gmt":"2021-12-07T17:27:34","guid":{"rendered":"https:\/\/www.sorainstyles.com\/boutique\/produit\/green-smoke-47\/"},"modified":"2025-10-15T15:55:59","modified_gmt":"2025-10-15T13:55:59","slug":"green-smoke-47","status":"publish","type":"product","link":"https:\/\/www.sorainstyles.com\/boutique\/produit\/green-smoke-47\/","title":{"rendered":"Green Smoke 47"},"content":{"rendered":"<h2>Green Smoke &#8211; No.47 de chez Farrow &amp; Ball<\/h2>\n<h2>Un vert fonc\u00e9 et fum\u00e9<\/h2>\n<p>La teinte No.47 &#8211; Green Smoke est un bleu-vert fum\u00e9. Elle \u00e9tait tr\u00e8s populaire dans les int\u00e9rieurs \u00e0 la fin du XIXe si\u00e8cle. Cette couleur poss\u00e8de une profondeur irr\u00e9sistiblement chaleureuse et un aspect patin\u00e9. Par ailleurs, cette peinture verte Farrow and Ball est id\u00e9ale autant pour l&rsquo;ext\u00e9rieur que pour l&rsquo;int\u00e9rieur de votre maison.<\/p>\n<p>Primer &amp; Undercoat recommand\u00e9e: <a href=\"https:\/\/www.sorainstyles.com\/boutique\/impressions-sous-couches-farrow-ball\/\">Dark Tones<\/a><\/p>\n<p>Blanc compl\u00e9mentaire : <a href=\"https:\/\/www.sorainstyles.com\/boutique\/produit\/shaded-white-201\/\" target=\"_blank\" rel=\"noopener\">Shaded White No.201<\/a><\/p>\n<h3>Exemple d\u2019harmonie de couleurs avec la teinte Green Smoke \u2013 No.47<\/h3>\n<ul>\n<li>Old White No.4 &#8211; Light Gray No.17<\/li>\n<li>Shaded White No.201 &#8211; School House White No.291<\/li>\n<li>Dead Salmon No.28 &#8211; Jitney No.293<\/li>\n<\/ul>\n<h3>Information produit<\/h3>\n<h4>La peinture Green Smoke de Farrow and ball est \u00e0 base d&rsquo;eau et sans danger pour les enfants<\/h4>\n<p>En 2010, Farrow &amp; Ball a \u00e9t\u00e9 les premiers du secteur \u00e0 passer \u00e0 une gamme de finitions \u00e9labor\u00e9es enti\u00e8rement \u00e0 base d\u2019eau. En effet, ces finitions \u00e0 faible teneur en COV et pratiquement sans odeur sont faciles \u00e0 nettoyer sans recourir \u00e0 des solvants nocifs.<\/p>\n<h4>Finitions de qualit\u00e9<\/h4>\n<p>Tout d&rsquo;abord, chacune de nos couleurs est disponible dans une gamme de finitions de peinture d\u2019int\u00e9rieur et d\u2019ext\u00e9rieur. Ensuite, chaque finition est test\u00e9e de mani\u00e8re rigoureuse pour garantir un fini durable et une profondeur de couleur exceptionnelle. Enfin, pour obtenir les meilleurs r\u00e9sultats, nous recommandons toujours d\u2019utiliser une Impression &amp; Sous-couche Farrow &amp; Ball &#8211; voir plus haut pour trouver la tonalit\u00e9 de couleur exacte pour cette peinture.<\/p>\n","protected":false},"excerpt":{"rendered":"<h3>Un vert fonc\u00e9 et fum\u00e9<\/h3>\n<p>Ce bleu-vert fum\u00e9 apporte une profondeur chaleureuse et un aspect patin\u00e9 id\u00e9al pour l&rsquo;ext\u00e9rieur, tout en cr\u00e9ant une atmosph\u00e8re calme et apaisante \u00e0 l\u2019int\u00e9rieur.<\/p>\n<p>Sous-couche recommand\u00e9e : <a href=\"https:\/\/www.sorainstyles.com\/boutique\/categorie-produit\/appret-sous-couches\/dark-tones\/\" target=\"_blank\" rel=\"noopener\">Dark Tones<\/a><\/p>\n","protected":false},"featured_media":14198,"template":"","meta":{"_acf_changed":false,"_et_pb_use_builder":"","_et_pb_old_content":"","_et_gb_content_width":""},"product_brand":[],"product_cat":[341,143,81,92],"product_tag":[963,406,371,415,366,961,962,362,350],"class_list":{"0":"post-2133","1":"product","2":"type-product","3":"status-publish","4":"has-post-thumbnail","6":"product_cat-fonce-luminosite","7":"product_cat-nuancier-actuel","8":"product_cat-peintures-de-finition","9":"product_cat-vert","10":"product_tag-963","11":"product_tag-couleur","12":"product_tag-farrow","13":"product_tag-farrow-ball","14":"product_tag-farrowball","15":"product_tag-green-smoke","16":"product_tag-green-smoke-47","17":"product_tag-peinture","18":"product_tag-vert","20":"first","21":"instock","22":"taxable","23":"shipping-taxable","24":"purchasable","25":"product-type-variable"},"acf":[],"_links":{"self":[{"href":"https:\/\/www.sorainstyles.com\/boutique\/wp-json\/wp\/v2\/product\/2133","targetHints":{"allow":["GET"]}}],"collection":[{"href":"https:\/\/www.sorainstyles.com\/boutique\/wp-json\/wp\/v2\/product"}],"about":[{"href":"https:\/\/www.sorainstyles.com\/boutique\/wp-json\/wp\/v2\/types\/product"}],"wp:featuredmedia":[{"embeddable":true,"href":"https:\/\/www.sorainstyles.com\/boutique\/wp-json\/wp\/v2\/media\/14198"}],"wp:attachment":[{"href":"https:\/\/www.sorainstyles.com\/boutique\/wp-json\/wp\/v2\/media?parent=2133"}],"wp:term":[{"taxonomy":"product_brand","embeddable":true,"href":"https:\/\/www.sorainstyles.com\/boutique\/wp-json\/wp\/v2\/product_brand?post=2133"},{"taxonomy":"product_cat","embeddable":true,"href":"https:\/\/www.sorainstyles.com\/boutique\/wp-json\/wp\/v2\/product_cat?post=2133"},{"taxonomy":"product_tag","embeddable":true,"href":"https:\/\/www.sorainstyles.com\/boutique\/wp-json\/wp\/v2\/product_tag?post=2133"}],"curies":[{"name":"wp","href":"https:\/\/api.w.org\/{rel}","templated":true}]}}