{"id":2130,"date":"2021-12-07T18:27:30","date_gmt":"2021-12-07T17:27:30","guid":{"rendered":"https:\/\/www.sorainstyles.com\/boutique\/produit\/wet-sand-46\/"},"modified":"2025-09-29T18:03:01","modified_gmt":"2025-09-29T16:03:01","slug":"wet-sand-46","status":"publish","type":"product","link":"https:\/\/www.sorainstyles.com\/boutique\/produit\/wet-sand-46\/","title":{"rendered":"Wet Sand 46"},"content":{"rendered":"<h2>Wet Sand &#8211; No.46 de chez Farrow &amp; Ball<\/h2>\n<h2>Une version plus orang\u00e9e de Sand<\/h2>\n<p>La teinte No.46 Wet Sand est un neutre riche aux tons caramel. C&rsquo;est une version plus sourde de la teinte Sand. Cette couleur est parfaite\u00a0pour cr\u00e9er des espaces accueillants et enveloppants. Vous pouvez l&rsquo;associer avec des couleurs neutres qui contiennent cette m\u00eame nuance de rouge pour obtenir une palette chaleureuse. C&rsquo;est le cas par exemple de la teinte Joa&rsquo;s White.<\/p>\n<p>Primer &amp; Undercoat recommand\u00e9e: <a href=\"https:\/\/www.sorainstyles.com\/boutique\/impressions-sous-couches-farrow-ball\/\">Red &amp; Warm Tones<\/a><\/p>\n<p>Blanc compl\u00e9mentaire : <a href=\"https:\/\/www.sorainstyles.com\/boutique\/produit\/joas-white-226\/\" target=\"_blank\" rel=\"noopener\">Joa&rsquo;s\u00a0White<\/a><\/p>\n<h3>Exemple d\u2019harmonie de couleurs avec la teinte Wet Sand \u2013 No.46<\/h3>\n<ul>\n<li>Archive No.227 &#8211; Sand No.45<\/li>\n<\/ul>\n<h3>Information produit<\/h3>\n<h4>A base d&rsquo;eau et sans danger pour les enfants<\/h4>\n<p>En 2010, Farrow &amp; Ball a \u00e9t\u00e9 les premiers du secteur \u00e0 passer \u00e0 une gamme de finitions \u00e9labor\u00e9es enti\u00e8rement \u00e0 base d\u2019eau. En effet, ces finitions \u00e0 faible teneur en COV et pratiquement sans odeur sont faciles \u00e0 nettoyer sans recourir \u00e0 des solvants nocifs.<\/p>\n<h4>Finitions de qualit\u00e9<\/h4>\n<p>Tout d&rsquo;abord, chacune de nos couleurs est disponible dans une gamme de finitions de peinture d\u2019int\u00e9rieur et d\u2019ext\u00e9rieur. Ensuite, chaque finition est test\u00e9e de mani\u00e8re rigoureuse pour garantir un fini durable et une profondeur de couleur exceptionnelle. Enfin, pour obtenir les meilleurs r\u00e9sultats, nous recommandons toujours d\u2019utiliser une Impression &amp; Sous-couche Farrow &amp; Ball &#8211; voir plus haut pour trouver la tonalit\u00e9 de couleur exacte pour cette peinture.<\/p>\n<p>&nbsp;<\/p>\n","protected":false},"excerpt":{"rendered":"<h3>Une version plus orang\u00e9e de Sand<\/h3>\n<p>Wet Sand, avec ses tons caramel riches est parfait pour cr\u00e9er des espaces accueillants et enveloppants. Associ\u00e9 \u00e0 des neutres contenant des nuances rouges similaires, il forme une palette chaleureuse.<\/p>\n<p>Sous-couche recommand\u00e9e : <a href=\"https:\/\/www.sorainstyles.com\/boutique\/categorie-produit\/appret-sous-couches\/red-and-warm-tones\/\" target=\"_blank\" rel=\"noopener\">Red and Warm Tones<\/a><\/p>\n","protected":false},"featured_media":14087,"template":"","meta":{"_acf_changed":false,"_et_pb_use_builder":"","_et_pb_old_content":"","_et_gb_content_width":""},"product_brand":[],"product_cat":[343,339,98,81],"product_tag":[966,406,371,415,366,328,362,964,965],"class_list":{"0":"post-2130","1":"product","2":"type-product","3":"status-publish","4":"has-post-thumbnail","6":"product_cat-archive","7":"product_cat-jaune","8":"product_cat-moyen","9":"product_cat-peintures-de-finition","10":"product_tag-966","11":"product_tag-couleur","12":"product_tag-farrow","13":"product_tag-farrow-ball","14":"product_tag-farrowball","15":"product_tag-jaune","16":"product_tag-peinture","17":"product_tag-wet-sand","18":"product_tag-wet-sand-46","20":"first","21":"instock","22":"taxable","23":"shipping-taxable","24":"purchasable","25":"product-type-variable"},"acf":[],"_links":{"self":[{"href":"https:\/\/www.sorainstyles.com\/boutique\/wp-json\/wp\/v2\/product\/2130","targetHints":{"allow":["GET"]}}],"collection":[{"href":"https:\/\/www.sorainstyles.com\/boutique\/wp-json\/wp\/v2\/product"}],"about":[{"href":"https:\/\/www.sorainstyles.com\/boutique\/wp-json\/wp\/v2\/types\/product"}],"wp:featuredmedia":[{"embeddable":true,"href":"https:\/\/www.sorainstyles.com\/boutique\/wp-json\/wp\/v2\/media\/14087"}],"wp:attachment":[{"href":"https:\/\/www.sorainstyles.com\/boutique\/wp-json\/wp\/v2\/media?parent=2130"}],"wp:term":[{"taxonomy":"product_brand","embeddable":true,"href":"https:\/\/www.sorainstyles.com\/boutique\/wp-json\/wp\/v2\/product_brand?post=2130"},{"taxonomy":"product_cat","embeddable":true,"href":"https:\/\/www.sorainstyles.com\/boutique\/wp-json\/wp\/v2\/product_cat?post=2130"},{"taxonomy":"product_tag","embeddable":true,"href":"https:\/\/www.sorainstyles.com\/boutique\/wp-json\/wp\/v2\/product_tag?post=2130"}],"curies":[{"name":"wp","href":"https:\/\/api.w.org\/{rel}","templated":true}]}}