{"id":2121,"date":"2021-12-07T18:27:26","date_gmt":"2021-12-07T17:27:26","guid":{"rendered":"https:\/\/www.sorainstyles.com\/boutique\/produit\/cream-44\/"},"modified":"2025-10-07T13:11:31","modified_gmt":"2025-10-07T11:11:31","slug":"cream-44","status":"publish","type":"product","link":"https:\/\/www.sorainstyles.com\/boutique\/produit\/cream-44\/","title":{"rendered":"Cream 44"},"content":{"rendered":"<h2>Cream &#8211; No.44 de chez Farrow &amp; Ball<\/h2>\n<h2>Un beige jaune unique<\/h2>\n<p>La teinte No.44 &#8211; Cream est une alternative plus sombre \u00e0 notre lumineux Farrow\u2019s Cream. En effet, ce neutre cr\u00e9meux classique gagne en complexit\u00e9 par l\u2019ajout de jaune ocre et de pigments noirs. Sur les murs, en association avec les accents de notre groupe de neutres traditionnels, il est admirablement agr\u00e9able \u00e0 vivre.<\/p>\n<p>Primer &amp; Undercoat recommand\u00e9e: <a href=\"https:\/\/www.sorainstyles.com\/boutique\/impressions-sous-couches-farrow-ball\/\">Mid Tones<\/a><\/p>\n<p>Blanc compl\u00e9mentaire : <a href=\"https:\/\/www.sorainstyles.com\/boutique\/produit\/white-tie-2002\/\" target=\"_blank\" rel=\"noopener\">White Tie No.2002<\/a><\/p>\n<h3>Exemple d\u2019harmonie de couleurs avec la teinte Cream \u2013 No.44<\/h3>\n<ul>\n<li>Oval Room Blue No.85 &#8211; London Clay No.244<\/li>\n<li>New White No.59 &#8211; White Tie No.2002<\/li>\n<\/ul>\n<h3>Information produit<\/h3>\n<h4>A base d&rsquo;eau et sans danger pour les enfants<\/h4>\n<p>En 2010, Farrow &amp; Ball a \u00e9t\u00e9 les premiers du secteur \u00e0 passer \u00e0 une gamme de finitions \u00e9labor\u00e9es enti\u00e8rement \u00e0 base d\u2019eau. En effet, ces finitions \u00e0 faible teneur en COV et pratiquement sans odeur sont faciles \u00e0 nettoyer sans recourir \u00e0 des solvants nocifs.<\/p>\n<h4>Finitions de qualit\u00e9<\/h4>\n<p>Tout d&rsquo;abord, chacune de nos couleurs est disponible dans une gamme de finitions de peinture d\u2019int\u00e9rieur et d\u2019ext\u00e9rieur. Ensuite, chaque finition est test\u00e9e de mani\u00e8re rigoureuse pour garantir un fini durable et une profondeur de couleur exceptionnelle. Enfin, pour obtenir les meilleurs r\u00e9sultats, nous recommandons toujours d\u2019utiliser une Impression &amp; Sous-couche Farrow &amp; Ball &#8211; voir plus haut pour trouver la tonalit\u00e9 de couleur exacte pour cette peinture.<\/p>\n","protected":false},"excerpt":{"rendered":"<h3>Un beige jaune unique<\/h3>\n<p>Ce neutre cr\u00e9meux, se distingue par l&rsquo;ajout de jaune ocre et de pigments noirs, cr\u00e9ant une teinte agr\u00e9able \u00e0 vivre.<\/p>\n<p>Sous-couche recommand\u00e9e : <a href=\"https:\/\/www.sorainstyles.com\/boutique\/categorie-produit\/appret-sous-couches\/mid-tones\/\" target=\"_blank\" rel=\"noopener\">Mid Tones<\/a><\/p>\n","protected":false},"featured_media":14151,"template":"","meta":{"_acf_changed":false,"_et_pb_use_builder":"","_et_pb_old_content":"","_et_gb_content_width":""},"product_brand":[],"product_cat":[343,331,329,81],"product_tag":[940,406,938,939,371,415,366,362],"class_list":{"0":"post-2121","1":"product","2":"type-product","3":"status-publish","4":"has-post-thumbnail","6":"product_cat-archive","7":"product_cat-clair","8":"product_cat-neutre","9":"product_cat-peintures-de-finition","10":"product_tag-940","11":"product_tag-couleur","12":"product_tag-cream","13":"product_tag-cream-44","14":"product_tag-farrow","15":"product_tag-farrow-ball","16":"product_tag-farrowball","17":"product_tag-peinture","19":"first","20":"instock","21":"taxable","22":"shipping-taxable","23":"purchasable","24":"product-type-variable"},"acf":[],"_links":{"self":[{"href":"https:\/\/www.sorainstyles.com\/boutique\/wp-json\/wp\/v2\/product\/2121","targetHints":{"allow":["GET"]}}],"collection":[{"href":"https:\/\/www.sorainstyles.com\/boutique\/wp-json\/wp\/v2\/product"}],"about":[{"href":"https:\/\/www.sorainstyles.com\/boutique\/wp-json\/wp\/v2\/types\/product"}],"wp:featuredmedia":[{"embeddable":true,"href":"https:\/\/www.sorainstyles.com\/boutique\/wp-json\/wp\/v2\/media\/14151"}],"wp:attachment":[{"href":"https:\/\/www.sorainstyles.com\/boutique\/wp-json\/wp\/v2\/media?parent=2121"}],"wp:term":[{"taxonomy":"product_brand","embeddable":true,"href":"https:\/\/www.sorainstyles.com\/boutique\/wp-json\/wp\/v2\/product_brand?post=2121"},{"taxonomy":"product_cat","embeddable":true,"href":"https:\/\/www.sorainstyles.com\/boutique\/wp-json\/wp\/v2\/product_cat?post=2121"},{"taxonomy":"product_tag","embeddable":true,"href":"https:\/\/www.sorainstyles.com\/boutique\/wp-json\/wp\/v2\/product_tag?post=2121"}],"curies":[{"name":"wp","href":"https:\/\/api.w.org\/{rel}","templated":true}]}}