{"id":2107,"date":"2021-12-07T18:27:15","date_gmt":"2021-12-07T17:27:15","guid":{"rendered":"https:\/\/www.sorainstyles.com\/boutique\/produit\/picture-gallery-red-42\/"},"modified":"2025-10-15T12:26:15","modified_gmt":"2025-10-15T10:26:15","slug":"picture-gallery-red-42","status":"publish","type":"product","link":"https:\/\/www.sorainstyles.com\/boutique\/produit\/picture-gallery-red-42\/","title":{"rendered":"Picture Gallery Red 42"},"content":{"rendered":"<h2 class=\"page-title\"><span class=\"base\" data-ui-id=\"page-title-wrapper\">Picture Gallery Red<\/span> &#8211; No.42 de chez Farrow &amp; Ball<\/h2>\n<h2>Un rouge profond \u00e0 base de brun<\/h2>\n<p>Ce rouge intemporel est inspir\u00e9 de la somptueuse couleur de la galerie de tableaux d\u2019Attingham Park. Une dose g\u00e9n\u00e9reuse de pigment brun apporte de la profondeur \u00e0 la teinte No.42 &#8211; Picture Gallery Red. En effet, lui conf\u00e9rant une chaleur et un caract\u00e8re incomparable. Comme son nom l\u2019indique, cette couleur rousse cr\u00e9e une toile de fond remarquable pour les \u0153uvres d\u2019art, qu\u2019il s&rsquo;agisse de dessins aux crayons de couleur ou de tableaux de ma\u00eetres.<\/p>\n<p>Primer &amp; Undercoat recommand\u00e9e: <a href=\"https:\/\/www.sorainstyles.com\/boutique\/impressions-sous-couches-farrow-ball\/\">Red and Warm Tones<\/a><\/p>\n<p>Blanc compl\u00e9mentaire : <a href=\"https:\/\/www.sorainstyles.com\/boutique\/produit\/dimity-2008\/\" target=\"_blank\" rel=\"noopener\">Dimity No.2008<\/a><\/p>\n<h3>Exemple d\u2019harmonie de couleurs avec la teinte Picture Gallery Red \u2013 No.42<\/h3>\n<ul>\n<li>Stirabout No.300 &#8211; Jitney No.293<\/li>\n<li>Joa&rsquo;s White No.226 &#8211; Dimity No.2008<\/li>\n<li>Templeton Pink No.303 &#8211; Mahogany No.36<\/li>\n<\/ul>\n<h3>Information produit<\/h3>\n<h4>A base d&rsquo;eau et sans danger pour les enfants<\/h4>\n<p>En 2010, Farrow &amp; Ball a \u00e9t\u00e9 les premiers du secteur \u00e0 passer \u00e0 une gamme de finitions \u00e9labor\u00e9es enti\u00e8rement \u00e0 base d\u2019eau. En effet, ces finitions \u00e0 faible teneur en COV et pratiquement sans odeur sont faciles \u00e0 nettoyer sans recourir \u00e0 des solvants nocifs.<\/p>\n<h4>Finitions de qualit\u00e9<\/h4>\n<p>Tout d&rsquo;abord, chacune de nos couleurs est disponible dans une gamme de finitions de peinture d\u2019int\u00e9rieur et d\u2019ext\u00e9rieur. Ensuite, chaque finition est test\u00e9e de mani\u00e8re rigoureuse pour garantir un fini durable et une profondeur de couleur exceptionnelle. Enfin, pour obtenir les meilleurs r\u00e9sultats, nous recommandons toujours d\u2019utiliser une Impression &amp; Sous-couche Farrow &amp; Ball &#8211; voir plus haut pour trouver la tonalit\u00e9 de couleur exacte pour cette peinture.<\/p>\n","protected":false},"excerpt":{"rendered":"<h3>Un rouge profond \u00e0 base de brun<\/h3>\n<p>Picture Gallery Red est un rouge intemporel et chaleureux, enrichi d&rsquo;une g\u00e9n\u00e9reuse touche de pigment brun, qui lui apporte profondeur, chaleur et caract\u00e8re in\u00e9gal\u00e9s.<\/p>\n<p>Sous-couche recommand\u00e9e : <a href=\"https:\/\/www.sorainstyles.com\/boutique\/categorie-produit\/appret-sous-couches\/red-and-warm-tones\/\" target=\"_blank\" rel=\"noopener\">Red and Warm Tones<\/a><\/p>\n","protected":false},"featured_media":14248,"template":"","meta":{"_acf_changed":false,"_et_pb_use_builder":"","_et_pb_old_content":"","_et_gb_content_width":""},"product_brand":[],"product_cat":[196,143,81,110],"product_tag":[836,406,371,415,366,362,835,934,351],"class_list":{"0":"post-2107","1":"product","2":"type-product","3":"status-publish","4":"has-post-thumbnail","6":"product_cat-intense","7":"product_cat-nuancier-actuel","8":"product_cat-peintures-de-finition","9":"product_cat-rouge","10":"product_tag-836","11":"product_tag-couleur","12":"product_tag-farrow","13":"product_tag-farrow-ball","14":"product_tag-farrowball","15":"product_tag-peinture","16":"product_tag-picture-gallery-red","17":"product_tag-picture-gallery-red-42","18":"product_tag-rouge","20":"first","21":"instock","22":"taxable","23":"shipping-taxable","24":"purchasable","25":"product-type-variable"},"acf":[],"_links":{"self":[{"href":"https:\/\/www.sorainstyles.com\/boutique\/wp-json\/wp\/v2\/product\/2107","targetHints":{"allow":["GET"]}}],"collection":[{"href":"https:\/\/www.sorainstyles.com\/boutique\/wp-json\/wp\/v2\/product"}],"about":[{"href":"https:\/\/www.sorainstyles.com\/boutique\/wp-json\/wp\/v2\/types\/product"}],"wp:featuredmedia":[{"embeddable":true,"href":"https:\/\/www.sorainstyles.com\/boutique\/wp-json\/wp\/v2\/media\/14248"}],"wp:attachment":[{"href":"https:\/\/www.sorainstyles.com\/boutique\/wp-json\/wp\/v2\/media?parent=2107"}],"wp:term":[{"taxonomy":"product_brand","embeddable":true,"href":"https:\/\/www.sorainstyles.com\/boutique\/wp-json\/wp\/v2\/product_brand?post=2107"},{"taxonomy":"product_cat","embeddable":true,"href":"https:\/\/www.sorainstyles.com\/boutique\/wp-json\/wp\/v2\/product_cat?post=2107"},{"taxonomy":"product_tag","embeddable":true,"href":"https:\/\/www.sorainstyles.com\/boutique\/wp-json\/wp\/v2\/product_tag?post=2107"}],"curies":[{"name":"wp","href":"https:\/\/api.w.org\/{rel}","templated":true}]}}