{"id":2101,"date":"2021-12-07T18:27:08","date_gmt":"2021-12-07T17:27:08","guid":{"rendered":"https:\/\/www.sorainstyles.com\/boutique\/produit\/drab-41\/"},"modified":"2025-10-07T13:03:59","modified_gmt":"2025-10-07T11:03:59","slug":"drab-41","status":"publish","type":"product","link":"https:\/\/www.sorainstyles.com\/boutique\/produit\/drab-41\/","title":{"rendered":"Drab 41"},"content":{"rendered":"<h2>Drab &#8211; No.41 de chez Farrow &amp; Ball<\/h2>\n<h2>Une terre d&rsquo;ombre<\/h2>\n<p>Dans le langage des coloristes, un \u00ab ton terne \u00bb d\u00e9signe simplement une couleur qui manque de luminosit\u00e9. Cette couleur typique du 18e si\u00e8cle en est le parfait exemple. La teinte No.41 &#8211; Drab est particuli\u00e8rement adapt\u00e9e aux boiseries, \u00e0 l\u2019int\u00e9rieur comme \u00e0 l\u2019ext\u00e9rieur, quand elle est associ\u00e9e \u00e0 Off-White sur les murs.<\/p>\n<p>Primer &amp; Undercoat recommand\u00e9e: <a href=\"https:\/\/www.sorainstyles.com\/boutique\/impressions-sous-couches-farrow-ball\/\">Dark Tones<\/a><\/p>\n<p>Blanc compl\u00e9mentaire : <a href=\"https:\/\/www.sorainstyles.com\/boutique\/produit\/off-white-3\/\" target=\"_blank\" rel=\"noopener\">Off-White No.3<\/a><\/p>\n<h3>Exemple d\u2019harmonie de couleurs avec la teinte Drab \u2013 No.41<\/h3>\n<ul>\n<li>Treron No.292 &#8211; Blue Gray No.91<\/li>\n<\/ul>\n<h3>Information produit<\/h3>\n<h4>A base d&rsquo;eau et sans danger pour les enfants<\/h4>\n<p>En 2010, Farrow &amp; Ball a \u00e9t\u00e9 les premiers du secteur \u00e0 passer \u00e0 une gamme de finitions \u00e9labor\u00e9es enti\u00e8rement \u00e0 base d\u2019eau. En effet, ces finitions \u00e0 faible teneur en COV et pratiquement sans odeur sont faciles \u00e0 nettoyer sans recourir \u00e0 des solvants nocifs.<\/p>\n<h4>Finitions de qualit\u00e9<\/h4>\n<p>Tout d&rsquo;abord, chacune de nos couleurs est disponible dans une gamme de finitions de peinture d\u2019int\u00e9rieur et d\u2019ext\u00e9rieur. Ensuite, chaque finition est test\u00e9e de mani\u00e8re rigoureuse pour garantir un fini durable et une profondeur de couleur exceptionnelle. Enfin, pour obtenir les meilleurs r\u00e9sultats, nous recommandons toujours d\u2019utiliser une Impression &amp; Sous-couche Farrow &amp; Ball &#8211; voir plus haut pour trouver la tonalit\u00e9 de couleur exacte pour cette peinture.<\/p>\n","protected":false},"excerpt":{"rendered":"<h3>Une terre d&rsquo;ombre<\/h3>\n<p>Cette couleur classique est un joli marron-beige, qui peut parfois tirer vers le vert selon la luminosit\u00e9, et s&rsquo;adapte facilement \u00e0 de nombreuses pi\u00e8ces.<\/p>\n<p>Sous-couche recommand\u00e9e : <a href=\"https:\/\/www.sorainstyles.com\/boutique\/categorie-produit\/appret-sous-couches\/dark-tones\/\" target=\"_blank\" rel=\"noopener\">Dark Tones<\/a><\/p>\n","protected":false},"featured_media":14145,"template":"","meta":{"_acf_changed":false,"_et_pb_use_builder":"","_et_pb_old_content":"","_et_gb_content_width":""},"product_brand":[],"product_cat":[343,98,329,81],"product_tag":[933,406,932,931,371,415,366,362],"class_list":{"0":"post-2101","1":"product","2":"type-product","3":"status-publish","4":"has-post-thumbnail","6":"product_cat-archive","7":"product_cat-moyen","8":"product_cat-neutre","9":"product_cat-peintures-de-finition","10":"product_tag-933","11":"product_tag-couleur","12":"product_tag-drab","13":"product_tag-drab-41","14":"product_tag-farrow","15":"product_tag-farrow-ball","16":"product_tag-farrowball","17":"product_tag-peinture","19":"first","20":"instock","21":"taxable","22":"shipping-taxable","23":"purchasable","24":"product-type-variable"},"acf":[],"_links":{"self":[{"href":"https:\/\/www.sorainstyles.com\/boutique\/wp-json\/wp\/v2\/product\/2101","targetHints":{"allow":["GET"]}}],"collection":[{"href":"https:\/\/www.sorainstyles.com\/boutique\/wp-json\/wp\/v2\/product"}],"about":[{"href":"https:\/\/www.sorainstyles.com\/boutique\/wp-json\/wp\/v2\/types\/product"}],"wp:featuredmedia":[{"embeddable":true,"href":"https:\/\/www.sorainstyles.com\/boutique\/wp-json\/wp\/v2\/media\/14145"}],"wp:attachment":[{"href":"https:\/\/www.sorainstyles.com\/boutique\/wp-json\/wp\/v2\/media?parent=2101"}],"wp:term":[{"taxonomy":"product_brand","embeddable":true,"href":"https:\/\/www.sorainstyles.com\/boutique\/wp-json\/wp\/v2\/product_brand?post=2101"},{"taxonomy":"product_cat","embeddable":true,"href":"https:\/\/www.sorainstyles.com\/boutique\/wp-json\/wp\/v2\/product_cat?post=2101"},{"taxonomy":"product_tag","embeddable":true,"href":"https:\/\/www.sorainstyles.com\/boutique\/wp-json\/wp\/v2\/product_tag?post=2101"}],"curies":[{"name":"wp","href":"https:\/\/api.w.org\/{rel}","templated":true}]}}