{"id":2098,"date":"2021-12-07T18:27:06","date_gmt":"2021-12-07T17:27:06","guid":{"rendered":"https:\/\/www.sorainstyles.com\/boutique\/produit\/mouses-back-40\/"},"modified":"2026-01-29T13:40:56","modified_gmt":"2026-01-29T12:40:56","slug":"mouses-back-40","status":"publish","type":"product","link":"https:\/\/www.sorainstyles.com\/boutique\/produit\/mouses-back-40\/","title":{"rendered":"Mouse&rsquo;s Back 40"},"content":{"rendered":"<h2>Mouse&rsquo;s Back &#8211; No.40 de chez Farrow &amp; Ball<\/h2>\n<h2>Un brun gris tranquille<\/h2>\n<div class=\"product attribute description\">\n<div class=\"value\">\n<p>Ce gris brun classique tient son nom de la couleur fauve du pelage du mulot rencontr\u00e9 dans les \u00celes Britanniques. \u00c0 l\u2019instar du rongeur, le Mouse\u2019s Back aux tons verts sous-jacents est de nature paisible. La teinte Mouse&rsquo;s Back No.40 cr\u00e9\u00e9e une impression de douceur dans l\u2019espace. Elle para\u00eetra plus verte lorsqu\u2019elle est appliqu\u00e9e sur les murs des pi\u00e8ces peu \u00e9clair\u00e9es. Par ailleurs, cette couleur constitue l\u2019accent id\u00e9al sur les meubles ou les sols lorsqu\u2019elle est associ\u00e9e \u00e0 des teintes plus traditionnelles telles que Setting Plaster et Lime White.<\/p>\n<\/div>\n<\/div>\n<p>Primer &amp; Undercoat recommand\u00e9e: <a href=\"https:\/\/www.sorainstyles.com\/boutique\/impressions-sous-couches-farrow-ball\/\">Mid Tones<\/a><\/p>\n<p>Blanc compl\u00e9mentaire : <a href=\"https:\/\/www.sorainstyles.com\/boutique\/produit\/slipper-satin-2004\/\" target=\"_blank\" rel=\"noopener\">Slipper Satin<\/a><\/p>\n<h3>Exemple d\u2019harmonie de couleurs avec la teinte Mouse&rsquo;s Back \u2013 No.40<\/h3>\n<ul>\n<li>Off-White No.3 &#8211; Lime White No.1<\/li>\n<li>Old White No.4 &#8211; Light Gray No.17<\/li>\n<li>Pigeon No.25 &#8211; Mizzle No.266<\/li>\n<\/ul>\n<h3>Information produit<\/h3>\n<h4>A base d&rsquo;eau et sans danger pour les enfants<\/h4>\n<p>En 2010, Farrow &amp; Ball a \u00e9t\u00e9 les premiers du secteur \u00e0 passer \u00e0 une gamme de finitions \u00e9labor\u00e9es enti\u00e8rement \u00e0 base d\u2019eau. En effet, ces finitions \u00e0 faible teneur en COV et pratiquement sans odeur sont faciles \u00e0 nettoyer sans recourir \u00e0 des solvants nocifs.<\/p>\n<h4>Finitions de qualit\u00e9<\/h4>\n<p>Tout d&rsquo;abord, chacune de nos couleurs est disponible dans une gamme de finitions de peinture d\u2019int\u00e9rieur et d\u2019ext\u00e9rieur. Ensuite, chaque finition est test\u00e9e de mani\u00e8re rigoureuse pour garantir un fini durable et une profondeur de couleur exceptionnelle. Enfin, pour obtenir les meilleurs r\u00e9sultats, nous recommandons toujours d\u2019utiliser une Impression &amp; Sous-couche Farrow &amp; Ball &#8211; voir plus haut pour trouver la tonalit\u00e9 de couleur exacte pour cette peinture.<\/p>\n","protected":false},"excerpt":{"rendered":"<h3>Un brun gris tranquille<\/h3>\n<p>Mouse\u2019s Back, un gris brun classique avec des tons verts sous-jacents, apporte une impression de douceur et tranquillit\u00e9, apparaissant plus vert dans les pi\u00e8ces peu \u00e9clair\u00e9es.<\/p>\n<p>Sous-couche recommand\u00e9e : <a href=\"https:\/\/www.sorainstyles.com\/boutique\/categorie-produit\/appret-sous-couches\/mid-tones\/\" target=\"_blank\" rel=\"noopener\">Mid Tones<\/a><\/p>\n","protected":false},"featured_media":14280,"template":"","meta":{"_acf_changed":false,"_et_pb_use_builder":"","_et_pb_old_content":"","_et_gb_content_width":""},"product_brand":[],"product_cat":[98,329,143,81],"product_tag":[930,406,371,415,366,928,929,362],"class_list":{"0":"post-2098","1":"product","2":"type-product","3":"status-publish","4":"has-post-thumbnail","6":"product_cat-moyen","7":"product_cat-neutre","8":"product_cat-nuancier-actuel","9":"product_cat-peintures-de-finition","10":"product_tag-930","11":"product_tag-couleur","12":"product_tag-farrow","13":"product_tag-farrow-ball","14":"product_tag-farrowball","15":"product_tag-mouses-back","16":"product_tag-mouses-back-40","17":"product_tag-peinture","19":"first","20":"instock","21":"taxable","22":"shipping-taxable","23":"purchasable","24":"product-type-variable"},"acf":[],"_links":{"self":[{"href":"https:\/\/www.sorainstyles.com\/boutique\/wp-json\/wp\/v2\/product\/2098","targetHints":{"allow":["GET"]}}],"collection":[{"href":"https:\/\/www.sorainstyles.com\/boutique\/wp-json\/wp\/v2\/product"}],"about":[{"href":"https:\/\/www.sorainstyles.com\/boutique\/wp-json\/wp\/v2\/types\/product"}],"wp:featuredmedia":[{"embeddable":true,"href":"https:\/\/www.sorainstyles.com\/boutique\/wp-json\/wp\/v2\/media\/14280"}],"wp:attachment":[{"href":"https:\/\/www.sorainstyles.com\/boutique\/wp-json\/wp\/v2\/media?parent=2098"}],"wp:term":[{"taxonomy":"product_brand","embeddable":true,"href":"https:\/\/www.sorainstyles.com\/boutique\/wp-json\/wp\/v2\/product_brand?post=2098"},{"taxonomy":"product_cat","embeddable":true,"href":"https:\/\/www.sorainstyles.com\/boutique\/wp-json\/wp\/v2\/product_cat?post=2098"},{"taxonomy":"product_tag","embeddable":true,"href":"https:\/\/www.sorainstyles.com\/boutique\/wp-json\/wp\/v2\/product_tag?post=2098"}],"curies":[{"name":"wp","href":"https:\/\/api.w.org\/{rel}","templated":true}]}}