{"id":2090,"date":"2021-12-07T18:26:58","date_gmt":"2021-12-07T17:26:58","guid":{"rendered":"https:\/\/www.sorainstyles.com\/boutique\/produit\/biscuit-38\/"},"modified":"2025-10-07T12:54:55","modified_gmt":"2025-10-07T10:54:55","slug":"biscuit-38","status":"publish","type":"product","link":"https:\/\/www.sorainstyles.com\/boutique\/produit\/biscuit-38\/","title":{"rendered":"Biscuit 38"},"content":{"rendered":"<h2>Biscuit &#8211; No.38 de chez Farrow &amp; Ball<\/h2>\n<h2>Un beige naturel marqu\u00e9<\/h2>\n<p>Gr\u00e2ce \u00e0 sa base verte, la teinte No.38 &#8211; Biscuit s\u2019accorde parfaitement avec les teintes plus claires comme String et Matchstick. Sa couleur prend son origine dans la pierre de Bath, souvent pr\u00e9sente sur les ext\u00e9rieurs des maisons du West Country. Elle est \u00e0 pr\u00e9sent tout aussi susceptible d\u2019appara\u00eetre dans les int\u00e9rieurs, comme version moins chaleureuse que Cat&rsquo;s Paw.<\/p>\n<p>Primer &amp; Undercoat recommand\u00e9e: <a href=\"https:\/\/www.sorainstyles.com\/boutique\/impressions-sous-couches-farrow-ball\/\">Mid Tones<\/a><\/p>\n<p>Blanc compl\u00e9mentaire : <a href=\"https:\/\/www.sorainstyles.com\/boutique\/produit\/off-white-3\/\" target=\"_blank\" rel=\"noopener\">Off-White<\/a><\/p>\n<h3>Exemple d\u2019harmonie de couleurs avec la teinte Biscuit \u2013 No.38<\/h3>\n<ul>\n<li>String No.8 &#8211; Matchstick No.2013<\/li>\n<\/ul>\n<h3>Information produit<\/h3>\n<h4>A base d&rsquo;eau et sans danger pour les enfants<\/h4>\n<p>En 2010, Farrow &amp; Ball a \u00e9t\u00e9 les premiers du secteur \u00e0 passer \u00e0 une gamme de finitions \u00e9labor\u00e9es enti\u00e8rement \u00e0 base d\u2019eau. En effet, ces finitions \u00e0 faible teneur en COV et pratiquement sans odeur sont faciles \u00e0 nettoyer sans recourir \u00e0 des solvants nocifs.<\/p>\n<h4>Finitions de qualit\u00e9<\/h4>\n<p>Tout d&rsquo;abord, chacune de nos couleurs est disponible dans une gamme de finitions de peinture d\u2019int\u00e9rieur et d\u2019ext\u00e9rieur. Ensuite, chaque finition est test\u00e9e de mani\u00e8re rigoureuse pour garantir un fini durable et une profondeur de couleur exceptionnelle. Enfin, pour obtenir les meilleurs r\u00e9sultats, nous recommandons toujours d\u2019utiliser une Impression &amp; Sous-couche Farrow &amp; Ball &#8211; voir plus haut pour trouver la tonalit\u00e9 de couleur exacte pour cette peinture.<\/p>\n<p>&nbsp;<\/p>\n","protected":false},"excerpt":{"rendered":"<h3>Un beige naturel marqu\u00e9<\/h3>\n<p>Le biscuit, avec sa teinte verte caract\u00e9ristique inspir\u00e9e de la pierre de Bath, s&rsquo;harmonise avec beaucoup de nuances claires et apporte une touche terreuse adapt\u00e9e aussi bien aux int\u00e9rieurs qu&rsquo;aux ext\u00e9rieurs.<\/p>\n<p>Sous-couche recommand\u00e9e : <a href=\"https:\/\/www.sorainstyles.com\/boutique\/categorie-produit\/appret-sous-couches\/mid-tones\/\" target=\"_blank\" rel=\"noopener\">Mid Tones<\/a><\/p>\n","protected":false},"featured_media":14153,"template":"","meta":{"_acf_changed":false,"_et_pb_use_builder":"","_et_pb_old_content":"","_et_gb_content_width":""},"product_brand":[],"product_cat":[343,98,329,81],"product_tag":[923,922,924,406,371,415,366,362],"class_list":{"0":"post-2090","1":"product","2":"type-product","3":"status-publish","4":"has-post-thumbnail","6":"product_cat-archive","7":"product_cat-moyen","8":"product_cat-neutre","9":"product_cat-peintures-de-finition","10":"product_tag-923","11":"product_tag-biscuit","12":"product_tag-biscuit-38","13":"product_tag-couleur","14":"product_tag-farrow","15":"product_tag-farrow-ball","16":"product_tag-farrowball","17":"product_tag-peinture","19":"first","20":"instock","21":"taxable","22":"shipping-taxable","23":"purchasable","24":"product-type-variable"},"acf":[],"_links":{"self":[{"href":"https:\/\/www.sorainstyles.com\/boutique\/wp-json\/wp\/v2\/product\/2090","targetHints":{"allow":["GET"]}}],"collection":[{"href":"https:\/\/www.sorainstyles.com\/boutique\/wp-json\/wp\/v2\/product"}],"about":[{"href":"https:\/\/www.sorainstyles.com\/boutique\/wp-json\/wp\/v2\/types\/product"}],"wp:featuredmedia":[{"embeddable":true,"href":"https:\/\/www.sorainstyles.com\/boutique\/wp-json\/wp\/v2\/media\/14153"}],"wp:attachment":[{"href":"https:\/\/www.sorainstyles.com\/boutique\/wp-json\/wp\/v2\/media?parent=2090"}],"wp:term":[{"taxonomy":"product_brand","embeddable":true,"href":"https:\/\/www.sorainstyles.com\/boutique\/wp-json\/wp\/v2\/product_brand?post=2090"},{"taxonomy":"product_cat","embeddable":true,"href":"https:\/\/www.sorainstyles.com\/boutique\/wp-json\/wp\/v2\/product_cat?post=2090"},{"taxonomy":"product_tag","embeddable":true,"href":"https:\/\/www.sorainstyles.com\/boutique\/wp-json\/wp\/v2\/product_tag?post=2090"}],"curies":[{"name":"wp","href":"https:\/\/api.w.org\/{rel}","templated":true}]}}