{"id":2085,"date":"2021-12-07T18:26:56","date_gmt":"2021-12-07T17:26:56","guid":{"rendered":"https:\/\/www.sorainstyles.com\/boutique\/produit\/hay-37\/"},"modified":"2025-09-29T17:51:19","modified_gmt":"2025-09-29T15:51:19","slug":"hay-37","status":"publish","type":"product","link":"https:\/\/www.sorainstyles.com\/boutique\/produit\/hay-37\/","title":{"rendered":"Hay 37"},"content":{"rendered":"<h2>Hay &#8211; No.37 de chez Farrow &amp; Ball<\/h2>\n<h2>Un jaune poudreux<\/h2>\n<p>Jaune modeste inspir\u00e9 du foin s\u00e9ch\u00e9, la teinte No.37 Hay est une couleur \u00e0 la fois chaleureuse et poudreuse. Moins intense et ensoleill\u00e9e que les nuances plus pures de Yellow Ground, elle poss\u00e8de des tons sous-jacents nettement verts qui lui conf\u00e8rent une douceur permettant de cr\u00e9er des espaces paisibles, notamment lorsqu\u2019elle est mise en contraste avec les tons sobres de Lime White sur les boiseries.<\/p>\n<p>Primer &amp; Undercoat recommand\u00e9e: <a href=\"https:\/\/www.sorainstyles.com\/boutique\/impressions-sous-couches-farrow-ball\/\">Mid Tones<\/a><\/p>\n<p>Blanc compl\u00e9mentaire : <a href=\"https:\/\/www.sorainstyles.com\/boutique\/produit\/wimborne-white-239\/\" target=\"_blank\" rel=\"noopener\">Wimborne White &#8211; No.239<\/a><\/p>\n<h3>Exemple d\u2019harmonie de couleurs avec la teinte Hay \u2013 No.37<\/h3>\n<ul>\n<li>Off-White No.3 &#8211; Lime White No.1<\/li>\n<li>Sulking Room Pink No.295 &#8211; Oval Room Blue No.85<\/li>\n<li>Treron No.292 &#8211; Blue Gray No.91<\/li>\n<\/ul>\n<h3>Information produit<\/h3>\n<h4>A base d&rsquo;eau et sans danger pour les enfants<\/h4>\n<p>En 2010, Farrow &amp; Ball a \u00e9t\u00e9 les premiers du secteur \u00e0 passer \u00e0 une gamme de finitions \u00e9labor\u00e9es enti\u00e8rement \u00e0 base d\u2019eau. En effet, ces finitions \u00e0 faible teneur en COV et pratiquement sans odeur sont faciles \u00e0 nettoyer sans recourir \u00e0 des solvants nocifs.<\/p>\n<h4>Finitions de qualit\u00e9<\/h4>\n<p>Tout d&rsquo;abord, chacune de nos couleurs est disponible dans une gamme de finitions de peinture d\u2019int\u00e9rieur et d\u2019ext\u00e9rieur. Ensuite, chaque finition est test\u00e9e de mani\u00e8re rigoureuse pour garantir un fini durable et une profondeur de couleur exceptionnelle. Enfin, pour obtenir les meilleurs r\u00e9sultats, nous recommandons toujours d\u2019utiliser une Impression &amp; Sous-couche Farrow &amp; Ball &#8211; voir plus haut pour trouver la tonalit\u00e9 de couleur exacte pour cette peinture.<\/p>\n","protected":false},"excerpt":{"rendered":"<h3>Un jaune poudreux<\/h3>\n<p>Hay est une couleur jaune douce avec des tons verts sous-jacents, id\u00e9ale pour cr\u00e9er des espaces paisibles lorsqu&rsquo;elle est contrast\u00e9e avec une couleur plus claire.<\/p>\n<p>Sous-couche recommand\u00e9e : <a href=\"https:\/\/www.sorainstyles.com\/boutique\/categorie-produit\/appret-sous-couches\/mid-tones\/\" target=\"_blank\" rel=\"noopener\">Mid Tones<\/a><\/p>\n","protected":false},"featured_media":14189,"template":"","meta":{"_acf_changed":false,"_et_pb_use_builder":"","_et_pb_old_content":"","_et_gb_content_width":""},"product_brand":[],"product_cat":[339,98,143,81],"product_tag":[920,406,371,415,366,921,919,362],"class_list":{"0":"post-2085","1":"product","2":"type-product","3":"status-publish","4":"has-post-thumbnail","6":"product_cat-jaune","7":"product_cat-moyen","8":"product_cat-nuancier-actuel","9":"product_cat-peintures-de-finition","10":"product_tag-920","11":"product_tag-couleur","12":"product_tag-farrow","13":"product_tag-farrow-ball","14":"product_tag-farrowball","15":"product_tag-hay","16":"product_tag-hay-37","17":"product_tag-peinture","19":"first","20":"instock","21":"taxable","22":"shipping-taxable","23":"purchasable","24":"product-type-variable"},"acf":[],"_links":{"self":[{"href":"https:\/\/www.sorainstyles.com\/boutique\/wp-json\/wp\/v2\/product\/2085","targetHints":{"allow":["GET"]}}],"collection":[{"href":"https:\/\/www.sorainstyles.com\/boutique\/wp-json\/wp\/v2\/product"}],"about":[{"href":"https:\/\/www.sorainstyles.com\/boutique\/wp-json\/wp\/v2\/types\/product"}],"wp:featuredmedia":[{"embeddable":true,"href":"https:\/\/www.sorainstyles.com\/boutique\/wp-json\/wp\/v2\/media\/14189"}],"wp:attachment":[{"href":"https:\/\/www.sorainstyles.com\/boutique\/wp-json\/wp\/v2\/media?parent=2085"}],"wp:term":[{"taxonomy":"product_brand","embeddable":true,"href":"https:\/\/www.sorainstyles.com\/boutique\/wp-json\/wp\/v2\/product_brand?post=2085"},{"taxonomy":"product_cat","embeddable":true,"href":"https:\/\/www.sorainstyles.com\/boutique\/wp-json\/wp\/v2\/product_cat?post=2085"},{"taxonomy":"product_tag","embeddable":true,"href":"https:\/\/www.sorainstyles.com\/boutique\/wp-json\/wp\/v2\/product_tag?post=2085"}],"curies":[{"name":"wp","href":"https:\/\/api.w.org\/{rel}","templated":true}]}}