{"id":2071,"date":"2021-12-07T18:26:47","date_gmt":"2021-12-07T17:26:47","guid":{"rendered":"https:\/\/www.sorainstyles.com\/boutique\/produit\/chine-green-35\/"},"modified":"2025-10-03T12:55:33","modified_gmt":"2025-10-03T10:55:33","slug":"chine-green-35","status":"publish","type":"product","link":"https:\/\/www.sorainstyles.com\/boutique\/produit\/chine-green-35\/","title":{"rendered":"Chine Green 35"},"content":{"rendered":"<h2>Chine Green &#8211; No.35 de chez Farrow &amp; Ball<\/h2>\n<h2>Un vert fonc\u00e9<\/h2>\n<p>Ce vert doit son nom aux gorges du littoral dont les versants abrupts sont typiques du paysage environnant de notre maison-m\u00e8re. Appliqu\u00e9 sur les meubles de cuisine, il \u00e9voque le c\u00f4t\u00e9 traditionnel des offices de vieilles demeures. La teinte No.35 &#8211; Chine Green est une subtile couleur pour des boiseries en ext\u00e9rieur. En effet, cette couleur fait \u00e9cho \u00e0 la v\u00e9g\u00e9tation alentour.<\/p>\n<p>Primer &amp; Undercoat recommand\u00e9e: <a href=\"https:\/\/www.sorainstyles.com\/boutique\/impressions-sous-couches-farrow-ball\/\">Dark Tones<\/a><\/p>\n<p>Blanc compl\u00e9mentaire : <a href=\"https:\/\/www.sorainstyles.com\/boutique\/produit\/old-white-4\/\" target=\"_blank\" rel=\"noopener\">Old White<\/a><\/p>\n<p><b>Exemple d\u2019harmonie de couleurs avec la teinte Light Blue \u2013 No.22<\/b><\/p>\n<ul>\n<li>Mouse&rsquo;s Back No.40 &#8211; Light Gray No.17<\/li>\n<li>Brassica No.271 &#8211; Calluna No.270<\/li>\n<li>Book Room Red No.50 &#8211; Corngold No.9915<\/li>\n<\/ul>\n<h3>Information produit<\/h3>\n<h4>A base d&rsquo;eau et sans danger pour les enfants<\/h4>\n<p>En 2010, Farrow &amp; Ball a \u00e9t\u00e9 les premiers du secteur \u00e0 passer \u00e0 une gamme de finitions \u00e9labor\u00e9es enti\u00e8rement \u00e0 base d\u2019eau. En effet, ces finitions \u00e0 faible teneur en COV et pratiquement sans odeur sont faciles \u00e0 nettoyer sans recourir \u00e0 des solvants nocifs.<\/p>\n<h4>Finitions de qualit\u00e9<\/h4>\n<p>Tout d&rsquo;abord, chacune de nos couleurs est disponible dans une gamme de finitions de peinture d\u2019int\u00e9rieur et d\u2019ext\u00e9rieur. Ensuite, chaque finition est test\u00e9e de mani\u00e8re rigoureuse pour garantir un fini durable et une profondeur de couleur exceptionnelle. Enfin, pour obtenir les meilleurs r\u00e9sultats, nous recommandons toujours d\u2019utiliser une Impression &amp; Sous-couche Farrow &amp; Ball &#8211; voir plus haut pour trouver la tonalit\u00e9 de couleur exacte pour cette peinture.<\/p>\n","protected":false},"excerpt":{"rendered":"<h3>Un vert fonc\u00e9<\/h3>\n<p>Cette couleur est un vert profond et lumineux qui peut para\u00eetre parfois bleu d\u00fb \u00e0 ses tonalit\u00e9s sous-jacentes.<\/p>\n<p>Sous-couche recommand\u00e9e : <a href=\"https:\/\/www.sorainstyles.com\/boutique\/categorie-produit\/appret-sous-couches\/dark-tones\/\" target=\"_blank\" rel=\"noopener\">Dark Tones<\/a><\/p>\n","protected":false},"featured_media":14133,"template":"","meta":{"_acf_changed":false,"_et_pb_use_builder":"","_et_pb_old_content":"","_et_gb_content_width":""},"product_brand":[],"product_cat":[343,341,96,139,81],"product_tag":[914,913,915,406,371,415,366,362],"class_list":{"0":"post-2071","1":"product","2":"type-product","3":"status-publish","4":"has-post-thumbnail","6":"product_cat-archive","7":"product_cat-fonce-luminosite","8":"product_cat-fonce","9":"product_cat-liberty-collection","10":"product_cat-peintures-de-finition","11":"product_tag-914","12":"product_tag-chine-green","13":"product_tag-chine-green-35","14":"product_tag-couleur","15":"product_tag-farrow","16":"product_tag-farrow-ball","17":"product_tag-farrowball","18":"product_tag-peinture","20":"first","21":"instock","22":"taxable","23":"shipping-taxable","24":"purchasable","25":"product-type-variable"},"acf":[],"_links":{"self":[{"href":"https:\/\/www.sorainstyles.com\/boutique\/wp-json\/wp\/v2\/product\/2071","targetHints":{"allow":["GET"]}}],"collection":[{"href":"https:\/\/www.sorainstyles.com\/boutique\/wp-json\/wp\/v2\/product"}],"about":[{"href":"https:\/\/www.sorainstyles.com\/boutique\/wp-json\/wp\/v2\/types\/product"}],"wp:featuredmedia":[{"embeddable":true,"href":"https:\/\/www.sorainstyles.com\/boutique\/wp-json\/wp\/v2\/media\/14133"}],"wp:attachment":[{"href":"https:\/\/www.sorainstyles.com\/boutique\/wp-json\/wp\/v2\/media?parent=2071"}],"wp:term":[{"taxonomy":"product_brand","embeddable":true,"href":"https:\/\/www.sorainstyles.com\/boutique\/wp-json\/wp\/v2\/product_brand?post=2071"},{"taxonomy":"product_cat","embeddable":true,"href":"https:\/\/www.sorainstyles.com\/boutique\/wp-json\/wp\/v2\/product_cat?post=2071"},{"taxonomy":"product_tag","embeddable":true,"href":"https:\/\/www.sorainstyles.com\/boutique\/wp-json\/wp\/v2\/product_tag?post=2071"}],"curies":[{"name":"wp","href":"https:\/\/api.w.org\/{rel}","templated":true}]}}