{"id":2056,"date":"2021-12-07T18:26:32","date_gmt":"2021-12-07T17:26:32","guid":{"rendered":"https:\/\/www.sorainstyles.com\/boutique\/produit\/pea-green-33\/"},"modified":"2025-10-15T15:59:54","modified_gmt":"2025-10-15T13:59:54","slug":"pea-green-33","status":"publish","type":"product","link":"https:\/\/www.sorainstyles.com\/boutique\/produit\/pea-green-33\/","title":{"rendered":"Pea Green 33"},"content":{"rendered":"<h2>Pea Green &#8211; No.33 de chez Farrow &amp; Ball<\/h2>\n<h2>Un vert pois<\/h2>\n<p>Le terme \u00ab pea green \u00bb (vert petit pois) \u00e9tait souvent utilis\u00e9 dans les r\u00e9cits de travaux de peinture du 18e si\u00e8cle. En revanche, notre version quant \u00e0 elle provient du papier peint vert p\u00e2le de la Caricature Room (Pi\u00e8ce des caricatures) de Calke Abbey. La teinte No.33 &#8211; Pea Green d\u00e9gage une atmosph\u00e8re joyeuse contagieuse qui exalte les pi\u00e8ces. Par ailleurs, elle se situe\u00a0\u00e0 mi-distance entre Calke Green et Breakfast Room Green.<\/p>\n<p>Primer &amp; Undercoat recommand\u00e9e: <a href=\"https:\/\/www.sorainstyles.com\/boutique\/impressions-sous-couches-farrow-ball\/\">Mid Tones<\/a><\/p>\n<p>Blanc compl\u00e9mentaire :<a href=\"https:\/\/www.sorainstyles.com\/boutique\/produit\/slipper-satin-2004\/\" target=\"_blank\" rel=\"noopener\"> Slipper Satin<\/a><\/p>\n<h3>Exemple d\u2019harmonie de couleurs avec la teinte Pea Green \u2013 No.33<\/h3>\n<ul>\n<li>Old White No.4 &#8211; Brassica No.271<\/li>\n<\/ul>\n<h3>Information produit<\/h3>\n<h4>A base d&rsquo;eau et sans danger pour les enfants<\/h4>\n<p>En 2010, Farrow &amp; Ball a \u00e9t\u00e9 les premiers du secteur \u00e0 passer \u00e0 une gamme de finitions \u00e9labor\u00e9es enti\u00e8rement \u00e0 base d\u2019eau. En effet, ces finitions \u00e0 faible teneur en COV et pratiquement sans odeur sont faciles \u00e0 nettoyer sans recourir \u00e0 des solvants nocifs.<\/p>\n<h4>Finitions de qualit\u00e9<\/h4>\n<p>Tout d&rsquo;abord, chacune de nos couleurs est disponible dans une gamme de finitions de peinture d\u2019int\u00e9rieur et d\u2019ext\u00e9rieur. Ensuite, chaque finition est test\u00e9e de mani\u00e8re rigoureuse pour garantir un fini durable et une profondeur de couleur exceptionnelle. Enfin, pour obtenir les meilleurs r\u00e9sultats, nous recommandons toujours d\u2019utiliser une Impression &amp; Sous-couche Farrow &amp; Ball &#8211; voir plus haut pour trouver la tonalit\u00e9 de couleur exacte pour cette peinture.<\/p>\n","protected":false},"excerpt":{"rendered":"<h3>Un vert pois<\/h3>\n<p>Pea Green rappelle la couleur des petits pois. Bien qu\u2019elle soit essentiellement verte, elle contient de l\u00e9gers sous-tons jaunes qui ajoutent une chaleur subtile \u00e0 cette teinte.<\/p>\n<p>Sous-couche recommand\u00e9e : <a href=\"https:\/\/www.sorainstyles.com\/boutique\/categorie-produit\/appret-sous-couches\/mid-tones\/\" target=\"_blank\" rel=\"noopener\">Mid Tones<\/a><\/p>\n","protected":false},"featured_media":14081,"template":"","meta":{"_acf_changed":false,"_et_pb_use_builder":"","_et_pb_old_content":"","_et_gb_content_width":""},"product_brand":[],"product_cat":[343,98,81,92],"product_tag":[908,406,371,415,366,907,909,362,350],"class_list":{"0":"post-2056","1":"product","2":"type-product","3":"status-publish","4":"has-post-thumbnail","6":"product_cat-archive","7":"product_cat-moyen","8":"product_cat-peintures-de-finition","9":"product_cat-vert","10":"product_tag-908","11":"product_tag-couleur","12":"product_tag-farrow","13":"product_tag-farrow-ball","14":"product_tag-farrowball","15":"product_tag-pea-green","16":"product_tag-pea-green-33","17":"product_tag-peinture","18":"product_tag-vert","20":"first","21":"instock","22":"taxable","23":"shipping-taxable","24":"purchasable","25":"product-type-variable"},"acf":[],"_links":{"self":[{"href":"https:\/\/www.sorainstyles.com\/boutique\/wp-json\/wp\/v2\/product\/2056","targetHints":{"allow":["GET"]}}],"collection":[{"href":"https:\/\/www.sorainstyles.com\/boutique\/wp-json\/wp\/v2\/product"}],"about":[{"href":"https:\/\/www.sorainstyles.com\/boutique\/wp-json\/wp\/v2\/types\/product"}],"wp:featuredmedia":[{"embeddable":true,"href":"https:\/\/www.sorainstyles.com\/boutique\/wp-json\/wp\/v2\/media\/14081"}],"wp:attachment":[{"href":"https:\/\/www.sorainstyles.com\/boutique\/wp-json\/wp\/v2\/media?parent=2056"}],"wp:term":[{"taxonomy":"product_brand","embeddable":true,"href":"https:\/\/www.sorainstyles.com\/boutique\/wp-json\/wp\/v2\/product_brand?post=2056"},{"taxonomy":"product_cat","embeddable":true,"href":"https:\/\/www.sorainstyles.com\/boutique\/wp-json\/wp\/v2\/product_cat?post=2056"},{"taxonomy":"product_tag","embeddable":true,"href":"https:\/\/www.sorainstyles.com\/boutique\/wp-json\/wp\/v2\/product_tag?post=2056"}],"curies":[{"name":"wp","href":"https:\/\/api.w.org\/{rel}","templated":true}]}}