{"id":2053,"date":"2021-12-07T18:26:31","date_gmt":"2021-12-07T17:26:31","guid":{"rendered":"https:\/\/www.sorainstyles.com\/boutique\/produit\/cooking-apple-green-32\/"},"modified":"2025-10-15T16:01:52","modified_gmt":"2025-10-15T14:01:52","slug":"cooking-apple-green-32","status":"publish","type":"product","link":"https:\/\/www.sorainstyles.com\/boutique\/produit\/cooking-apple-green-32\/","title":{"rendered":"Cooking Apple Green 32"},"content":{"rendered":"<h2>Cooking Apple Green &#8211; No.32 de chez Farrow &amp; Ball<\/h2>\n<h2>Un vert frais embl\u00e9matique<\/h2>\n<p>La teinte No.32 &#8211; Cooking Apple Green est un classique de chez Farrow &amp; Ball. Il d\u00e9gage quelque chose de familier, et, comme tous les verts, il cr\u00e9e une atmosph\u00e8re saine et vivante. Somptueux et d\u2019apparence r\u00e9tro dans les espaces sombres, il se r\u00e9v\u00e8le bien plus frais et \u00e9clatant dans les pi\u00e8ces bien \u00e9clair\u00e9es, harmonis\u00e9 \u00e0 un blanc \u00e9clatant.<\/p>\n<p>Primer &amp; Undercoat recommand\u00e9e: <a href=\"https:\/\/www.sorainstyles.com\/boutique\/impressions-sous-couches-farrow-ball\/\">Mid Tones<\/a><\/p>\n<p>Blanc compl\u00e9mentaire : <a href=\"https:\/\/www.sorainstyles.com\/boutique\/produit\/wimborne-white-239\/\" target=\"_blank\" rel=\"noopener\">Wimborne White No.239<\/a><\/p>\n<h3>Exemple d\u2019harmonie de couleurs avec la teinte Cooking Apple Green \u2013 No.32<\/h3>\n<ul>\n<li>Studio Green No.93 &#8211; Calke Green No.34<\/li>\n<li>Parma Gray No.27 &#8211; Setting Plaster No.231<\/li>\n<li>Green Ground No.206 &#8211; James White No.2010<\/li>\n<\/ul>\n<h3>Information produit<\/h3>\n<h4>A base d&rsquo;eau et sans danger pour les enfants<\/h4>\n<p>En 2010, Farrow &amp; Ball a \u00e9t\u00e9 les premiers du secteur \u00e0 passer \u00e0 une gamme de finitions \u00e9labor\u00e9es enti\u00e8rement \u00e0 base d\u2019eau. En effet, ces finitions \u00e0 faible teneur en COV et pratiquement sans odeur sont faciles \u00e0 nettoyer sans recourir \u00e0 des solvants nocifs.<\/p>\n<h4>Finitions de qualit\u00e9<\/h4>\n<p>Tout d&rsquo;abord, chacune de nos couleurs est disponible dans une gamme de finitions de peinture d\u2019int\u00e9rieur et d\u2019ext\u00e9rieur. Ensuite, chaque finition est test\u00e9e de mani\u00e8re rigoureuse pour garantir un fini durable et une profondeur de couleur exceptionnelle. Enfin, pour obtenir les meilleurs r\u00e9sultats, nous recommandons toujours d\u2019utiliser une Impression &amp; Sous-couche Farrow &amp; Ball &#8211; voir plus haut pour trouver la tonalit\u00e9 de couleur exacte pour cette peinture.<\/p>\n","protected":false},"excerpt":{"rendered":"<h3>Un vert frais embl\u00e9matique<\/h3>\n<p>Cooking Apple Green \u00e9voque une ambiance famili\u00e8re et chaleureuse, offrant un aspect r\u00e9tro et somptueux dans les espaces sombres, tout en paraissant frais et \u00e9clatant dans les pi\u00e8ces bien \u00e9clair\u00e9es, surtout lorsqu&rsquo;il est associ\u00e9 \u00e0 un blanc lumineux.<\/p>\n<p>Sous-couche recommand\u00e9e : <a href=\"https:\/\/www.sorainstyles.com\/boutique\/categorie-produit\/appret-sous-couches\/mid-tones\/\" target=\"_blank\" rel=\"noopener\">Mid Tones<\/a><\/p>\n","protected":false},"featured_media":14209,"template":"","meta":{"_acf_changed":false,"_et_pb_use_builder":"","_et_pb_old_content":"","_et_gb_content_width":""},"product_brand":[],"product_cat":[98,143,81,92],"product_tag":[905,904,906,406,371,415,366,362,350],"class_list":{"0":"post-2053","1":"product","2":"type-product","3":"status-publish","4":"has-post-thumbnail","6":"product_cat-moyen","7":"product_cat-nuancier-actuel","8":"product_cat-peintures-de-finition","9":"product_cat-vert","10":"product_tag-905","11":"product_tag-cooking-apple-green","12":"product_tag-cooking-apple-green-32","13":"product_tag-couleur","14":"product_tag-farrow","15":"product_tag-farrow-ball","16":"product_tag-farrowball","17":"product_tag-peinture","18":"product_tag-vert","20":"first","21":"instock","22":"taxable","23":"shipping-taxable","24":"purchasable","25":"product-type-variable"},"acf":[],"_links":{"self":[{"href":"https:\/\/www.sorainstyles.com\/boutique\/wp-json\/wp\/v2\/product\/2053","targetHints":{"allow":["GET"]}}],"collection":[{"href":"https:\/\/www.sorainstyles.com\/boutique\/wp-json\/wp\/v2\/product"}],"about":[{"href":"https:\/\/www.sorainstyles.com\/boutique\/wp-json\/wp\/v2\/types\/product"}],"wp:featuredmedia":[{"embeddable":true,"href":"https:\/\/www.sorainstyles.com\/boutique\/wp-json\/wp\/v2\/media\/14209"}],"wp:attachment":[{"href":"https:\/\/www.sorainstyles.com\/boutique\/wp-json\/wp\/v2\/media?parent=2053"}],"wp:term":[{"taxonomy":"product_brand","embeddable":true,"href":"https:\/\/www.sorainstyles.com\/boutique\/wp-json\/wp\/v2\/product_brand?post=2053"},{"taxonomy":"product_cat","embeddable":true,"href":"https:\/\/www.sorainstyles.com\/boutique\/wp-json\/wp\/v2\/product_cat?post=2053"},{"taxonomy":"product_tag","embeddable":true,"href":"https:\/\/www.sorainstyles.com\/boutique\/wp-json\/wp\/v2\/product_tag?post=2053"}],"curies":[{"name":"wp","href":"https:\/\/api.w.org\/{rel}","templated":true}]}}