{"id":2050,"date":"2021-12-07T18:26:26","date_gmt":"2021-12-07T17:26:26","guid":{"rendered":"https:\/\/www.sorainstyles.com\/boutique\/produit\/railings-31\/"},"modified":"2026-01-29T11:45:17","modified_gmt":"2026-01-29T10:45:17","slug":"railings-31","status":"publish","type":"product","link":"https:\/\/www.sorainstyles.com\/boutique\/produit\/railings-31\/","title":{"rendered":"Railings 31"},"content":{"rendered":"<h1 class=\"page-title\"><span class=\"base\" data-ui-id=\"page-title-wrapper\">Railings<\/span> &#8211; No.31 de chez Farrow &amp; Ball<\/h1>\n<h2>Un noir doux avec un fond de bleu<\/h2>\n<p>Plus bleu que noir, la teinte No.31 &#8211; Railings est une alternative douce au noir, en particulier lorsqu\u2019on l\u2019utilise sur la ferronnerie, dont il tient son nom. Appliqu\u00e9 en Full Gloss sur la porte ext\u00e9rieure de la maison, il permet de cr\u00e9er une entr\u00e9e magnifique et imposante. N\u00e9anmoins, il insuffle une ambiance beaucoup plus d\u00e9contract\u00e9e dans notre finition Estate Eggshell. Les tons sous-jacents bleus de cette couleur sombre transforment les pi\u00e8ces en espaces int\u00e9rieurs spectaculaires et enveloppants.<\/p>\n<p>Primer &amp; Undercoat recommand\u00e9e: <a href=\"https:\/\/www.sorainstyles.com\/boutique\/impressions-sous-couches-farrow-ball\/\">Dark Tones<\/a><\/p>\n<p>Blanc compl\u00e9mentaire : <a href=\"https:\/\/www.sorainstyles.com\/boutique\/produit\/blackened-2011\/\" target=\"_blank\" rel=\"noopener\">Blackened No.2011<\/a><\/p>\n<h3>3 exemples d\u2019harmonies de couleurs avec la teinte Railings \u2013 No.31<\/h3>\n<ul>\n<li>Manor House Gray No.265 &#8211; Pavilion Gray No.242<\/li>\n<li>Light Blue No.22 &#8211; Kittiwake No.307<\/li>\n<li>Dimpse No.277 &#8211; Blackened No.2011<\/li>\n<\/ul>\n<h3>Information produit<\/h3>\n<h4>A base d&rsquo;eau et sans danger pour les enfants<\/h4>\n<p>En 2010, Farrow &amp; Ball a \u00e9t\u00e9 les premiers du secteur \u00e0 passer \u00e0 une gamme de finitions \u00e9labor\u00e9es enti\u00e8rement \u00e0 base d\u2019eau. En effet, ces finitions \u00e0 faible teneur en COV et pratiquement sans odeur sont faciles \u00e0 nettoyer sans recourir \u00e0 des solvants nocifs.<\/p>\n<h4>Finitions de qualit\u00e9<\/h4>\n<p>Tout d&rsquo;abord, chacune de nos couleurs est disponible dans une gamme de finitions de peinture d\u2019int\u00e9rieur et d\u2019ext\u00e9rieur. Ensuite, chaque finition est test\u00e9e de mani\u00e8re rigoureuse pour garantir un fini durable et une profondeur de couleur exceptionnelle. Enfin, pour obtenir les meilleurs r\u00e9sultats, nous recommandons toujours d\u2019utiliser une Impression &amp; Sous-couche Farrow &amp; Ball &#8211; voir plus haut pour trouver la tonalit\u00e9 de couleur exacte pour cette peinture.<\/p>\n","protected":false},"excerpt":{"rendered":"<h3>Un noir doux avec un fond de bleu<\/h3>\n<p>Plus bleu que noir, Railings offre une alternative douce au noir gr\u00e2ce \u00e0 ses tons bleus sous-jacents.<\/p>\n<p>Sous-couche recommand\u00e9e : <a href=\"https:\/\/www.sorainstyles.com\/boutique\/categorie-produit\/appret-sous-couches\/dark-tones\/\" target=\"_blank\" rel=\"noopener\">Dark Tones<\/a><\/p>\n","protected":false},"featured_media":14229,"template":"","meta":{"_acf_changed":false,"_et_pb_use_builder":"","_et_pb_old_content":"","_et_gb_content_width":""},"product_brand":[],"product_cat":[96,341,143,81],"product_tag":[902,406,371,415,366,362,901,903],"class_list":{"0":"post-2050","1":"product","2":"type-product","3":"status-publish","4":"has-post-thumbnail","6":"product_cat-fonce","7":"product_cat-fonce-luminosite","8":"product_cat-nuancier-actuel","9":"product_cat-peintures-de-finition","10":"product_tag-902","11":"product_tag-couleur","12":"product_tag-farrow","13":"product_tag-farrow-ball","14":"product_tag-farrowball","15":"product_tag-peinture","16":"product_tag-railings","17":"product_tag-railings-31","19":"first","20":"instock","21":"taxable","22":"shipping-taxable","23":"purchasable","24":"product-type-variable"},"acf":[],"_links":{"self":[{"href":"https:\/\/www.sorainstyles.com\/boutique\/wp-json\/wp\/v2\/product\/2050","targetHints":{"allow":["GET"]}}],"collection":[{"href":"https:\/\/www.sorainstyles.com\/boutique\/wp-json\/wp\/v2\/product"}],"about":[{"href":"https:\/\/www.sorainstyles.com\/boutique\/wp-json\/wp\/v2\/types\/product"}],"wp:featuredmedia":[{"embeddable":true,"href":"https:\/\/www.sorainstyles.com\/boutique\/wp-json\/wp\/v2\/media\/14229"}],"wp:attachment":[{"href":"https:\/\/www.sorainstyles.com\/boutique\/wp-json\/wp\/v2\/media?parent=2050"}],"wp:term":[{"taxonomy":"product_brand","embeddable":true,"href":"https:\/\/www.sorainstyles.com\/boutique\/wp-json\/wp\/v2\/product_brand?post=2050"},{"taxonomy":"product_cat","embeddable":true,"href":"https:\/\/www.sorainstyles.com\/boutique\/wp-json\/wp\/v2\/product_cat?post=2050"},{"taxonomy":"product_tag","embeddable":true,"href":"https:\/\/www.sorainstyles.com\/boutique\/wp-json\/wp\/v2\/product_tag?post=2050"}],"curies":[{"name":"wp","href":"https:\/\/api.w.org\/{rel}","templated":true}]}}