{"id":2047,"date":"2021-12-07T18:26:24","date_gmt":"2021-12-07T17:26:24","guid":{"rendered":"https:\/\/www.sorainstyles.com\/boutique\/produit\/hague-blue-30\/"},"modified":"2025-10-02T08:58:48","modified_gmt":"2025-10-02T06:58:48","slug":"hague-blue-30","status":"publish","type":"product","link":"https:\/\/www.sorainstyles.com\/boutique\/produit\/hague-blue-30\/","title":{"rendered":"Hague Blue 30"},"content":{"rendered":"<h2>Hague Blue &#8211; No.30 de chez Farrow &amp; Ball<\/h2>\n<h2>Un bleu profond\u00e9ment fonc\u00e9<\/h2>\n<p>La teinte No.30 &#8211; Hague Blue tient son nom de la couleur des boiseries tr\u00e8s courantes en Hollande. Cette couleur est parfaite pour les plinthes. Elle demeure int\u00e9ressante \u00e9galement comme couleur accent sur les murs lorsqu\u2019elle est associ\u00e9e \u00e0 Borrowed Light. Les tons verts sous-jacents de ce bleu profond et spectaculaire permettent de l\u2019utiliser tant \u00e0 l\u2019ext\u00e9rieur que dans de petites pi\u00e8ces obscures.<\/p>\n<p>Primer &amp; Undercoat recommand\u00e9e: <a href=\"https:\/\/www.sorainstyles.com\/boutique\/impressions-sous-couches-farrow-ball\/\">Dark Tones<\/a><\/p>\n<p>Blanc compl\u00e9mentaire : <a href=\"https:\/\/www.sorainstyles.com\/boutique\/produit\/wevet-273\/\" target=\"_blank\" rel=\"noopener\">Wevet No.273<\/a><\/p>\n<h3>Exemple d\u2019harmonie de couleurs avec la teinte Hague Blue \u2013 No.30<\/h3>\n<ul>\n<li>Lulworth Blue No.89 &#8211; Parma Gray No.27<\/li>\n<\/ul>\n<h3>Information produit<\/h3>\n<h4>A base d&rsquo;eau et sans danger pour les enfants<\/h4>\n<p>En 2010, Farrow &amp; Ball a \u00e9t\u00e9 les premiers du secteur \u00e0 passer \u00e0 une gamme de finitions \u00e9labor\u00e9es enti\u00e8rement \u00e0 base d\u2019eau. En effet, ces finitions \u00e0 faible teneur en COV et pratiquement sans odeur sont faciles \u00e0 nettoyer sans recourir \u00e0 des solvants nocifs.<\/p>\n<h4>Finitions de qualit\u00e9<\/h4>\n<p>Tout d&rsquo;abord, chacune de nos couleurs est disponible dans une gamme de finitions de peinture d\u2019int\u00e9rieur et d\u2019ext\u00e9rieur. Ensuite, chaque finition est test\u00e9e de mani\u00e8re rigoureuse pour garantir un fini durable et une profondeur de couleur exceptionnelle. Enfin, pour obtenir les meilleurs r\u00e9sultats, nous recommandons toujours d\u2019utiliser une Impression &amp; Sous-couche Farrow &amp; Ball &#8211; voir plus haut pour trouver la tonalit\u00e9 de couleur exacte pour cette peinture.<\/p>\n","protected":false},"excerpt":{"rendered":"<h3>Un bleu profond\u00e9ment fonc\u00e9<\/h3>\n<p>Hague Blue est un bleu profond aux nuances vertes sous-jacentes, qui varie au fil de la journ\u00e9e, apparaissant tant\u00f4t plus bleu, tant\u00f4t plus vert selon la luminosit\u00e9.<\/p>\n<p>Sous-couche recommand\u00e9e : <a href=\"https:\/\/www.sorainstyles.com\/boutique\/categorie-produit\/appret-sous-couches\/dark-tones\/\" target=\"_blank\" rel=\"noopener\">Dark Tones<\/a><\/p>\n","protected":false},"featured_media":14235,"template":"","meta":{"_acf_changed":false,"_et_pb_use_builder":"","_et_pb_old_content":"","_et_gb_content_width":""},"product_brand":[],"product_cat":[330,341,143,81],"product_tag":[900,406,371,415,366,898,899,362],"class_list":{"0":"post-2047","1":"product","2":"type-product","3":"status-publish","4":"has-post-thumbnail","6":"product_cat-bleu","7":"product_cat-fonce-luminosite","8":"product_cat-nuancier-actuel","9":"product_cat-peintures-de-finition","10":"product_tag-900","11":"product_tag-couleur","12":"product_tag-farrow","13":"product_tag-farrow-ball","14":"product_tag-farrowball","15":"product_tag-hague-blue","16":"product_tag-hague-blue-30","17":"product_tag-peinture","19":"first","20":"instock","21":"taxable","22":"shipping-taxable","23":"purchasable","24":"product-type-variable"},"acf":[],"_links":{"self":[{"href":"https:\/\/www.sorainstyles.com\/boutique\/wp-json\/wp\/v2\/product\/2047","targetHints":{"allow":["GET"]}}],"collection":[{"href":"https:\/\/www.sorainstyles.com\/boutique\/wp-json\/wp\/v2\/product"}],"about":[{"href":"https:\/\/www.sorainstyles.com\/boutique\/wp-json\/wp\/v2\/types\/product"}],"wp:featuredmedia":[{"embeddable":true,"href":"https:\/\/www.sorainstyles.com\/boutique\/wp-json\/wp\/v2\/media\/14235"}],"wp:attachment":[{"href":"https:\/\/www.sorainstyles.com\/boutique\/wp-json\/wp\/v2\/media?parent=2047"}],"wp:term":[{"taxonomy":"product_brand","embeddable":true,"href":"https:\/\/www.sorainstyles.com\/boutique\/wp-json\/wp\/v2\/product_brand?post=2047"},{"taxonomy":"product_cat","embeddable":true,"href":"https:\/\/www.sorainstyles.com\/boutique\/wp-json\/wp\/v2\/product_cat?post=2047"},{"taxonomy":"product_tag","embeddable":true,"href":"https:\/\/www.sorainstyles.com\/boutique\/wp-json\/wp\/v2\/product_tag?post=2047"}],"curies":[{"name":"wp","href":"https:\/\/api.w.org\/{rel}","templated":true}]}}