{"id":2033,"date":"2021-12-07T18:26:16","date_gmt":"2021-12-07T17:26:16","guid":{"rendered":"https:\/\/www.sorainstyles.com\/boutique\/produit\/parma-gray-27\/"},"modified":"2025-10-02T09:13:36","modified_gmt":"2025-10-02T07:13:36","slug":"parma-gray-27","status":"publish","type":"product","link":"https:\/\/www.sorainstyles.com\/boutique\/produit\/parma-gray-27\/","title":{"rendered":"Parma Gray 27"},"content":{"rendered":"<h2>Parma Gray &#8211; No.27 de chez Farrow &amp; Ball<\/h2>\n<h2>Un bleu frais<\/h2>\n<p>La teinte Parma Gray No.27 est un bleu frais. C&rsquo;est une couleur que nous devons au fameux coloriste John Fowler. Utilis\u00e9e comme toile de fond de nombreux films en costume d\u2019\u00e9poque, elle est id\u00e9ale pour cr\u00e9er une ambiance r\u00e9tro lorsqu\u2019elle est mise en contraste avec Wimborne White. Bien que sa fra\u00eecheur puisse se r\u00e9v\u00e9ler assez formelle lorsqu&rsquo;elle est contrast\u00e9e avec un blanc brillant, c\u2019est une couleur incontournable pour ceux qui pr\u00e9f\u00e8rent un d\u00e9cor pur et \u00e9l\u00e9gant.<\/p>\n<p>Primer &amp; Undercoat recommand\u00e9e: <a href=\"https:\/\/www.sorainstyles.com\/boutique\/impressions-sous-couches-farrow-ball\/\">Mid Tones<\/a><\/p>\n<p>Blanc compl\u00e9mentaire : <a href=\"https:\/\/www.sorainstyles.com\/boutique\/produit\/blackened-2011\/\" target=\"_blank\" rel=\"noopener\">Blackened<\/a><\/p>\n<h3>Exemple d\u2019harmonie de couleurs avec la teinte Parma Gray \u2013 No.27<\/h3>\n<ul>\n<li>Railings No.31 &#8211; Hague Blue No.30<\/li>\n<li>Stiffkey Blue No.281 &#8211; Lulworth Blue No.89<\/li>\n<li>Skylight No.205 &#8211; Borrowed Light No.235<\/li>\n<\/ul>\n<h3>Information produit<\/h3>\n<h4>A base d&rsquo;eau et sans danger pour les enfants<\/h4>\n<p>En 2010, Farrow &amp; Ball a \u00e9t\u00e9 les premiers du secteur \u00e0 passer \u00e0 une gamme de finitions \u00e9labor\u00e9es enti\u00e8rement \u00e0 base d\u2019eau. En effet, ces finitions \u00e0 faible teneur en COV et pratiquement sans odeur sont faciles \u00e0 nettoyer sans recourir \u00e0 des solvants nocifs.<\/p>\n<h4>Finitions de qualit\u00e9<\/h4>\n<p>Tout d&rsquo;abord, chacune de nos couleurs est disponible dans une gamme de finitions de peinture d\u2019int\u00e9rieur et d\u2019ext\u00e9rieur. Ensuite, chaque finition est test\u00e9e de mani\u00e8re rigoureuse pour garantir un fini durable et une profondeur de couleur exceptionnelle. Enfin, pour obtenir les meilleurs r\u00e9sultats, nous recommandons toujours d\u2019utiliser une Impression &amp; Sous-couche Farrow &amp; Ball &#8211; voir plus haut pour trouver la tonalit\u00e9 de couleur exacte pour cette peinture.<\/p>\n","protected":false},"excerpt":{"rendered":"<h3>Un bleu frais<\/h3>\n<p>Parma Gray est un bleu frais. C\u2019est une couleur id\u00e9ale pour une ambiance r\u00e9tro lorsqu&rsquo;elle est associ\u00e9e \u00e0 un blanc chaleureux.<\/p>\n<p>Sous-couche recommand\u00e9e : <a href=\"https:\/\/www.sorainstyles.com\/boutique\/categorie-produit\/appret-sous-couches\/mid-tones\/\" target=\"_blank\" rel=\"noopener\">Mid Tones<\/a><\/p>\n","protected":false},"featured_media":14222,"template":"","meta":{"_acf_changed":false,"_et_pb_use_builder":"","_et_pb_old_content":"","_et_gb_content_width":""},"product_brand":[],"product_cat":[330,98,143,81],"product_tag":[893,406,415,366,891,892,362],"class_list":{"0":"post-2033","1":"product","2":"type-product","3":"status-publish","4":"has-post-thumbnail","6":"product_cat-bleu","7":"product_cat-moyen","8":"product_cat-nuancier-actuel","9":"product_cat-peintures-de-finition","10":"product_tag-893","11":"product_tag-couleur","12":"product_tag-farrow-ball","13":"product_tag-farrowball","14":"product_tag-parma-gray","15":"product_tag-parma-gray-27","16":"product_tag-peinture","18":"first","19":"instock","20":"taxable","21":"shipping-taxable","22":"purchasable","23":"product-type-variable"},"acf":[],"_links":{"self":[{"href":"https:\/\/www.sorainstyles.com\/boutique\/wp-json\/wp\/v2\/product\/2033","targetHints":{"allow":["GET"]}}],"collection":[{"href":"https:\/\/www.sorainstyles.com\/boutique\/wp-json\/wp\/v2\/product"}],"about":[{"href":"https:\/\/www.sorainstyles.com\/boutique\/wp-json\/wp\/v2\/types\/product"}],"wp:featuredmedia":[{"embeddable":true,"href":"https:\/\/www.sorainstyles.com\/boutique\/wp-json\/wp\/v2\/media\/14222"}],"wp:attachment":[{"href":"https:\/\/www.sorainstyles.com\/boutique\/wp-json\/wp\/v2\/media?parent=2033"}],"wp:term":[{"taxonomy":"product_brand","embeddable":true,"href":"https:\/\/www.sorainstyles.com\/boutique\/wp-json\/wp\/v2\/product_brand?post=2033"},{"taxonomy":"product_cat","embeddable":true,"href":"https:\/\/www.sorainstyles.com\/boutique\/wp-json\/wp\/v2\/product_cat?post=2033"},{"taxonomy":"product_tag","embeddable":true,"href":"https:\/\/www.sorainstyles.com\/boutique\/wp-json\/wp\/v2\/product_tag?post=2033"}],"curies":[{"name":"wp","href":"https:\/\/api.w.org\/{rel}","templated":true}]}}