{"id":2019,"date":"2021-12-07T18:25:48","date_gmt":"2021-12-07T17:25:48","guid":{"rendered":"https:\/\/www.sorainstyles.com\/boutique\/produit\/powder-blue-23\/"},"modified":"2025-10-02T09:48:01","modified_gmt":"2025-10-02T07:48:01","slug":"powder-blue-23","status":"publish","type":"product","link":"https:\/\/www.sorainstyles.com\/boutique\/produit\/powder-blue-23\/","title":{"rendered":"Powder Blue 23"},"content":{"rendered":"<h2>Powder Blue &#8211; No.23 de chez Farrow &amp; Ball<\/h2>\n<h2>Une version plus affirm\u00e9e que Pale Powder<\/h2>\n<p>La teinte No.23 &#8211; Powder Blue est une couleur bleu vert tr\u00e8s appr\u00e9ci\u00e9e qui a donn\u00e9 naissance \u00e0 un autre classique de Farrow &amp; Ball, Pale Powder. S\u00e9lectionn\u00e9 \u00e0 l\u2019origine sur un \u00e9chantillon par John Fowler, cette version plus bleue que Green Blue continue \u00e0 nous ravir. En effet, cette couleur poss\u00e8de un c\u00f4t\u00e9 chaleureux tr\u00e8s insolite.<\/p>\n<p>Primer &amp; Undercoat recommand\u00e9e: <a href=\"https:\/\/www.sorainstyles.com\/boutique\/impressions-sous-couches-farrow-ball\/\">Dark Tones<\/a><\/p>\n<p>Blanc compl\u00e9mentaire: <a href=\"https:\/\/www.sorainstyles.com\/boutique\/produit\/shadow-white-282\/\" target=\"_blank\" rel=\"noopener\">Shadow White<\/a><\/p>\n<h3>Exemple d\u2019harmonie de couleurs avec la teinte Powder Blue \u2013 No.23<\/h3>\n<ul>\n<li>Vardo No.288 &#8211; Teresa&rsquo;s Green No.236<\/li>\n<\/ul>\n<h3>Information produit<\/h3>\n<h4>A base d&rsquo;eau et sans danger pour les enfants<\/h4>\n<p>En 2010, Farrow &amp; Ball a \u00e9t\u00e9 les premiers du secteur \u00e0 passer \u00e0 une gamme de finitions \u00e9labor\u00e9es enti\u00e8rement \u00e0 base d\u2019eau. En effet, ces finitions \u00e0 faible teneur en COV et pratiquement sans odeur sont faciles \u00e0 nettoyer sans recourir \u00e0 des solvants nocifs.<\/p>\n<h4>Finitions de qualit\u00e9<\/h4>\n<p>Tout d&rsquo;abord, chacune de nos couleurs est disponible dans une gamme de finitions de peinture d\u2019int\u00e9rieur et d\u2019ext\u00e9rieur. Ensuite, chaque finition est test\u00e9e de mani\u00e8re rigoureuse pour garantir un fini durable et une profondeur de couleur exceptionnelle. Enfin, pour obtenir les meilleurs r\u00e9sultats, nous recommandons toujours d\u2019utiliser une Impression &amp; Sous-couche Farrow &amp; Ball &#8211; voir plus haut pour trouver la tonalit\u00e9 de couleur exacte pour cette peinture.<\/p>\n","protected":false},"excerpt":{"rendered":"<h3>Une version plus affirm\u00e9e que Pale Powder<\/h3>\n<p>Powder Blue est une couleur bleu-vert tr\u00e8s pris\u00e9e. Elle m\u00eale la fra\u00eecheur du bleu et la vivacit\u00e9 du vert pour cr\u00e9er une couleur \u00e9quilibr\u00e9e qui rappelle notamment les eaux tropicales et les paysages verdoyants.<\/p>\n<p>Sous-couche recommand\u00e9e : <a href=\"https:\/\/www.sorainstyles.com\/boutique\/categorie-produit\/appret-sous-couches\/dark-tones\/\" target=\"_blank\" rel=\"noopener\">Dark Tones<\/a><\/p>\n","protected":false},"featured_media":14066,"template":"","meta":{"_acf_changed":false,"_et_pb_use_builder":"","_et_pb_old_content":"","_et_gb_content_width":""},"product_brand":[],"product_cat":[343,330,331,81],"product_tag":[880,406,371,415,366,362,879,881],"class_list":{"0":"post-2019","1":"product","2":"type-product","3":"status-publish","4":"has-post-thumbnail","6":"product_cat-archive","7":"product_cat-bleu","8":"product_cat-clair","9":"product_cat-peintures-de-finition","10":"product_tag-880","11":"product_tag-couleur","12":"product_tag-farrow","13":"product_tag-farrow-ball","14":"product_tag-farrowball","15":"product_tag-peinture","16":"product_tag-powder-blue","17":"product_tag-powder-blue-23","19":"first","20":"instock","21":"taxable","22":"shipping-taxable","23":"purchasable","24":"product-type-variable"},"acf":[],"_links":{"self":[{"href":"https:\/\/www.sorainstyles.com\/boutique\/wp-json\/wp\/v2\/product\/2019","targetHints":{"allow":["GET"]}}],"collection":[{"href":"https:\/\/www.sorainstyles.com\/boutique\/wp-json\/wp\/v2\/product"}],"about":[{"href":"https:\/\/www.sorainstyles.com\/boutique\/wp-json\/wp\/v2\/types\/product"}],"wp:featuredmedia":[{"embeddable":true,"href":"https:\/\/www.sorainstyles.com\/boutique\/wp-json\/wp\/v2\/media\/14066"}],"wp:attachment":[{"href":"https:\/\/www.sorainstyles.com\/boutique\/wp-json\/wp\/v2\/media?parent=2019"}],"wp:term":[{"taxonomy":"product_brand","embeddable":true,"href":"https:\/\/www.sorainstyles.com\/boutique\/wp-json\/wp\/v2\/product_brand?post=2019"},{"taxonomy":"product_cat","embeddable":true,"href":"https:\/\/www.sorainstyles.com\/boutique\/wp-json\/wp\/v2\/product_cat?post=2019"},{"taxonomy":"product_tag","embeddable":true,"href":"https:\/\/www.sorainstyles.com\/boutique\/wp-json\/wp\/v2\/product_tag?post=2019"}],"curies":[{"name":"wp","href":"https:\/\/api.w.org\/{rel}","templated":true}]}}