{"id":2014,"date":"2021-12-07T18:25:06","date_gmt":"2021-12-07T17:25:06","guid":{"rendered":"https:\/\/www.sorainstyles.com\/boutique\/produit\/light-blue-22\/"},"modified":"2025-10-02T09:53:05","modified_gmt":"2025-10-02T07:53:05","slug":"light-blue-22","status":"publish","type":"product","link":"https:\/\/www.sorainstyles.com\/boutique\/produit\/light-blue-22\/","title":{"rendered":"Light Blue 22"},"content":{"rendered":"<h2>Light Blue &#8211; No.22 de chez Farrow &amp; Ball<\/h2>\n<h2>Un bleu clair argent\u00e9<\/h2>\n<p>Ce bleu argent\u00e9 fut ainsi nomm\u00e9 parce qu\u2019il s\u2019agissait du bleu le plus clair cr\u00e9\u00e9 par Farrow &amp; Ball au sein de sa premi\u00e8re collection de couleurs. La teinte No.22 Light Blue se r\u00e9v\u00e8le plus argent\u00e9 lorsqu\u2019il est utilis\u00e9 dans les zones ombrag\u00e9es. Il est donc tr\u00e8s populaire sur les murs des halls int\u00e9rieurs, surtout lorsque le reste de la maison est d\u00e9cor\u00e9 dans des tons gris plus frais et plus neutres. Cette teinte est utilis\u00e9e dans des zones b\u00e9n\u00e9ficiant de beaucoup de lumi\u00e8re. Elle y insuffle paix et s\u00e9r\u00e9nit\u00e9, notamment lorsqu\u2019elle est associ\u00e9 \u00e0 un blanc frais comme Blackened.<\/p>\n<p>Primer &amp; Undercoat recommand\u00e9e: <a href=\"https:\/\/www.sorainstyles.com\/boutique\/impressions-sous-couches-farrow-ball\/\" target=\"_blank\" rel=\"noopener\">Mid Tones<\/a><\/p>\n<p>Blanc compl\u00e9mentaire : <a href=\"https:\/\/www.sorainstyles.com\/boutique\/produit\/school-house-white-291\/\" target=\"_blank\" rel=\"noopener\">School House White<\/a><\/p>\n<h3><strong>Exemple d\u2019harmonie de couleurs avec la teinte Light Blue \u2013 No.22<\/strong><\/h3>\n<ul>\n<li>Hague Blue No.30 &#8211; Mouse&rsquo;s Back No.40<\/li>\n<li>Drop Cloth No.283 &#8211; Shaded White No.201<\/li>\n<li>Drop Cloth No.283 &#8211; School House White No.291<\/li>\n<\/ul>\n<h3>Information produit<\/h3>\n<h4>A base d&rsquo;eau et sans danger pour les enfants<\/h4>\n<p>En 2010, Farrow &amp; Ball a \u00e9t\u00e9 les premiers du secteur \u00e0 passer \u00e0 une gamme de finitions \u00e9labor\u00e9es enti\u00e8rement \u00e0 base d\u2019eau. En effet, ces finitions \u00e0 faible teneur en COV et pratiquement sans odeur sont faciles \u00e0 nettoyer sans recourir \u00e0 des solvants nocifs.<\/p>\n<h4>Finitions de qualit\u00e9<\/h4>\n<p>Tout d&rsquo;abord, chacune de nos couleurs est disponible dans une gamme de finitions de peinture d\u2019int\u00e9rieur et d\u2019ext\u00e9rieur. Ensuite, chaque finition est test\u00e9e de mani\u00e8re rigoureuse pour garantir un fini durable et une profondeur de couleur exceptionnelle. Enfin, pour obtenir les meilleurs r\u00e9sultats, nous recommandons toujours d\u2019utiliser une Impression &amp; Sous-couche Farrow &amp; Ball &#8211; voir plus haut pour trouver la tonalit\u00e9 de couleur exacte pour cette peinture.<\/p>\n","protected":false},"excerpt":{"rendered":"<h3>Un bleu clair argent\u00e9<\/h3>\n<p>Ce bleu clair devient plus argent\u00e9 dans les zones ombrag\u00e9es. \u00c0 l\u2019inverse, utilis\u00e9 dans des zones b\u00e9n\u00e9ficiant de beaucoup de lumi\u00e8re, il y insuffle paix et s\u00e9r\u00e9nit\u00e9, notamment lorsqu\u2019il est associ\u00e9 \u00e0 un blanc frais.<\/p>\n<p>Sous-couche recommand\u00e9e : <a href=\"https:\/\/www.sorainstyles.com\/boutique\/categorie-produit\/appret-sous-couches\/mid-tones\/\" target=\"_blank\" rel=\"noopener\">Mid Tones<\/a><\/p>\n","protected":false},"featured_media":14231,"template":"","meta":{"_acf_changed":false,"_et_pb_use_builder":"","_et_pb_old_content":"","_et_gb_content_width":""},"product_brand":[],"product_cat":[330,98,143,81],"product_tag":[878,406,371,415,366,876,877,362],"class_list":{"0":"post-2014","1":"product","2":"type-product","3":"status-publish","4":"has-post-thumbnail","6":"product_cat-bleu","7":"product_cat-moyen","8":"product_cat-nuancier-actuel","9":"product_cat-peintures-de-finition","10":"product_tag-878","11":"product_tag-couleur","12":"product_tag-farrow","13":"product_tag-farrow-ball","14":"product_tag-farrowball","15":"product_tag-light-blue","16":"product_tag-light-blue-22","17":"product_tag-peinture","19":"first","20":"instock","21":"taxable","22":"shipping-taxable","23":"purchasable","24":"product-type-variable"},"acf":[],"_links":{"self":[{"href":"https:\/\/www.sorainstyles.com\/boutique\/wp-json\/wp\/v2\/product\/2014","targetHints":{"allow":["GET"]}}],"collection":[{"href":"https:\/\/www.sorainstyles.com\/boutique\/wp-json\/wp\/v2\/product"}],"about":[{"href":"https:\/\/www.sorainstyles.com\/boutique\/wp-json\/wp\/v2\/types\/product"}],"wp:featuredmedia":[{"embeddable":true,"href":"https:\/\/www.sorainstyles.com\/boutique\/wp-json\/wp\/v2\/media\/14231"}],"wp:attachment":[{"href":"https:\/\/www.sorainstyles.com\/boutique\/wp-json\/wp\/v2\/media?parent=2014"}],"wp:term":[{"taxonomy":"product_brand","embeddable":true,"href":"https:\/\/www.sorainstyles.com\/boutique\/wp-json\/wp\/v2\/product_brand?post=2014"},{"taxonomy":"product_cat","embeddable":true,"href":"https:\/\/www.sorainstyles.com\/boutique\/wp-json\/wp\/v2\/product_cat?post=2014"},{"taxonomy":"product_tag","embeddable":true,"href":"https:\/\/www.sorainstyles.com\/boutique\/wp-json\/wp\/v2\/product_tag?post=2014"}],"curies":[{"name":"wp","href":"https:\/\/api.w.org\/{rel}","templated":true}]}}