{"id":1995,"date":"2021-12-07T18:24:32","date_gmt":"2021-12-07T17:24:32","guid":{"rendered":"https:\/\/www.sorainstyles.com\/boutique\/produit\/buff-20\/"},"modified":"2025-10-07T11:52:20","modified_gmt":"2025-10-07T09:52:20","slug":"buff-20","status":"publish","type":"product","link":"https:\/\/www.sorainstyles.com\/boutique\/produit\/buff-20\/","title":{"rendered":"Buff 20"},"content":{"rendered":"<h2>Buff &#8211; No.20 de chez Farrow &amp; Ball<\/h2>\n<h3>Un beige caramel<\/h3>\n<p>La teinte No.20 Buff est un neutre sableux renfermant une v\u00e9ritable chaleur qui convient tr\u00e8s bien dans un int\u00e9rieur avec des combinaisons plus traditionnelles, particuli\u00e8rement en association avec des rouges victoriens profonds, ou avec une combinaison plus moderne, avec un accent plus fonc\u00e9 que Jitney. Il tire son nom des anciens aurochs, ou \u00ab\u00a0Buffe\u00a0\u00bb, une race de b\u00e9tail sauvage aujourd\u2019hui disparue.<\/p>\n<p>Primer &amp; Undercoat recommand\u00e9e: <a href=\"https:\/\/www.sorainstyles.com\/boutique\/categorie-produit\/appret-sous-couches\/mid-tones\/\" target=\"_blank\" rel=\"noopener\">Mid Tones<\/a><\/p>\n<p>Blanc compl\u00e9mentaire : <a href=\"https:\/\/www.sorainstyles.com\/boutique\/produit\/joas-white-226\/\" target=\"_blank\" rel=\"noopener\">Joa&rsquo;s White<\/a><\/p>\n<h3>Exemple d\u2019harmonies de couleurs avec la teinte Buff \u2013 No.20<\/h3>\n<ul>\n<li>Treron No.292 &#8211; Pigeon No.25<\/li>\n<\/ul>\n<h3>Information produit<\/h3>\n<h4>A base d&rsquo;eau et sans danger pour les enfants<\/h4>\n<p>En 2010, Farrow &amp; Ball a \u00e9t\u00e9 les premiers du secteur \u00e0 passer \u00e0 une gamme de finitions \u00e9labor\u00e9es enti\u00e8rement \u00e0 base d\u2019eau. En effet, ces finitions \u00e0 faible teneur en COV et pratiquement sans odeur sont faciles \u00e0 nettoyer sans recourir \u00e0 des solvants nocifs.<\/p>\n<h4>Finitions de qualit\u00e9<\/h4>\n<p>Tout d&rsquo;abord, chacune de nos couleurs est disponible dans une gamme de finitions de peinture d\u2019int\u00e9rieur et d\u2019ext\u00e9rieur. Ensuite, chaque finition est test\u00e9e de mani\u00e8re rigoureuse pour garantir un fini durable et une profondeur de couleur exceptionnelle. Enfin, pour obtenir les meilleurs r\u00e9sultats, nous recommandons toujours d\u2019utiliser une Impression &amp; Sous-couche Farrow &amp; Ball &#8211; voir plus haut pour trouver la tonalit\u00e9 de couleur exacte pour cette peinture.<\/p>\n","protected":false},"excerpt":{"rendered":"<h3>Un beige caramel<\/h3>\n<p>Buff est un neutre sableux chaleureux qui se marie parfaitement avec des rouges victoriens profonds pour un int\u00e9rieur traditionnel ou avec des teintes plus modernes comme des taupes pour une touche contemporaine.<\/p>\n<p>Sous-couche recommand\u00e9e : <a href=\"https:\/\/www.sorainstyles.com\/boutique\/categorie-produit\/appret-sous-couches\/mid-tones\/\" target=\"_blank\" rel=\"noopener\">Mid Tones<\/a><\/p>\n","protected":false},"featured_media":14150,"template":"","meta":{"_acf_changed":false,"_et_pb_use_builder":"","_et_pb_old_content":"","_et_gb_content_width":""},"product_brand":[],"product_cat":[343,98,329,81],"product_tag":[873,874,406,371,415,366,362],"class_list":{"0":"post-1995","1":"product","2":"type-product","3":"status-publish","4":"has-post-thumbnail","6":"product_cat-archive","7":"product_cat-moyen","8":"product_cat-neutre","9":"product_cat-peintures-de-finition","10":"product_tag-buff","11":"product_tag-buff-20","12":"product_tag-couleur","13":"product_tag-farrow","14":"product_tag-farrow-ball","15":"product_tag-farrowball","16":"product_tag-peinture","18":"first","19":"instock","20":"taxable","21":"shipping-taxable","22":"purchasable","23":"product-type-variable"},"acf":[],"_links":{"self":[{"href":"https:\/\/www.sorainstyles.com\/boutique\/wp-json\/wp\/v2\/product\/1995","targetHints":{"allow":["GET"]}}],"collection":[{"href":"https:\/\/www.sorainstyles.com\/boutique\/wp-json\/wp\/v2\/product"}],"about":[{"href":"https:\/\/www.sorainstyles.com\/boutique\/wp-json\/wp\/v2\/types\/product"}],"wp:featuredmedia":[{"embeddable":true,"href":"https:\/\/www.sorainstyles.com\/boutique\/wp-json\/wp\/v2\/media\/14150"}],"wp:attachment":[{"href":"https:\/\/www.sorainstyles.com\/boutique\/wp-json\/wp\/v2\/media?parent=1995"}],"wp:term":[{"taxonomy":"product_brand","embeddable":true,"href":"https:\/\/www.sorainstyles.com\/boutique\/wp-json\/wp\/v2\/product_brand?post=1995"},{"taxonomy":"product_cat","embeddable":true,"href":"https:\/\/www.sorainstyles.com\/boutique\/wp-json\/wp\/v2\/product_cat?post=1995"},{"taxonomy":"product_tag","embeddable":true,"href":"https:\/\/www.sorainstyles.com\/boutique\/wp-json\/wp\/v2\/product_tag?post=1995"}],"curies":[{"name":"wp","href":"https:\/\/api.w.org\/{rel}","templated":true}]}}