{"id":1986,"date":"2021-12-07T18:24:26","date_gmt":"2021-12-07T17:24:26","guid":{"rendered":"https:\/\/www.sorainstyles.com\/boutique\/produit\/french-gray-18\/"},"modified":"2025-10-19T17:01:09","modified_gmt":"2025-10-19T15:01:09","slug":"french-gray-18","status":"publish","type":"product","link":"https:\/\/www.sorainstyles.com\/boutique\/produit\/french-gray-18\/","title":{"rendered":"French Gray 18"},"content":{"rendered":"<h1 class=\"product-hero__title\">French Gray &#8211; No.18 de chez Farrow &amp; Ball<\/h1>\n<h2>Un gris vert apaisant<\/h2>\n<p>La teinte No.18 &#8211; French Gray est, en r\u00e9alit\u00e9, plus vert que gris. En revanche, cette couleur alterne entre les deux tonalit\u00e9s selon la lumi\u00e8re et le moment de la journ\u00e9e. Inspir\u00e9 de la d\u00e9coration fran\u00e7aise et des papiers peints utilis\u00e9s au XIXe si\u00e8cle, il permet de cr\u00e9er des pi\u00e8ces propices \u00e0 la d\u00e9tente. Cette couleur apaisante convient parfaitement \u00e0 la d\u00e9coration des boiseries ext\u00e9rieures et est particuli\u00e8rement pris\u00e9e en Exterior Eggshell, notre finition mate, pour les portes d\u2019entr\u00e9e ou les meubles de jardin car elle s\u2019int\u00e8gre avec bonheur dans la v\u00e9g\u00e9tation.<\/p>\n<p>Primer &amp; Undercoat recommand\u00e9e:\u00a0<a href=\"https:\/\/www.sorainstyles.com\/boutique\/produit\/wall-ceilling-primer-undercoat\/\" target=\"_blank\" rel=\"noopener\">Mid Tones<\/a><\/p>\n<p>Blanc compl\u00e9mentaire :\u00a0<a href=\"https:\/\/www.sorainstyles.com\/boutique\/produit\/slipper-satin-2004\/\" target=\"_blank\" rel=\"noopener\">Slipper Satin<\/a><\/p>\n<h3>3 exemples d&rsquo;harmonies de couleurs avec la teinte French Gray &#8211; No.18<\/h3>\n<ul>\n<li>Slipper Satin No.2004 &#8211; Lime White No.1<\/li>\n<li>Eddy No.301 &#8211; Off-White No.3<\/li>\n<li>Treron No.292 &#8211; Mouse&rsquo;s Back No.40<\/li>\n<\/ul>\n<h3>Information produit<\/h3>\n<h4>A base d&rsquo;eau et sans danger pour les enfants<\/h4>\n<p>En 2010, Farrow &amp; Ball a \u00e9t\u00e9 les premiers du secteur \u00e0 passer \u00e0 une gamme de finitions \u00e9labor\u00e9es enti\u00e8rement \u00e0 base d\u2019eau. D&rsquo;ailleurs, ces finitions \u00e0 faible teneur en COV et pratiquement sans odeur sont faciles \u00e0 nettoyer sans recourir \u00e0 des solvants nocifs.<\/p>\n<h4>Finitions de qualit\u00e9<\/h4>\n<p>Tout d&rsquo;abord, chacune de nos couleurs est disponible dans une gamme de finitions de peinture d\u2019int\u00e9rieur et d\u2019ext\u00e9rieur. Ensuite, chaque finition est test\u00e9e de mani\u00e8re rigoureuse pour garantir un fini durable et une profondeur de couleur exceptionnelle. Par ailleurs, pour obtenir les meilleurs r\u00e9sultats, nous recommandons toujours d\u2019utiliser une Impression &amp; Sous-couche Farrow &amp; Ball &#8211; voir plus haut pour trouver la tonalit\u00e9 de couleur exacte pour cette peinture<\/p>\n","protected":false},"excerpt":{"rendered":"<h3>Un gris vert apaisant<\/h3>\n<p>French Gray est une couleur plus verte que grise. C\u2019est une couleur qui varie \u00e9norm\u00e9ment selon la lumi\u00e8re. C\u2019est une teinte qui permet de cr\u00e9er des espaces apaisants.<\/p>\n<p>Sous-couche recommand\u00e9e : <a href=\"https:\/\/www.sorainstyles.com\/boutique\/categorie-produit\/appret-sous-couches\/mid-tones\/\" target=\"_blank\" rel=\"noopener\">Mid Tones<\/a><\/p>\n","protected":false},"featured_media":14269,"template":"","meta":{"_acf_changed":false,"_et_pb_use_builder":"","_et_pb_old_content":"","_et_gb_content_width":""},"product_brand":[],"product_cat":[331,143,81,92],"product_tag":[834,406,371,415,366,833,870,362,350],"class_list":{"0":"post-1986","1":"product","2":"type-product","3":"status-publish","4":"has-post-thumbnail","6":"product_cat-clair","7":"product_cat-nuancier-actuel","8":"product_cat-peintures-de-finition","9":"product_cat-vert","10":"product_tag-834","11":"product_tag-couleur","12":"product_tag-farrow","13":"product_tag-farrow-ball","14":"product_tag-farrowball","15":"product_tag-french-gray","16":"product_tag-french-gray-18","17":"product_tag-peinture","18":"product_tag-vert","20":"first","21":"instock","22":"taxable","23":"shipping-taxable","24":"purchasable","25":"product-type-variable"},"acf":[],"_links":{"self":[{"href":"https:\/\/www.sorainstyles.com\/boutique\/wp-json\/wp\/v2\/product\/1986","targetHints":{"allow":["GET"]}}],"collection":[{"href":"https:\/\/www.sorainstyles.com\/boutique\/wp-json\/wp\/v2\/product"}],"about":[{"href":"https:\/\/www.sorainstyles.com\/boutique\/wp-json\/wp\/v2\/types\/product"}],"wp:featuredmedia":[{"embeddable":true,"href":"https:\/\/www.sorainstyles.com\/boutique\/wp-json\/wp\/v2\/media\/14269"}],"wp:attachment":[{"href":"https:\/\/www.sorainstyles.com\/boutique\/wp-json\/wp\/v2\/media?parent=1986"}],"wp:term":[{"taxonomy":"product_brand","embeddable":true,"href":"https:\/\/www.sorainstyles.com\/boutique\/wp-json\/wp\/v2\/product_brand?post=1986"},{"taxonomy":"product_cat","embeddable":true,"href":"https:\/\/www.sorainstyles.com\/boutique\/wp-json\/wp\/v2\/product_cat?post=1986"},{"taxonomy":"product_tag","embeddable":true,"href":"https:\/\/www.sorainstyles.com\/boutique\/wp-json\/wp\/v2\/product_tag?post=1986"}],"curies":[{"name":"wp","href":"https:\/\/api.w.org\/{rel}","templated":true}]}}