{"id":1983,"date":"2021-12-07T18:24:25","date_gmt":"2021-12-07T17:24:25","guid":{"rendered":"https:\/\/www.sorainstyles.com\/boutique\/produit\/light-gray-17\/"},"modified":"2025-10-07T11:50:42","modified_gmt":"2025-10-07T09:50:42","slug":"light-gray-17","status":"publish","type":"product","link":"https:\/\/www.sorainstyles.com\/boutique\/produit\/light-gray-17\/","title":{"rendered":"Light Gray 17"},"content":{"rendered":"<h1>Light Gray &#8211; No.17 de chez Farrow &amp; Ball<\/h1>\n<h2>Un vert gris min\u00e9ral<\/h2>\n<p>La teinte No.17 &#8211; Light Gray per\u00e7ue comme un vert gris min\u00e9ral fut pour la premi\u00e8re fois utilis\u00e9 comme nom de couleur au IXe si\u00e8cle. En effet, c\u2019est un nom ancien pour une couleur intemporelle. Cette couleur a un fond vert discret qui lui conf\u00e8re une profondeur incomparable quand elle est appliqu\u00e9e sur les murs. C\u2019est aussi une couleur accent id\u00e9ale \u00e0 utiliser sur les <a href=\"https:\/\/www.cotemaison.fr\/relooking-meubles_6807.html\" target=\"_blank\" rel=\"noopener\">meubles<\/a> et la menuiserie en contraste avec nos Traditional Neutrals, comme Off-White et Old White. Il peut \u00e9galement \u00eatre combin\u00e9 \u00e0 Stiffkey Blue pour insuffler une ambiance d\u00e9contract\u00e9e.<\/p>\n<p>Primer &amp; Undercoat recommand\u00e9e: <a href=\"https:\/\/www.sorainstyles.com\/boutique\/categorie-produit\/appret-sous-couches\/mid-tones\/\" target=\"_blank\" rel=\"noopener\">Mid Tones<\/a><\/p>\n<p>Blanc compl\u00e9mentaire : <a href=\"https:\/\/www.sorainstyles.com\/boutique\/produit\/slipper-satin-2004\/\" target=\"_blank\" rel=\"noopener\">Slipper Satin<\/a><\/p>\n<h3>4 exemples d&rsquo;harmonies de couleurs avec la teinte Light Gray &#8211; No.17<\/h3>\n<ul>\n<li>Green Smoke No.47 &#8211; Stiffkey Blue No.281<\/li>\n<li>Slipper Satin No.2004 &#8211; Lime White No.1<\/li>\n<li>Off-White No.3 &#8211; Old White No.4<\/li>\n<li>Mouse&rsquo;s Back No.40 &#8211; Tanner&rsquo;s Brown No.255<\/li>\n<\/ul>\n<h3>Information produit<\/h3>\n<h4>A base d&rsquo;eau et sans danger pour les enfants<\/h4>\n<p>En 2010, Farrow &amp; Ball a \u00e9t\u00e9 les premiers du secteur \u00e0 passer \u00e0 une gamme de finitions \u00e9labor\u00e9es enti\u00e8rement \u00e0 base d\u2019eau. En effet, ces finitions \u00e0 faible teneur en COV et pratiquement sans odeur sont faciles \u00e0 nettoyer sans recourir \u00e0 des solvants nocifs.<\/p>\n<h4>Finitions de qualit\u00e9<\/h4>\n<p>Tout d&rsquo;abord, chacune de nos couleurs est disponible dans une gamme de finitions de peinture d\u2019int\u00e9rieur et d\u2019ext\u00e9rieur. Ensuite, chaque finition est test\u00e9e de mani\u00e8re rigoureuse pour garantir un fini durable et une profondeur de couleur exceptionnelle. Enfin, pour obtenir les meilleurs r\u00e9sultats, nous recommandons toujours d\u2019utiliser une Impression &amp; Sous-couche Farrow &amp; Ball &#8211; voir plus haut pour trouver la tonalit\u00e9 de couleur exacte pour cette peinture.<\/p>\n","protected":false},"excerpt":{"rendered":"<h3>Un vert gris min\u00e9ral<\/h3>\n<p>Light Gray per\u00e7ue comme un vert gris min\u00e9ral, apporte une profondeur incomparable \u00e0 vos murs ainsi que vos meubles et menuiseries.<\/p>\n<p>Sous-couche recommand\u00e9e : <a href=\"https:\/\/www.sorainstyles.com\/boutique\/categorie-produit\/appret-sous-couches\/mid-tones\/\" target=\"_blank\" rel=\"noopener\">Mid Tones<\/a><\/p>\n","protected":false},"featured_media":14282,"template":"","meta":{"_acf_changed":false,"_et_pb_use_builder":"","_et_pb_old_content":"","_et_gb_content_width":""},"product_brand":[],"product_cat":[98,329,143,81],"product_tag":[464,406,371,366,463,362],"class_list":{"0":"post-1983","1":"product","2":"type-product","3":"status-publish","4":"has-post-thumbnail","6":"product_cat-moyen","7":"product_cat-neutre","8":"product_cat-nuancier-actuel","9":"product_cat-peintures-de-finition","10":"product_tag-464","11":"product_tag-couleur","12":"product_tag-farrow","13":"product_tag-farrowball","14":"product_tag-light-gray","15":"product_tag-peinture","17":"first","18":"instock","19":"taxable","20":"shipping-taxable","21":"purchasable","22":"product-type-variable"},"acf":[],"_links":{"self":[{"href":"https:\/\/www.sorainstyles.com\/boutique\/wp-json\/wp\/v2\/product\/1983","targetHints":{"allow":["GET"]}}],"collection":[{"href":"https:\/\/www.sorainstyles.com\/boutique\/wp-json\/wp\/v2\/product"}],"about":[{"href":"https:\/\/www.sorainstyles.com\/boutique\/wp-json\/wp\/v2\/types\/product"}],"wp:featuredmedia":[{"embeddable":true,"href":"https:\/\/www.sorainstyles.com\/boutique\/wp-json\/wp\/v2\/media\/14282"}],"wp:attachment":[{"href":"https:\/\/www.sorainstyles.com\/boutique\/wp-json\/wp\/v2\/media?parent=1983"}],"wp:term":[{"taxonomy":"product_brand","embeddable":true,"href":"https:\/\/www.sorainstyles.com\/boutique\/wp-json\/wp\/v2\/product_brand?post=1983"},{"taxonomy":"product_cat","embeddable":true,"href":"https:\/\/www.sorainstyles.com\/boutique\/wp-json\/wp\/v2\/product_cat?post=1983"},{"taxonomy":"product_tag","embeddable":true,"href":"https:\/\/www.sorainstyles.com\/boutique\/wp-json\/wp\/v2\/product_tag?post=1983"}],"curies":[{"name":"wp","href":"https:\/\/api.w.org\/{rel}","templated":true}]}}