{"id":1978,"date":"2021-12-07T18:24:21","date_gmt":"2021-12-07T17:24:21","guid":{"rendered":"https:\/\/www.sorainstyles.com\/boutique\/produit\/cord-16\/"},"modified":"2025-10-07T11:47:43","modified_gmt":"2025-10-07T09:47:43","slug":"cord-16","status":"publish","type":"product","link":"https:\/\/www.sorainstyles.com\/boutique\/produit\/cord-16\/","title":{"rendered":"Cord 16"},"content":{"rendered":"<h1>Cord &#8211; No.16 de chez Farrow &amp; Ball<\/h1>\n<h2>Un puissant ton neutre terreux<\/h2>\n<p>Ce ton neutre terreux est une version puissante de String, tant pour ce qui est de sa couleur que de son utilisation ! Il \u00e9mane de la teinte No.16 &#8211; Cord un aspect traditionnel, qui convient parfaitement aux meubles de cuisine, qu\u2019on pourra alors combiner \u00e0 String ou Matchstick sur les murs. Cette tonalit\u00e9 chaude \u00e0 l\u2019aspect vieilli fait preuve d\u2019une profondeur de couleur \u00e9tonnante dans les pi\u00e8ces peu \u00e9clair\u00e9es. \u00a0Elle est ainsi souvent utilis\u00e9e dans les bureaux et les biblioth\u00e8ques.<\/p>\n<p>Primer &amp; Undercoat recommand\u00e9e: <a href=\"https:\/\/www.sorainstyles.com\/boutique\/categorie-produit\/appret-sous-couches\/mid-tones\/\" target=\"_blank\" rel=\"noopener\">Mid Tones<\/a><\/p>\n<p>Blanc compl\u00e9mentaire : <a href=\"https:\/\/www.sorainstyles.com\/boutique\/produit\/white-tie-2002\/\" target=\"_blank\" rel=\"noopener\">White Tie<\/a><\/p>\n<h3>4 exemples d&rsquo;harmonies de couleurs avec la teinte Cord &#8211; No.16<\/h3>\n<ul>\n<li>Calke Green No.34 &#8211; Tanner&rsquo;s Brown No.255<\/li>\n<li>White Tie No.2002 &#8211; New White No.59<\/li>\n<li>Matchstick No.2013 &#8211; String No.8<\/li>\n<li>Mouse&rsquo;s Back No.40 &#8211; Green Smoke No.47<\/li>\n<\/ul>\n<h3>Information produit<\/h3>\n<h4>A base d&rsquo;eau et sans danger pour les enfants<\/h4>\n<p>En 2010, Farrow &amp; Ball a \u00e9t\u00e9 les premiers du secteur \u00e0 passer \u00e0 une gamme de finitions \u00e9labor\u00e9es enti\u00e8rement \u00e0 base d\u2019eau. En effet, ces finitions \u00e0 faible teneur en COV et pratiquement sans odeur sont faciles \u00e0 nettoyer sans recourir \u00e0 des solvants nocifs.<\/p>\n<h4>Finitions de qualit\u00e9<\/h4>\n<p>Tout d&rsquo;abord, chacune de nos couleurs est disponible dans une gamme de finitions de peinture d\u2019int\u00e9rieur et d\u2019ext\u00e9rieur. Ensuite, chaque finition est test\u00e9e de mani\u00e8re rigoureuse pour garantir un fini durable et une profondeur de couleur exceptionnelle. Enfin, pour obtenir les meilleurs r\u00e9sultats, nous recommandons toujours d\u2019utiliser une Impression &amp; Sous-couche Farrow &amp; Ball &#8211; voir plus haut pour trouver la tonalit\u00e9 de couleur exacte pour cette peinture.<\/p>\n","protected":false},"excerpt":{"rendered":"<h3>Un puissant ton neutre terreux<\/h3>\n<p>Cord est un ton neutre terreux \u00e0 base de jaune, qui apporte un aspect traditionnel et domestique. Cette couleur offre une profondeur de couleur \u00e9tonnante dans les pi\u00e8ces peu \u00e9clair\u00e9es.<\/p>\n<p>Sous-couche recommand\u00e9e : <a href=\"https:\/\/www.sorainstyles.com\/boutique\/categorie-produit\/appret-sous-couches\/mid-tones\/\" target=\"_blank\" rel=\"noopener\">Mid Tones<\/a><\/p>\n","protected":false},"featured_media":14281,"template":"","meta":{"_acf_changed":false,"_et_pb_use_builder":"","_et_pb_old_content":"","_et_gb_content_width":""},"product_brand":[],"product_cat":[331,329,143,81],"product_tag":[466,465,406,371,366,362],"class_list":{"0":"post-1978","1":"product","2":"type-product","3":"status-publish","4":"has-post-thumbnail","6":"product_cat-clair","7":"product_cat-neutre","8":"product_cat-nuancier-actuel","9":"product_cat-peintures-de-finition","10":"product_tag-466","11":"product_tag-cord","12":"product_tag-couleur","13":"product_tag-farrow","14":"product_tag-farrowball","15":"product_tag-peinture","17":"first","18":"instock","19":"taxable","20":"shipping-taxable","21":"purchasable","22":"product-type-variable"},"acf":[],"_links":{"self":[{"href":"https:\/\/www.sorainstyles.com\/boutique\/wp-json\/wp\/v2\/product\/1978","targetHints":{"allow":["GET"]}}],"collection":[{"href":"https:\/\/www.sorainstyles.com\/boutique\/wp-json\/wp\/v2\/product"}],"about":[{"href":"https:\/\/www.sorainstyles.com\/boutique\/wp-json\/wp\/v2\/types\/product"}],"wp:featuredmedia":[{"embeddable":true,"href":"https:\/\/www.sorainstyles.com\/boutique\/wp-json\/wp\/v2\/media\/14281"}],"wp:attachment":[{"href":"https:\/\/www.sorainstyles.com\/boutique\/wp-json\/wp\/v2\/media?parent=1978"}],"wp:term":[{"taxonomy":"product_brand","embeddable":true,"href":"https:\/\/www.sorainstyles.com\/boutique\/wp-json\/wp\/v2\/product_brand?post=1978"},{"taxonomy":"product_cat","embeddable":true,"href":"https:\/\/www.sorainstyles.com\/boutique\/wp-json\/wp\/v2\/product_cat?post=1978"},{"taxonomy":"product_tag","embeddable":true,"href":"https:\/\/www.sorainstyles.com\/boutique\/wp-json\/wp\/v2\/product_tag?post=1978"}],"curies":[{"name":"wp","href":"https:\/\/api.w.org\/{rel}","templated":true}]}}