{"id":1969,"date":"2021-12-07T18:24:14","date_gmt":"2021-12-07T17:24:14","guid":{"rendered":"https:\/\/www.sorainstyles.com\/boutique\/produit\/olive-13\/"},"modified":"2025-10-07T11:32:09","modified_gmt":"2025-10-07T09:32:09","slug":"olive-13","status":"publish","type":"product","link":"https:\/\/www.sorainstyles.com\/boutique\/produit\/olive-13\/","title":{"rendered":"Olive 13"},"content":{"rendered":"<h1>Archive Collection : Olive &#8211; No.13 de chez Farrow &amp; Ball<\/h1>\n<h2>Un vert kaki riche et terreux<\/h2>\n<p>La teinte No.13 &#8211; Olive est un vert tr\u00e8s terreux utilis\u00e9 dans les <a href=\"https:\/\/www.cotemaison.fr\/deco-mur-sol\/diaporama\/lambris-pvc-lambris-bois-les-plus-beaux-lambris_20073.html\" target=\"_blank\" rel=\"noopener\">pi\u00e8ces lambriss\u00e9es<\/a>. Il convient davantage \u00e0 des espaces sombres, o\u00f9 la richesse de cette couleur peut r\u00e9ellement s\u2019exprimer. Pour cette raison, il est tout \u00e0 fait \u00e0 l\u2019aise en association avec un neutre traditionnel tel que Off-White ou Old White.<\/p>\n<p>Primer &amp; Undercoat recommand\u00e9e: <a href=\"https:\/\/www.sorainstyles.com\/boutique\/categorie-produit\/appret-sous-couches\/dark-tones\/\" target=\"_blank\" rel=\"noopener\">Dark Tones<\/a><\/p>\n<p>Blanc compl\u00e9mentaire:\u00a0<a href=\"https:\/\/www.sorainstyles.com\/boutique\/produit\/lime-white-1\/\" target=\"_blank\" rel=\"noopener\">Lime White<\/a><\/p>\n<h3>7 exemples d\u2019harmonies de couleurs avec la teinte Olive \u2013 No.13<\/h3>\n<ul>\n<li>Setting Plaster No.231 &#8211; Tanner&rsquo;s Brown No.255<\/li>\n<li>Bancha No.298 &#8211; Mouse&rsquo;s Back No.40<\/li>\n<li>Porphyry Pink No.49 &#8211; Railings No.31<\/li>\n<li>Off-White No.3 &#8211; Bancha No.298<\/li>\n<li>Slipper Satin No.2004 &#8211; Lime White No.1<\/li>\n<li>Hay No.37 &#8211; Railings No.31<\/li>\n<li>Off-White No.3 &#8211; Old White No.4<\/li>\n<\/ul>\n<h3>Information produit<\/h3>\n<h4>A base d&rsquo;eau et sans danger pour les enfants<\/h4>\n<p>En 2010, Farrow &amp; Ball a \u00e9t\u00e9 les premiers du secteur \u00e0 passer \u00e0 une gamme de finitions \u00e9labor\u00e9es enti\u00e8rement \u00e0 base d\u2019eau. Ces finitions \u00e0 faible teneur en COV et pratiquement sans odeur sont faciles \u00e0 nettoyer sans recourir \u00e0 des solvants nocifs.<\/p>\n<h4>Finitions de qualit\u00e9<\/h4>\n<p>Chacune de nos couleurs est disponible dans une gamme de finitions de peinture d\u2019int\u00e9rieur et d\u2019ext\u00e9rieur. Chaque finition est test\u00e9e de mani\u00e8re rigoureuse pour garantir un fini durable et une profondeur de couleur exceptionnelle. Pour obtenir les meilleurs r\u00e9sultats, nous recommandons toujours d\u2019utiliser une Impression &amp; Sous-couche Farrow &amp; Ball &#8211; voir plus haut pour trouver la tonalit\u00e9 de couleur exacte pour cette peinture.<\/p>\n","protected":false},"excerpt":{"rendered":"<h3>Un vert kaki riche et terreux<\/h3>\n<p>Olive est un vert tr\u00e8s terreux et se r\u00e9v\u00e8le particuli\u00e8rement riche dans les espaces sombres, o\u00f9 il s&rsquo;associe parfaitement avec des neutres traditionnels.<\/p>\n<p>Sous-couche recommand\u00e9e : <a href=\"https:\/\/www.sorainstyles.com\/boutique\/categorie-produit\/appret-sous-couches\/dark-tones\/\" target=\"_blank\" rel=\"noopener\">Dark Tones<\/a><\/p>\n","protected":false},"featured_media":14143,"template":"","meta":{"_acf_changed":false,"_et_pb_use_builder":"","_et_pb_old_content":"","_et_gb_content_width":""},"product_brand":[],"product_cat":[343,139,98,329,81],"product_tag":[482,406,371,366,481,362],"class_list":{"0":"post-1969","1":"product","2":"type-product","3":"status-publish","4":"has-post-thumbnail","6":"product_cat-archive","7":"product_cat-liberty-collection","8":"product_cat-moyen","9":"product_cat-neutre","10":"product_cat-peintures-de-finition","11":"product_tag-482","12":"product_tag-couleur","13":"product_tag-farrow","14":"product_tag-farrowball","15":"product_tag-olive","16":"product_tag-peinture","18":"first","19":"instock","20":"taxable","21":"shipping-taxable","22":"purchasable","23":"product-type-variable"},"acf":[],"_links":{"self":[{"href":"https:\/\/www.sorainstyles.com\/boutique\/wp-json\/wp\/v2\/product\/1969","targetHints":{"allow":["GET"]}}],"collection":[{"href":"https:\/\/www.sorainstyles.com\/boutique\/wp-json\/wp\/v2\/product"}],"about":[{"href":"https:\/\/www.sorainstyles.com\/boutique\/wp-json\/wp\/v2\/types\/product"}],"wp:featuredmedia":[{"embeddable":true,"href":"https:\/\/www.sorainstyles.com\/boutique\/wp-json\/wp\/v2\/media\/14143"}],"wp:attachment":[{"href":"https:\/\/www.sorainstyles.com\/boutique\/wp-json\/wp\/v2\/media?parent=1969"}],"wp:term":[{"taxonomy":"product_brand","embeddable":true,"href":"https:\/\/www.sorainstyles.com\/boutique\/wp-json\/wp\/v2\/product_brand?post=1969"},{"taxonomy":"product_cat","embeddable":true,"href":"https:\/\/www.sorainstyles.com\/boutique\/wp-json\/wp\/v2\/product_cat?post=1969"},{"taxonomy":"product_tag","embeddable":true,"href":"https:\/\/www.sorainstyles.com\/boutique\/wp-json\/wp\/v2\/product_tag?post=1969"}],"curies":[{"name":"wp","href":"https:\/\/api.w.org\/{rel}","templated":true}]}}