{"id":1966,"date":"2021-12-07T18:24:13","date_gmt":"2021-12-07T17:24:13","guid":{"rendered":"https:\/\/www.sorainstyles.com\/boutique\/produit\/green-stone-12\/"},"modified":"2025-10-07T11:24:39","modified_gmt":"2025-10-07T09:24:39","slug":"green-stone-12","status":"publish","type":"product","link":"https:\/\/www.sorainstyles.com\/boutique\/produit\/green-stone-12\/","title":{"rendered":"Green Stone 12"},"content":{"rendered":"<h2>Archive Collection : Green Stone &#8211; No.12 de chez Farrow &amp; Ball<\/h2>\n<h2>Un vert kaki assourdi<\/h2>\n<p>Cette tonalit\u00e9 naturelle est l\u2019un des neutres originaux de Farrow &amp; Ball. En effet, au d\u00e9but du 18e si\u00e8cle, cette couleur \u00e9tait souvent utilis\u00e9e dans les <a href=\"https:\/\/www.cotemaison.fr\/deco-mur-sol\/diaporama\/lambris-pvc-lambris-bois-les-plus-beaux-lambris_20073.html\" target=\"_blank\" rel=\"noopener\">pi\u00e8ces lambriss\u00e9es<\/a>. Comme par exemple son \u00e9quivalent French Gray, la teinte No.12 &#8211; Green Stone qui para\u00eet nettement vert pour notre \u0153il moderne. Pourtant, pendant longtemps, il \u00e9tait commun\u00e9ment consid\u00e9r\u00e9 comme un neutre.<\/p>\n<p>Primer &amp; Undercoat recommand\u00e9e: <a href=\"https:\/\/www.sorainstyles.com\/boutique\/categorie-produit\/appret-sous-couches\/mid-tones\/\" target=\"_blank\" rel=\"noopener\">Mid Tones<\/a><\/p>\n<p>Blanc compl\u00e9mentaire:\u00a0<a href=\"https:\/\/www.sorainstyles.com\/boutique\/produit\/slipper-satin-2004\/\" target=\"_blank\" rel=\"noopener\">Slipper Satin<\/a><\/p>\n<h3>Exemple d\u2019harmonie de couleurs avec la teinte Green Stone \u2013 No.12<\/h3>\n<ul>\n<li>Minster Green No.224 &#8211; Dauphin No.54<\/li>\n<\/ul>\n<h3>Information produit<\/h3>\n<h4>A base d&rsquo;eau et sans danger pour les enfants<\/h4>\n<p>En 2010, Farrow &amp; Ball a \u00e9t\u00e9 les premiers du secteur \u00e0 passer \u00e0 une gamme de finitions \u00e9labor\u00e9es enti\u00e8rement \u00e0 base d\u2019eau. Par ailleurs, ces finitions \u00e0 faible teneur en COV et pratiquement sans odeur sont faciles \u00e0 nettoyer sans recourir \u00e0 des solvants nocifs.<\/p>\n<h4>Finitions de qualit\u00e9<\/h4>\n<p>Tout d&rsquo;abord, chacune de nos couleurs est disponible dans une gamme de finitions de peinture d\u2019int\u00e9rieur et d\u2019ext\u00e9rieur. En effet, chaque finition est test\u00e9e de mani\u00e8re rigoureuse pour garantir un fini durable et une profondeur de couleur exceptionnelle. Pour obtenir les meilleurs r\u00e9sultats, nous recommandons toujours d\u2019utiliser une Impression &amp; Sous-couche Farrow &amp; Ball &#8211; voir plus haut pour trouver la tonalit\u00e9 de couleur exacte pour cette peinture.<\/p>\n","protected":false},"excerpt":{"rendered":"<h3>Un vert kaki assourdi<\/h3>\n<p>Cette teinte naturelle a \u00e9t\u00e9 longtemps per\u00e7ue comme un neutre, elle appara\u00eet d\u00e9sormais clairement verte \u00e0 notre \u0153il moderne.<\/p>\n<p>Sous-couche recommand\u00e9e : <a href=\"https:\/\/www.sorainstyles.com\/boutique\/categorie-produit\/appret-sous-couches\/mid-tones\/\" target=\"_blank\" rel=\"noopener\">Mid Tones<\/a><\/p>\n","protected":false},"featured_media":14144,"template":"","meta":{"_acf_changed":false,"_et_pb_use_builder":"","_et_pb_old_content":"","_et_gb_content_width":""},"product_brand":[],"product_cat":[343,98,329,81],"product_tag":[484,406,371,366,483,362],"class_list":{"0":"post-1966","1":"product","2":"type-product","3":"status-publish","4":"has-post-thumbnail","6":"product_cat-archive","7":"product_cat-moyen","8":"product_cat-neutre","9":"product_cat-peintures-de-finition","10":"product_tag-484","11":"product_tag-couleur","12":"product_tag-farrow","13":"product_tag-farrowball","14":"product_tag-green-stone","15":"product_tag-peinture","17":"first","18":"instock","19":"taxable","20":"shipping-taxable","21":"purchasable","22":"product-type-variable"},"acf":[],"_links":{"self":[{"href":"https:\/\/www.sorainstyles.com\/boutique\/wp-json\/wp\/v2\/product\/1966","targetHints":{"allow":["GET"]}}],"collection":[{"href":"https:\/\/www.sorainstyles.com\/boutique\/wp-json\/wp\/v2\/product"}],"about":[{"href":"https:\/\/www.sorainstyles.com\/boutique\/wp-json\/wp\/v2\/types\/product"}],"wp:featuredmedia":[{"embeddable":true,"href":"https:\/\/www.sorainstyles.com\/boutique\/wp-json\/wp\/v2\/media\/14144"}],"wp:attachment":[{"href":"https:\/\/www.sorainstyles.com\/boutique\/wp-json\/wp\/v2\/media?parent=1966"}],"wp:term":[{"taxonomy":"product_brand","embeddable":true,"href":"https:\/\/www.sorainstyles.com\/boutique\/wp-json\/wp\/v2\/product_brand?post=1966"},{"taxonomy":"product_cat","embeddable":true,"href":"https:\/\/www.sorainstyles.com\/boutique\/wp-json\/wp\/v2\/product_cat?post=1966"},{"taxonomy":"product_tag","embeddable":true,"href":"https:\/\/www.sorainstyles.com\/boutique\/wp-json\/wp\/v2\/product_tag?post=1966"}],"curies":[{"name":"wp","href":"https:\/\/api.w.org\/{rel}","templated":true}]}}