{"id":1962,"date":"2021-12-07T18:23:59","date_gmt":"2021-12-07T17:23:59","guid":{"rendered":"https:\/\/www.sorainstyles.com\/boutique\/produit\/stone-white-11\/"},"modified":"2025-10-19T17:40:43","modified_gmt":"2025-10-19T15:40:43","slug":"stone-white-11","status":"publish","type":"product","link":"https:\/\/www.sorainstyles.com\/boutique\/produit\/stone-white-11\/","title":{"rendered":"Stone White 11"},"content":{"rendered":"<h1>Archive Collection : Stone White &#8211; No.11 de chez Farrow &amp; Ball<\/h1>\n<h2>Un neutre kaki clair<\/h2>\n<p>Avec sa nuance ind\u00e9niablement verte, la teinte No.11 &#8211; Stone White est une couleur inhabituelle d\u2019une magnifique complexit\u00e9. Inspir\u00e9 d\u2019une palette de couleur palladienne, cette nuance de vert naturel est tout \u00e0 fait \u00e0 l\u2019aise avec des teintes au m\u00eame aspect doux et froid.<\/p>\n<p>Primer &amp; Undercoat recommand\u00e9e: <a href=\"https:\/\/www.sorainstyles.com\/boutique\/categorie-produit\/appret-sous-couches\/white-and-light-tones\/\" target=\"_blank\" rel=\"noopener\">White and Light Tones<\/a><\/p>\n<p>Blanc compl\u00e9mentaire: <a href=\"https:\/\/www.farrow-ball.com\/fr\/fr\/couleurs\/slipper-satin\" target=\"_blank\" rel=\"noopener\">Slipper Satin<\/a><\/p>\n<h3>Exemple d&rsquo;harmonie de couleurs avec la teinte Stone White &#8211; No.11<\/h3>\n<ul>\n<li>Lime White No.1 &#8211; Off-White No.3<\/li>\n<\/ul>\n<h3>Information produit<\/h3>\n<h4>A base d&rsquo;eau et sans danger pour les enfants<\/h4>\n<p>En 2010, Farrow &amp; Ball a \u00e9t\u00e9 les premiers du secteur \u00e0 passer \u00e0 une gamme de finitions \u00e9labor\u00e9es enti\u00e8rement \u00e0 base d\u2019eau. En effet, ces finitions \u00e0 faible teneur en COV et pratiquement sans odeur sont faciles \u00e0 nettoyer sans recourir \u00e0 des solvants nocifs.<\/p>\n<h4>Finitions de qualit\u00e9<\/h4>\n<p>Tout d&rsquo;abord, chacune de nos couleurs est disponible dans une gamme de finitions de peinture d\u2019int\u00e9rieur et d\u2019ext\u00e9rieur. Ensuite, chaque finition est test\u00e9e de mani\u00e8re rigoureuse pour garantir un fini durable et une profondeur de couleur exceptionnelle. Enfin, pour obtenir les meilleurs r\u00e9sultats, nous recommandons toujours d\u2019utiliser une Impression &amp; Sous-couche Farrow &amp; Ball &#8211; voir plus haut pour trouver la tonalit\u00e9 de couleur exacte pour cette peinture.<\/p>\n","protected":false},"excerpt":{"rendered":"<h3>Un neutre kaki clair<\/h3>\n<p>Avec sa nuance r\u00e9solument verte, Stone White est une couleur unique et s&rsquo;harmonise parfaitement avec des teintes douces et froides similaires.<\/p>\n<p>Sous-couche recommand\u00e9e : <a href=\"https:\/\/www.sorainstyles.com\/boutique\/categorie-produit\/appret-sous-couches\/white-and-light-tones\/\" target=\"_blank\" rel=\"noopener\">White and Light Tones<\/a><\/p>\n","protected":false},"featured_media":14147,"template":"","meta":{"_acf_changed":false,"_et_pb_use_builder":"","_et_pb_old_content":"","_et_gb_content_width":""},"product_brand":[],"product_cat":[343,98,329,81],"product_tag":[506,406,371,366,362,505],"class_list":{"0":"post-1962","1":"product","2":"type-product","3":"status-publish","4":"has-post-thumbnail","6":"product_cat-archive","7":"product_cat-moyen","8":"product_cat-neutre","9":"product_cat-peintures-de-finition","10":"product_tag-506","11":"product_tag-couleur","12":"product_tag-farrow","13":"product_tag-farrowball","14":"product_tag-peinture","15":"product_tag-stone-white","17":"first","18":"instock","19":"taxable","20":"shipping-taxable","21":"purchasable","22":"product-type-variable"},"acf":[],"_links":{"self":[{"href":"https:\/\/www.sorainstyles.com\/boutique\/wp-json\/wp\/v2\/product\/1962","targetHints":{"allow":["GET"]}}],"collection":[{"href":"https:\/\/www.sorainstyles.com\/boutique\/wp-json\/wp\/v2\/product"}],"about":[{"href":"https:\/\/www.sorainstyles.com\/boutique\/wp-json\/wp\/v2\/types\/product"}],"wp:featuredmedia":[{"embeddable":true,"href":"https:\/\/www.sorainstyles.com\/boutique\/wp-json\/wp\/v2\/media\/14147"}],"wp:attachment":[{"href":"https:\/\/www.sorainstyles.com\/boutique\/wp-json\/wp\/v2\/media?parent=1962"}],"wp:term":[{"taxonomy":"product_brand","embeddable":true,"href":"https:\/\/www.sorainstyles.com\/boutique\/wp-json\/wp\/v2\/product_brand?post=1962"},{"taxonomy":"product_cat","embeddable":true,"href":"https:\/\/www.sorainstyles.com\/boutique\/wp-json\/wp\/v2\/product_cat?post=1962"},{"taxonomy":"product_tag","embeddable":true,"href":"https:\/\/www.sorainstyles.com\/boutique\/wp-json\/wp\/v2\/product_tag?post=1962"}],"curies":[{"name":"wp","href":"https:\/\/api.w.org\/{rel}","templated":true}]}}