{"id":1947,"date":"2021-12-07T18:23:11","date_gmt":"2021-12-07T17:23:11","guid":{"rendered":"https:\/\/www.sorainstyles.com\/boutique\/produit\/light-stone-9\/"},"modified":"2025-10-07T11:09:04","modified_gmt":"2025-10-07T09:09:04","slug":"light-stone-9","status":"publish","type":"product","link":"https:\/\/www.sorainstyles.com\/boutique\/produit\/light-stone-9\/","title":{"rendered":"Light Stone 9"},"content":{"rendered":"<h2>Light Stone &#8211; No.9 de chez Farrow &amp; Ball<\/h2>\n<h3>Un neutre pierre naturelle<\/h3>\n<p>Avec une tendance l\u00e9g\u00e8rement plus froide que nos neutres \u00e0 base de jaunes, et sans \u00eatre aussi vert que nos neutres traditionnels, la teinte No.9 &#8211; Light Stone ajoute une intrigue subtile \u00e0 toutes les combinaisons. Malgr\u00e9 sa complexit\u00e9, il est tr\u00e8s agr\u00e9able \u00e0 vivre. Particuli\u00e8rement, quand il est associ\u00e9 \u00e0 un neutre plus clair sur des boiseries dans une combinaison classique.<\/p>\n<p>Primer &amp; Undercoat recommand\u00e9e: <a href=\"https:\/\/www.sorainstyles.com\/boutique\/categorie-produit\/appret-sous-couches\/mid-tones\/\" target=\"_blank\" rel=\"noopener\">Mid Tones<\/a><\/p>\n<p>Blanc compl\u00e9mentaire : <a href=\"https:\/\/www.sorainstyles.com\/boutique\/produit\/new-white-59\/\" target=\"_blank\" rel=\"noopener\">New White &#8211; No.59<\/a><\/p>\n<h3>3 exemples d\u2019harmonies de couleurs avec la teinte Light Stone \u2013 No.9<\/h3>\n<ul>\n<li>Cord No.16 &#8211; String No.8<\/li>\n<li>India Yellow No.66 &#8211; Vardo No.288<\/li>\n<li>Matchstick No.2013 &#8211; White Tie No.2002<\/li>\n<\/ul>\n<h3>Information produit<\/h3>\n<h4>A base d&rsquo;eau et sans danger pour les enfants<\/h4>\n<p>En 2010, Farrow &amp; Ball a \u00e9t\u00e9 les premiers du secteur \u00e0 passer \u00e0 une gamme de finitions \u00e9labor\u00e9es enti\u00e8rement \u00e0 base d\u2019eau. En effet, ces finitions \u00e0 faible teneur en COV et pratiquement sans odeur sont faciles \u00e0 nettoyer sans recourir \u00e0 des solvants nocifs.<\/p>\n<h4>Finitions de qualit\u00e9<\/h4>\n<p>Tout d&rsquo;abord, chacune de nos couleurs est disponible dans une gamme de finitions de peinture d\u2019int\u00e9rieur et d\u2019ext\u00e9rieur. Ensuite, chaque finition est test\u00e9e de mani\u00e8re rigoureuse pour garantir un fini durable et une profondeur de couleur exceptionnelle. Enfin, pour obtenir les meilleurs r\u00e9sultats, nous recommandons toujours d\u2019utiliser une Impression &amp; Sous-couche Farrow &amp; Ball &#8211; voir plus haut pour trouver la tonalit\u00e9 de couleur exacte pour cette peinture.<\/p>\n","protected":false},"excerpt":{"rendered":"<h3>Un neutre pierre naturelle<\/h3>\n<p>Light Stone, plus froid que les neutres \u00e0 base de jaunes et moins vert, est une teinte terreuse id\u00e9ale pour un salon ou une salle \u00e0 manger.<\/p>\n<p>Sous-couche recommand\u00e9e : <a href=\"https:\/\/www.sorainstyles.com\/boutique\/categorie-produit\/appret-sous-couches\/mid-tones\/\" target=\"_blank\" rel=\"noopener\">Mid Tones<\/a><\/p>\n","protected":false},"featured_media":14155,"template":"","meta":{"_acf_changed":false,"_et_pb_use_builder":"","_et_pb_old_content":"","_et_gb_content_width":""},"product_brand":[],"product_cat":[343,98,329,81],"product_tag":[406,371,415,366,866,867,362],"class_list":{"0":"post-1947","1":"product","2":"type-product","3":"status-publish","4":"has-post-thumbnail","6":"product_cat-archive","7":"product_cat-moyen","8":"product_cat-neutre","9":"product_cat-peintures-de-finition","10":"product_tag-couleur","11":"product_tag-farrow","12":"product_tag-farrow-ball","13":"product_tag-farrowball","14":"product_tag-light-stone","15":"product_tag-light-stone-9","16":"product_tag-peinture","18":"first","19":"instock","20":"taxable","21":"shipping-taxable","22":"purchasable","23":"product-type-variable"},"acf":[],"_links":{"self":[{"href":"https:\/\/www.sorainstyles.com\/boutique\/wp-json\/wp\/v2\/product\/1947","targetHints":{"allow":["GET"]}}],"collection":[{"href":"https:\/\/www.sorainstyles.com\/boutique\/wp-json\/wp\/v2\/product"}],"about":[{"href":"https:\/\/www.sorainstyles.com\/boutique\/wp-json\/wp\/v2\/types\/product"}],"wp:featuredmedia":[{"embeddable":true,"href":"https:\/\/www.sorainstyles.com\/boutique\/wp-json\/wp\/v2\/media\/14155"}],"wp:attachment":[{"href":"https:\/\/www.sorainstyles.com\/boutique\/wp-json\/wp\/v2\/media?parent=1947"}],"wp:term":[{"taxonomy":"product_brand","embeddable":true,"href":"https:\/\/www.sorainstyles.com\/boutique\/wp-json\/wp\/v2\/product_brand?post=1947"},{"taxonomy":"product_cat","embeddable":true,"href":"https:\/\/www.sorainstyles.com\/boutique\/wp-json\/wp\/v2\/product_cat?post=1947"},{"taxonomy":"product_tag","embeddable":true,"href":"https:\/\/www.sorainstyles.com\/boutique\/wp-json\/wp\/v2\/product_tag?post=1947"}],"curies":[{"name":"wp","href":"https:\/\/api.w.org\/{rel}","templated":true}]}}