{"id":1936,"date":"2021-12-07T18:22:50","date_gmt":"2021-12-07T17:22:50","guid":{"rendered":"https:\/\/www.sorainstyles.com\/boutique\/produit\/string-8\/"},"modified":"2025-10-07T11:06:13","modified_gmt":"2025-10-07T09:06:13","slug":"string-8","status":"publish","type":"product","link":"https:\/\/www.sorainstyles.com\/boutique\/produit\/string-8\/","title":{"rendered":"String 8"},"content":{"rendered":"<h2>String &#8211; No.8 de chez Farrow &amp; Ball<\/h2>\n<h3>Un neutre terreux \u00e0 base de jaune<\/h3>\n<p>Ce Yellow Based Neutral \u00e9voque la ficelle \u00e9crue utilis\u00e9e par les jardiniers et ceux qui exp\u00e9dient des colis dans le monde entier. Le fond vert de la teinte No.8 &#8211; String lui donne cet aspect naturel et terreux. Cette couleur convient particuli\u00e8rement aux pi\u00e8ces reli\u00e9es \u00e0 l\u2019ext\u00e9rieur, telles que les v\u00e9randas ou les arri\u00e8re-cuisines. Pour un d\u00e9cor simple et propice \u00e0 la d\u00e9tente, mettez-le en contraste avec les nuances tr\u00e8s l\u00e9g\u00e8rement plus claires de Matchstick.<\/p>\n<p>Primer &amp; Undercoat recommand\u00e9e: <a href=\"https:\/\/www.sorainstyles.com\/boutique\/categorie-produit\/appret-sous-couches\/mid-tones\/\" target=\"_blank\" rel=\"noopener\">Mid Tones<\/a><\/p>\n<p>Blanc compl\u00e9mentaire : <a href=\"https:\/\/www.sorainstyles.com\/boutique\/produit\/white-tie-2002\/\" target=\"_blank\" rel=\"noopener\">White Tie<\/a><\/p>\n<h3>3 exemples d\u2019harmonies de couleurs avec la teinte String \u2013 No.8<\/h3>\n<ul>\n<li>Card Room Green No.79 &#8211; Studio Green No.93<\/li>\n<li>New White No.59 &#8211; White Tie No.2002<\/li>\n<li>Cord No.16 &#8211; Matchstick No.2013<\/li>\n<\/ul>\n<h3>Information produit<\/h3>\n<h4>A base d&rsquo;eau et sans danger pour les enfants<\/h4>\n<p>En 2010, Farrow &amp; Ball a \u00e9t\u00e9 les premiers du secteur \u00e0 passer \u00e0 une gamme de finitions \u00e9labor\u00e9es enti\u00e8rement \u00e0 base d\u2019eau. En effet, ces finitions \u00e0 faible teneur en COV et pratiquement sans odeur sont faciles \u00e0 nettoyer sans recourir \u00e0 des solvants nocifs.<\/p>\n<h4>Finitions de qualit\u00e9<\/h4>\n<p>Tout d&rsquo;abord, chacune de nos couleurs est disponible dans une gamme de finitions de peinture d\u2019int\u00e9rieur et d\u2019ext\u00e9rieur. Ensuite, chaque finition est test\u00e9e de mani\u00e8re rigoureuse pour garantir un fini durable et une profondeur de couleur exceptionnelle. Enfin, pour obtenir les meilleurs r\u00e9sultats, nous recommandons toujours d\u2019utiliser une Impression &amp; Sous-couche Farrow &amp; Ball &#8211; voir plus haut pour trouver la tonalit\u00e9 de couleur exacte pour cette peinture.<\/p>\n","protected":false},"excerpt":{"rendered":"<h3>Un neutre terreux \u00e0 base de jaune<\/h3>\n<p>Ce neutre \u00e0 base de jaune, rappelant la ficelle \u00e9crue des jardiniers, avec son fond vert terreux, cr\u00e9e une atmosph\u00e8re apaisante lorsqu&rsquo;il est associ\u00e9 \u00e0 des teintes plus claires.<\/p>\n<p>Sous-couche recommand\u00e9e : <a href=\"https:\/\/www.sorainstyles.com\/boutique\/categorie-produit\/appret-sous-couches\/mid-tones\/\" target=\"_blank\" rel=\"noopener\">Mid Tones<\/a><\/p>\n","protected":false},"featured_media":14283,"template":"","meta":{"_acf_changed":false,"_et_pb_use_builder":"","_et_pb_old_content":"","_et_gb_content_width":""},"product_brand":[],"product_cat":[331,329,143,81],"product_tag":[406,371,415,366,362,864,865],"class_list":{"0":"post-1936","1":"product","2":"type-product","3":"status-publish","4":"has-post-thumbnail","6":"product_cat-clair","7":"product_cat-neutre","8":"product_cat-nuancier-actuel","9":"product_cat-peintures-de-finition","10":"product_tag-couleur","11":"product_tag-farrow","12":"product_tag-farrow-ball","13":"product_tag-farrowball","14":"product_tag-peinture","15":"product_tag-string","16":"product_tag-string-8","18":"first","19":"instock","20":"taxable","21":"shipping-taxable","22":"purchasable","23":"product-type-variable"},"acf":[],"_links":{"self":[{"href":"https:\/\/www.sorainstyles.com\/boutique\/wp-json\/wp\/v2\/product\/1936","targetHints":{"allow":["GET"]}}],"collection":[{"href":"https:\/\/www.sorainstyles.com\/boutique\/wp-json\/wp\/v2\/product"}],"about":[{"href":"https:\/\/www.sorainstyles.com\/boutique\/wp-json\/wp\/v2\/types\/product"}],"wp:featuredmedia":[{"embeddable":true,"href":"https:\/\/www.sorainstyles.com\/boutique\/wp-json\/wp\/v2\/media\/14283"}],"wp:attachment":[{"href":"https:\/\/www.sorainstyles.com\/boutique\/wp-json\/wp\/v2\/media?parent=1936"}],"wp:term":[{"taxonomy":"product_brand","embeddable":true,"href":"https:\/\/www.sorainstyles.com\/boutique\/wp-json\/wp\/v2\/product_brand?post=1936"},{"taxonomy":"product_cat","embeddable":true,"href":"https:\/\/www.sorainstyles.com\/boutique\/wp-json\/wp\/v2\/product_cat?post=1936"},{"taxonomy":"product_tag","embeddable":true,"href":"https:\/\/www.sorainstyles.com\/boutique\/wp-json\/wp\/v2\/product_tag?post=1936"}],"curies":[{"name":"wp","href":"https:\/\/api.w.org\/{rel}","templated":true}]}}