{"id":1930,"date":"2021-12-07T18:22:48","date_gmt":"2021-12-07T17:22:48","guid":{"rendered":"https:\/\/www.sorainstyles.com\/boutique\/produit\/octagon-yellow-7\/"},"modified":"2025-09-29T17:49:24","modified_gmt":"2025-09-29T15:49:24","slug":"octagon-yellow-7","status":"publish","type":"product","link":"https:\/\/www.sorainstyles.com\/boutique\/produit\/octagon-yellow-7\/","title":{"rendered":"Octagon Yellow 7"},"content":{"rendered":"<h2 class=\"page-title\"><span class=\"base\" data-ui-id=\"page-title-wrapper\">Octagon Yellow<\/span> &#8211; No.7 de chez Farrow &amp; Ball<\/h2>\n<h3>Un safran lumineux<\/h3>\n<p>Lumineuse mais douce, la teinte No.7 Octagon Yellow est une teinte d\u2019un pur jaune or qui semble porter la lumi\u00e8re du soleil matinal partout o\u00f9 elle se trouve. D\u2019une tonalit\u00e9 similaire \u00e0 Sudbury Yellow, elle est particuli\u00e8rement \u00e0 sa place dans une cuisine baign\u00e9e de lumi\u00e8re.<\/p>\n<p>Primer &amp; Undercoat recommand\u00e9e: <a href=\"https:\/\/www.sorainstyles.com\/boutique\/categorie-produit\/appret-sous-couches\/mid-tones\/\" target=\"_blank\" rel=\"noopener\">Mid Tones<\/a><\/p>\n<p>Blanc compl\u00e9mentaire :<a href=\"https:\/\/www.sorainstyles.com\/boutique\/produit\/lime-white-1\/\" target=\"_blank\" rel=\"noopener\"> Lime White<\/a><\/p>\n<h3>Exemple d\u2019harmonies de couleurs avec la teinte Octagon Yellow \u2013 No.7<\/h3>\n<ul>\n<li>Dorset Cream No.68 &#8211; Farrow&rsquo;s Cream No.67<\/li>\n<\/ul>\n<h3>Information produit<\/h3>\n<h4>A base d&rsquo;eau et sans danger pour les enfants<\/h4>\n<p>En 2010, Farrow &amp; Ball a \u00e9t\u00e9 les premiers du secteur \u00e0 passer \u00e0 une gamme de finitions \u00e9labor\u00e9es enti\u00e8rement \u00e0 base d\u2019eau. En effet, ces finitions \u00e0 faible teneur en COV et pratiquement sans odeur sont faciles \u00e0 nettoyer sans recourir \u00e0 des solvants nocifs.<\/p>\n<h4>Finitions de qualit\u00e9<\/h4>\n<p>Tout d&rsquo;abord, chacune de nos couleurs est disponible dans une gamme de finitions de peinture d\u2019int\u00e9rieur et d\u2019ext\u00e9rieur. Ensuite, chaque finition est test\u00e9e de mani\u00e8re rigoureuse pour garantir un fini durable et une profondeur de couleur exceptionnelle. Enfin, pour obtenir les meilleurs r\u00e9sultats, nous recommandons toujours d\u2019utiliser une Impression &amp; Sous-couche Farrow &amp; Ball &#8211; voir plus haut pour trouver la tonalit\u00e9 de couleur exacte pour cette peinture.<\/p>\n","protected":false},"excerpt":{"rendered":"<h3>Un safran lumineux<\/h3>\n<p>Lumineux mais doux, Octagon Yellow est un jaune or pur qui diffuse la lumi\u00e8re du soleil matinal partout o\u00f9 il est appliqu\u00e9.<\/p>\n<p>Sous-couche recommand\u00e9e : <a href=\"https:\/\/www.sorainstyles.com\/boutique\/categorie-produit\/appret-sous-couches\/mid-tones\/\" target=\"_blank\" rel=\"noopener\">Mid Tones<\/a><\/p>\n","protected":false},"featured_media":14090,"template":"","meta":{"_acf_changed":false,"_et_pb_use_builder":"","_et_pb_old_content":"","_et_gb_content_width":""},"product_brand":[],"product_cat":[343,339,98,81],"product_tag":[406,371,415,366,328,862,863,362],"class_list":{"0":"post-1930","1":"product","2":"type-product","3":"status-publish","4":"has-post-thumbnail","6":"product_cat-archive","7":"product_cat-jaune","8":"product_cat-moyen","9":"product_cat-peintures-de-finition","10":"product_tag-couleur","11":"product_tag-farrow","12":"product_tag-farrow-ball","13":"product_tag-farrowball","14":"product_tag-jaune","15":"product_tag-octagon-yellow","16":"product_tag-octagon-yellow-7","17":"product_tag-peinture","19":"first","20":"instock","21":"taxable","22":"shipping-taxable","23":"purchasable","24":"product-type-variable"},"acf":[],"_links":{"self":[{"href":"https:\/\/www.sorainstyles.com\/boutique\/wp-json\/wp\/v2\/product\/1930","targetHints":{"allow":["GET"]}}],"collection":[{"href":"https:\/\/www.sorainstyles.com\/boutique\/wp-json\/wp\/v2\/product"}],"about":[{"href":"https:\/\/www.sorainstyles.com\/boutique\/wp-json\/wp\/v2\/types\/product"}],"wp:featuredmedia":[{"embeddable":true,"href":"https:\/\/www.sorainstyles.com\/boutique\/wp-json\/wp\/v2\/media\/14090"}],"wp:attachment":[{"href":"https:\/\/www.sorainstyles.com\/boutique\/wp-json\/wp\/v2\/media?parent=1930"}],"wp:term":[{"taxonomy":"product_brand","embeddable":true,"href":"https:\/\/www.sorainstyles.com\/boutique\/wp-json\/wp\/v2\/product_brand?post=1930"},{"taxonomy":"product_cat","embeddable":true,"href":"https:\/\/www.sorainstyles.com\/boutique\/wp-json\/wp\/v2\/product_cat?post=1930"},{"taxonomy":"product_tag","embeddable":true,"href":"https:\/\/www.sorainstyles.com\/boutique\/wp-json\/wp\/v2\/product_tag?post=1930"}],"curies":[{"name":"wp","href":"https:\/\/api.w.org\/{rel}","templated":true}]}}