{"id":1911,"date":"2021-12-07T18:22:33","date_gmt":"2021-12-07T17:22:33","guid":{"rendered":"https:\/\/www.sorainstyles.com\/boutique\/produit\/off-white-3\/"},"modified":"2025-10-07T10:44:49","modified_gmt":"2025-10-07T08:44:49","slug":"off-white-3","status":"publish","type":"product","link":"https:\/\/www.sorainstyles.com\/boutique\/produit\/off-white-3\/","title":{"rendered":"Off-White 3"},"content":{"rendered":"<h2>Off-White &#8211; No.3 de chez Farrow &amp; Ball<\/h2>\n<h2>Un ton moyen crayeux<\/h2>\n<p>Ce blanc cass\u00e9 est l\u2019une des couleurs originales de chez Farrow &amp; Ball \u2013 il a un nom tout simple et demeure une couleur classique intemporelle. La teinte No.3 &#8211; Off-White fait partie de notre famille de Traditional Neutrals. Elle forme donc un agencement de couleurs harmonieux avec Old White, Slipper Satin et Lime White. Son fond de vert lui conf\u00e8re une douceur incomparable. Elle cr\u00e9\u00e9e un effet crayeux et traditionnel sur les murs, ou sophistiqu\u00e9 sur les boiseries. Off-White convient aussi parfaitement aux sols, car il r\u00e9fl\u00e9chit la lumi\u00e8re vers les murs tout en conservant un aspect doux et chaleureux.<\/p>\n<p>Primer &amp; Undercoat recommand\u00e9e: <a href=\"https:\/\/www.sorainstyles.com\/boutique\/categorie-produit\/appret-sous-couches\/white-and-light-tones\/\" target=\"_blank\" rel=\"noopener\">White and Light Tones<\/a><\/p>\n<p>Blanc compl\u00e9mentaire : <a href=\"https:\/\/www.farrow-ball.com\/fr\/peinture\/slipper-satin\" target=\"_blank\" rel=\"noopener\">Slipper Satin<\/a><\/p>\n<h3>3 exemples d\u2019harmonies de couleurs avec la teinte Off-White \u2013 No.3<\/h3>\n<ul>\n<li>Old White No.4 &#8211; Lime White No.1<\/li>\n<li>Mouse&rsquo;s Back No.40 &#8211; Light Gray No.17<\/li>\n<li>Pigeon No.25 &#8211; Blue Gray No.91<\/li>\n<\/ul>\n<h3>Information produit<\/h3>\n<h4>A base d&rsquo;eau et sans danger pour les enfants<\/h4>\n<p>En 2010, Farrow &amp; Ball a \u00e9t\u00e9 les premiers du secteur \u00e0 passer \u00e0 une gamme de finitions \u00e9labor\u00e9es enti\u00e8rement \u00e0 base d\u2019eau. En effet, ces finitions \u00e0 faible teneur en COV et pratiquement sans odeur sont faciles \u00e0 nettoyer sans recourir \u00e0 des solvants nocifs.<\/p>\n<h4>Finitions de qualit\u00e9<\/h4>\n<p>Tout d&rsquo;abord, chacune de nos couleurs est disponible dans une gamme de finitions de peinture d\u2019int\u00e9rieur et d\u2019ext\u00e9rieur. Ensuite, chaque finition est test\u00e9e de mani\u00e8re rigoureuse pour garantir un fini durable et une profondeur de couleur exceptionnelle. Enfin, pour obtenir les meilleurs r\u00e9sultats, nous recommandons toujours d\u2019utiliser une Impression &amp; Sous-couche Farrow &amp; Ball &#8211; voir plus haut pour trouver la tonalit\u00e9 de couleur exacte pour cette peinture.<\/p>\n","protected":false},"excerpt":{"rendered":"<h3>Un ton moyen crayeux<\/h3>\n<p>Off-White, un blanc cass\u00e9 classique et intemporel de Farrow &amp; Ball. Cette couleur offre une douceur incomparable gr\u00e2ce \u00e0 son fond vert, cr\u00e9ant un effet crayeux et traditionnel sur les murs ou sophistiqu\u00e9 sur les boiseries et sols.<\/p>\n<p>Sous-couche recommand\u00e9e : <a href=\"https:\/\/www.sorainstyles.com\/boutique\/categorie-produit\/appret-sous-couches\/white-and-light-tones\/\" target=\"_blank\" rel=\"noopener\">White and Light Tones<\/a><\/p>\n","protected":false},"featured_media":14296,"template":"","meta":{"_acf_changed":false,"_et_pb_use_builder":"","_et_pb_old_content":"","_et_gb_content_width":""},"product_brand":[],"product_cat":[331,329,143,81],"product_tag":[854,406,371,415,366,853,855,362],"class_list":{"0":"post-1911","1":"product","2":"type-product","3":"status-publish","4":"has-post-thumbnail","6":"product_cat-clair","7":"product_cat-neutre","8":"product_cat-nuancier-actuel","9":"product_cat-peintures-de-finition","10":"product_tag-854","11":"product_tag-couleur","12":"product_tag-farrow","13":"product_tag-farrow-ball","14":"product_tag-farrowball","15":"product_tag-off-white","16":"product_tag-off-white-3","17":"product_tag-peinture","19":"first","20":"instock","21":"taxable","22":"shipping-taxable","23":"purchasable","24":"product-type-variable"},"acf":[],"_links":{"self":[{"href":"https:\/\/www.sorainstyles.com\/boutique\/wp-json\/wp\/v2\/product\/1911","targetHints":{"allow":["GET"]}}],"collection":[{"href":"https:\/\/www.sorainstyles.com\/boutique\/wp-json\/wp\/v2\/product"}],"about":[{"href":"https:\/\/www.sorainstyles.com\/boutique\/wp-json\/wp\/v2\/types\/product"}],"wp:featuredmedia":[{"embeddable":true,"href":"https:\/\/www.sorainstyles.com\/boutique\/wp-json\/wp\/v2\/media\/14296"}],"wp:attachment":[{"href":"https:\/\/www.sorainstyles.com\/boutique\/wp-json\/wp\/v2\/media?parent=1911"}],"wp:term":[{"taxonomy":"product_brand","embeddable":true,"href":"https:\/\/www.sorainstyles.com\/boutique\/wp-json\/wp\/v2\/product_brand?post=1911"},{"taxonomy":"product_cat","embeddable":true,"href":"https:\/\/www.sorainstyles.com\/boutique\/wp-json\/wp\/v2\/product_cat?post=1911"},{"taxonomy":"product_tag","embeddable":true,"href":"https:\/\/www.sorainstyles.com\/boutique\/wp-json\/wp\/v2\/product_tag?post=1911"}],"curies":[{"name":"wp","href":"https:\/\/api.w.org\/{rel}","templated":true}]}}