{"id":1900,"date":"2021-12-07T18:22:24","date_gmt":"2021-12-07T17:22:24","guid":{"rendered":"https:\/\/www.sorainstyles.com\/boutique\/produit\/lime-white-1\/"},"modified":"2025-10-07T10:42:03","modified_gmt":"2025-10-07T08:42:03","slug":"lime-white-1","status":"publish","type":"product","link":"https:\/\/www.sorainstyles.com\/boutique\/produit\/lime-white-1\/","title":{"rendered":"Lime White 1"},"content":{"rendered":"<h2>Lime White &#8211; No.1 de chez Farrow &amp; Ball<\/h2>\n<h3>Un blanc cass\u00e9 poudreux<\/h3>\n<p>Ce blanc cass\u00e9 intemporel tient son nom des pigments crayeux utilis\u00e9s dans les anciennes d\u00e9trempes. La teinte No.1 &#8211; Lime White appartient \u00e0 la famille de nos Traditional Neutrals. Il tient sa tonalit\u00e9 douce de l\u2019ajout d\u2019une petite quantit\u00e9 de pigment vert. Lime White procure un sentiment de stabilit\u00e9, et se r\u00e9v\u00e8le aussi sophistiqu\u00e9 que sobre lorsqu\u2019il est associ\u00e9 \u00e0 Old White ou \u00e0 Slipper Satin.<\/p>\n<p>Primer &amp; Undercoat recommand\u00e9e: <a href=\"https:\/\/www.sorainstyles.com\/boutique\/categorie-produit\/appret-sous-couches\/white-and-light-tones\/\">White and Light Tones<\/a><\/p>\n<p>Blanc compl\u00e9mentaire : <a href=\"https:\/\/www.sorainstyles.com\/boutique\/produit\/slipper-satin-2004\/\" target=\"_blank\" rel=\"noopener\">Slipper Satin No.2004<\/a><\/p>\n<h3>4 exemples d\u2019harmonies de couleurs avec la teinte Lime White \u2013 No.1<\/h3>\n<ul>\n<li>Old White No.4 &#8211; Off-White No.3<\/li>\n<li>Mouse&rsquo;s Back No.40 &#8211; Light Gray No.17<\/li>\n<li>Treron No.292 &#8211; French Gray No.18<\/li>\n<li>Slipper Satin No.2004 &#8211; Pointing No.2003<\/li>\n<\/ul>\n<h3>Information produit<\/h3>\n<h4>A base d&rsquo;eau et sans danger pour les enfants<\/h4>\n<p>En 2010, Farrow &amp; Ball a \u00e9t\u00e9 les premiers du secteur \u00e0 passer \u00e0 une gamme de finitions \u00e9labor\u00e9es enti\u00e8rement \u00e0 base d\u2019eau. En effet, ces finitions \u00e0 faible teneur en COV et pratiquement sans odeur sont faciles \u00e0 nettoyer sans recourir \u00e0 des solvants nocifs.<\/p>\n<h4>Finitions de qualit\u00e9<\/h4>\n<p>Tout d&rsquo;abord, chacune de nos couleurs est disponible dans une gamme de finitions de peinture d\u2019int\u00e9rieur et d\u2019ext\u00e9rieur. Ensuite, chaque finition est test\u00e9e de mani\u00e8re rigoureuse pour garantir un fini durable et une profondeur de couleur exceptionnelle. Enfin, pour obtenir les meilleurs r\u00e9sultats, nous recommandons toujours d\u2019utiliser une Impression &amp; Sous-couche Farrow &amp; Ball &#8211; voir plus haut pour trouver la tonalit\u00e9 de couleur exacte pour cette peinture.<\/p>\n","protected":false},"excerpt":{"rendered":"<h3>Un blanc cass\u00e9 poudreux<\/h3>\n<p>Lime White, un blanc cass\u00e9 intemporel avec une touche de pigment vert, procure un sentiment de stabilit\u00e9 et se r\u00e9v\u00e8le sophistiqu\u00e9 et sobre dans n\u2019importe quel int\u00e9rieur.<\/p>\n<p>Sous-couche recommand\u00e9e : <a href=\"https:\/\/www.sorainstyles.com\/boutique\/categorie-produit\/appret-sous-couches\/white-and-light-tones\/\" target=\"_blank\" rel=\"noopener\">White and Light Tones<\/a><\/p>\n","protected":false},"featured_media":14298,"template":"","meta":{"_acf_changed":false,"_et_pb_use_builder":"","_et_pb_old_content":"","_et_gb_content_width":""},"product_brand":[],"product_cat":[331,329,143,81],"product_tag":[406,371,415,366,850,851,362],"class_list":{"0":"post-1900","1":"product","2":"type-product","3":"status-publish","4":"has-post-thumbnail","6":"product_cat-clair","7":"product_cat-neutre","8":"product_cat-nuancier-actuel","9":"product_cat-peintures-de-finition","10":"product_tag-couleur","11":"product_tag-farrow","12":"product_tag-farrow-ball","13":"product_tag-farrowball","14":"product_tag-lime-white","15":"product_tag-lime-white-1","16":"product_tag-peinture","18":"first","19":"instock","20":"taxable","21":"shipping-taxable","22":"purchasable","23":"product-type-variable"},"acf":[],"_links":{"self":[{"href":"https:\/\/www.sorainstyles.com\/boutique\/wp-json\/wp\/v2\/product\/1900","targetHints":{"allow":["GET"]}}],"collection":[{"href":"https:\/\/www.sorainstyles.com\/boutique\/wp-json\/wp\/v2\/product"}],"about":[{"href":"https:\/\/www.sorainstyles.com\/boutique\/wp-json\/wp\/v2\/types\/product"}],"wp:featuredmedia":[{"embeddable":true,"href":"https:\/\/www.sorainstyles.com\/boutique\/wp-json\/wp\/v2\/media\/14298"}],"wp:attachment":[{"href":"https:\/\/www.sorainstyles.com\/boutique\/wp-json\/wp\/v2\/media?parent=1900"}],"wp:term":[{"taxonomy":"product_brand","embeddable":true,"href":"https:\/\/www.sorainstyles.com\/boutique\/wp-json\/wp\/v2\/product_brand?post=1900"},{"taxonomy":"product_cat","embeddable":true,"href":"https:\/\/www.sorainstyles.com\/boutique\/wp-json\/wp\/v2\/product_cat?post=1900"},{"taxonomy":"product_tag","embeddable":true,"href":"https:\/\/www.sorainstyles.com\/boutique\/wp-json\/wp\/v2\/product_tag?post=1900"}],"curies":[{"name":"wp","href":"https:\/\/api.w.org\/{rel}","templated":true}]}}