{"id":1737,"date":"2021-12-07T18:18:30","date_gmt":"2021-12-07T17:18:30","guid":{"rendered":"https:\/\/www.sorainstyles.com\/boutique\/produit\/hazy-cc6\/"},"modified":"2025-10-02T10:04:13","modified_gmt":"2025-10-02T08:04:13","slug":"hazy-cc6","status":"publish","type":"product","link":"https:\/\/www.sorainstyles.com\/boutique\/produit\/hazy-cc6\/","title":{"rendered":"Hazy CC6"},"content":{"rendered":"<h2>Hazy &#8211; No.CC6 de chez Farrow &amp; Ball<\/h2>\n<h2>Un bleu-gris sourd<\/h2>\n<p>La teinte Hazy, No.CC6 est un gris-bleu sourd inspir\u00e9 de la <a href=\"https:\/\/www.cotemaison.fr\/inspirations\/diaporama\/deco-bord-de-mer-chic-chambre-maison-salon_22330.html\" target=\"_blank\" rel=\"noopener\">couche marine<\/a> qui pousse des nappes de brouillard onirique vers l&rsquo;int\u00e9rieur des terres, capturant ainsi la sensation de fra\u00eecheur des premiers matins sur la c\u00f4te.<\/p>\n<p>Primer &amp; Undercoat recommand\u00e9e: <a href=\"https:\/\/www.sorainstyles.com\/boutique\/categorie-produit\/appret-sous-couches\/white-and-light-tones\/\">White and Light Tones<\/a><\/p>\n<p>Blanc compl\u00e9mentaire : <a href=\"https:\/\/www.sorainstyles.com\/boutique\/produit\/salt-cc5\/\" target=\"_blank\" rel=\"noopener\">Salt No.CC5<\/a><\/p>\n<h3>3 exemples d\u2019harmonies de couleurs avec la teinte Hazy \u2013 No.CC6<\/h3>\n<ul>\n<li>Stoke No.CC7- Palm No.CC4<\/li>\n<li>Faded Terracotta No.CC8 &#8211; Salt No.CC5<\/li>\n<li>Stoke No.CC7- Faded Terracotta No.CC8<\/li>\n<\/ul>\n<h3>Information produit<\/h3>\n<p>A base d&rsquo;eau et sans danger pour les enfants<\/p>\n<p>En 2010, Farrow &amp; Ball a \u00e9t\u00e9 les premiers du secteur \u00e0 passer \u00e0 une gamme de finitions \u00e9labor\u00e9es enti\u00e8rement \u00e0 base d\u2019eau. En effet, ces finitions \u00e0 faible teneur en COV et pratiquement sans odeur sont faciles \u00e0 nettoyer sans recourir \u00e0 des solvants nocifs.<\/p>\n<h3>Finitions de qualit\u00e9<\/h3>\n<p>Tout d\u2019abord, chacune de nos couleurs est disponible dans une gamme de finitions de peinture d\u2019int\u00e9rieur et d\u2019ext\u00e9rieur. Ensuite, chaque finition est test\u00e9e de mani\u00e8re rigoureuse pour garantir un fini durable et une profondeur de couleur exceptionnelle. Enfin, pour obtenir les meilleurs r\u00e9sultats, nous recommandons toujours d\u2019utiliser une Impression &amp; Sous-couche Farrow &amp; Ball \u2013 voir plus haut pour trouver la tonalit\u00e9 de couleur exacte pour cette peinture.<\/p>\n","protected":false},"excerpt":{"rendered":"<h3>Un bleu-gris sourd<\/h3>\n<p>Cette couleur est un gris-bleu discret inspir\u00e9 de la couche marine qui pousse des nappes de brouillard onirique vers l&rsquo;int\u00e9rieur des terres. Elle est id\u00e9ale pour n&rsquo;importe quelle pi\u00e8ce de votre int\u00e9rieur.<\/p>\n<p>Sous-couche recommand\u00e9e : <a href=\"https:\/\/www.sorainstyles.com\/boutique\/categorie-produit\/appret-sous-couches\/white-and-light-tones\/\" target=\"_blank\" rel=\"noopener\">White and Light Tones<\/a><\/p>\n","protected":false},"featured_media":14054,"template":"","meta":{"_acf_changed":false,"_et_pb_use_builder":"","_et_pb_old_content":"","_et_gb_content_width":""},"product_brand":[],"product_cat":[330,344,98,81],"product_tag":[842,406,371,366,841,843,362],"class_list":{"0":"post-1737","1":"product","2":"type-product","3":"status-publish","4":"has-post-thumbnail","6":"product_cat-bleu","7":"product_cat-california-collection","8":"product_cat-moyen","9":"product_cat-peintures-de-finition","10":"product_tag-cc6","11":"product_tag-couleur","12":"product_tag-farrow","13":"product_tag-farrowball","14":"product_tag-hazy","15":"product_tag-hazy-cc6","16":"product_tag-peinture","18":"first","19":"instock","20":"taxable","21":"shipping-taxable","22":"purchasable","23":"product-type-variable"},"acf":[],"_links":{"self":[{"href":"https:\/\/www.sorainstyles.com\/boutique\/wp-json\/wp\/v2\/product\/1737","targetHints":{"allow":["GET"]}}],"collection":[{"href":"https:\/\/www.sorainstyles.com\/boutique\/wp-json\/wp\/v2\/product"}],"about":[{"href":"https:\/\/www.sorainstyles.com\/boutique\/wp-json\/wp\/v2\/types\/product"}],"wp:featuredmedia":[{"embeddable":true,"href":"https:\/\/www.sorainstyles.com\/boutique\/wp-json\/wp\/v2\/media\/14054"}],"wp:attachment":[{"href":"https:\/\/www.sorainstyles.com\/boutique\/wp-json\/wp\/v2\/media?parent=1737"}],"wp:term":[{"taxonomy":"product_brand","embeddable":true,"href":"https:\/\/www.sorainstyles.com\/boutique\/wp-json\/wp\/v2\/product_brand?post=1737"},{"taxonomy":"product_cat","embeddable":true,"href":"https:\/\/www.sorainstyles.com\/boutique\/wp-json\/wp\/v2\/product_cat?post=1737"},{"taxonomy":"product_tag","embeddable":true,"href":"https:\/\/www.sorainstyles.com\/boutique\/wp-json\/wp\/v2\/product_tag?post=1737"}],"curies":[{"name":"wp","href":"https:\/\/api.w.org\/{rel}","templated":true}]}}