{"id":1734,"date":"2021-12-07T18:18:22","date_gmt":"2021-12-07T17:18:22","guid":{"rendered":"https:\/\/www.sorainstyles.com\/boutique\/produit\/salt-cc5\/"},"modified":"2025-10-07T10:35:06","modified_gmt":"2025-10-07T08:35:06","slug":"salt-cc5","status":"publish","type":"product","link":"https:\/\/www.sorainstyles.com\/boutique\/produit\/salt-cc5\/","title":{"rendered":"Salt CC5"},"content":{"rendered":"<h1 class=\"product-hero__title\">California Collection : Salt &#8211; CC5 de chez Farrow &amp; Ball<\/h1>\n<h2>Un blanc \u00e9clatant<\/h2>\n<p>La teinte No.CC5 &#8211; Salt est un <a href=\"https:\/\/blogs.cotemaison.fr\/ladecodefelicie\/2014\/12\/09\/blanc-sur-blanc-comment-utiliser-cette-couleur\/\" target=\"_blank\" rel=\"noopener\">blanc<\/a> brillant et vif, rappelant l&rsquo;air sal\u00e9 introduit par l&rsquo;oc\u00e9an Pacifique et la d\u00e9licate couche cristalline qu&rsquo;il laisse derri\u00e8re lui.<\/p>\n<p>Primer &amp; Undercoat recommand\u00e9e: <a href=\"https:\/\/www.sorainstyles.com\/boutique\/categorie-produit\/appret-sous-couches\/white-and-light-tones\/\" target=\"_blank\" rel=\"noopener\">White and Light Tones<\/a><\/p>\n<p>Blanc compl\u00e9mentaire : <a href=\"https:\/\/www.sorainstyles.com\/boutique\/produit\/ammonite-274\/\" target=\"_blank\" rel=\"noopener\">Ammonite<\/a><\/p>\n<h3>2 exemples d&rsquo;harmonies de couleurs avec la teinte Salt &#8211; No.CC5<\/h3>\n<ul>\n<li>Sand CC2 &#8211; Tar CC1<\/li>\n<li>Hazy CC6 &#8211; Palm CC4<\/li>\n<\/ul>\n<h3>Information produit<\/h3>\n<h4>A base d&rsquo;eau et sans danger pour les enfants<\/h4>\n<p>En 2010, Farrow &amp; Ball a \u00e9t\u00e9 les premiers du secteur \u00e0 passer \u00e0 une gamme de finitions \u00e9labor\u00e9es enti\u00e8rement \u00e0 base d\u2019eau. En effet, ces finitions \u00e0 faible teneur en COV et pratiquement sans odeur sont faciles \u00e0 nettoyer sans recourir \u00e0 des solvants nocifs.<\/p>\n<h4>Finitions de qualit\u00e9<\/h4>\n<p>Tout d&rsquo;abord, chacune de nos couleurs est disponible dans une gamme de finitions de peinture d\u2019int\u00e9rieur et d\u2019ext\u00e9rieur. Ensuite, chaque finition est test\u00e9e de mani\u00e8re rigoureuse pour garantir un fini durable et une profondeur de couleur exceptionnelle. Enfin, pour obtenir les meilleurs r\u00e9sultats, nous recommandons toujours d\u2019utiliser une Impression &amp; Sous-couche Farrow &amp; Ball &#8211; voir plus haut pour trouver la tonalit\u00e9 de couleur exacte pour cette peinture.<\/p>\n","protected":false},"excerpt":{"rendered":"<h3>Un blanc \u00e9clatant<\/h3>\n<p>Salt est un blanc brillant et vif, rappelant l&rsquo;air sal\u00e9 introduit par l&rsquo;oc\u00e9an Pacifique et la d\u00e9licate couche cristalline qu&rsquo;il laisse derri\u00e8re lui.<\/p>\n<p>Sous-couche recommand\u00e9e : <a href=\"https:\/\/www.sorainstyles.com\/boutique\/categorie-produit\/appret-sous-couches\/white-and-light-tones\/\" target=\"_blank\" rel=\"noopener\">White and Light Tones<\/a><\/p>\n","protected":false},"featured_media":14167,"template":"","meta":{"_acf_changed":false,"_et_pb_use_builder":"","_et_pb_old_content":"","_et_gb_content_width":""},"product_brand":[],"product_cat":[344,331,329,81],"product_tag":[547,406,371,366,362,546],"class_list":{"0":"post-1734","1":"product","2":"type-product","3":"status-publish","4":"has-post-thumbnail","6":"product_cat-california-collection","7":"product_cat-clair","8":"product_cat-neutre","9":"product_cat-peintures-de-finition","10":"product_tag-cc5","11":"product_tag-couleur","12":"product_tag-farrow","13":"product_tag-farrowball","14":"product_tag-peinture","15":"product_tag-salt","17":"first","18":"instock","19":"taxable","20":"shipping-taxable","21":"purchasable","22":"product-type-variable"},"acf":[],"_links":{"self":[{"href":"https:\/\/www.sorainstyles.com\/boutique\/wp-json\/wp\/v2\/product\/1734","targetHints":{"allow":["GET"]}}],"collection":[{"href":"https:\/\/www.sorainstyles.com\/boutique\/wp-json\/wp\/v2\/product"}],"about":[{"href":"https:\/\/www.sorainstyles.com\/boutique\/wp-json\/wp\/v2\/types\/product"}],"wp:featuredmedia":[{"embeddable":true,"href":"https:\/\/www.sorainstyles.com\/boutique\/wp-json\/wp\/v2\/media\/14167"}],"wp:attachment":[{"href":"https:\/\/www.sorainstyles.com\/boutique\/wp-json\/wp\/v2\/media?parent=1734"}],"wp:term":[{"taxonomy":"product_brand","embeddable":true,"href":"https:\/\/www.sorainstyles.com\/boutique\/wp-json\/wp\/v2\/product_brand?post=1734"},{"taxonomy":"product_cat","embeddable":true,"href":"https:\/\/www.sorainstyles.com\/boutique\/wp-json\/wp\/v2\/product_cat?post=1734"},{"taxonomy":"product_tag","embeddable":true,"href":"https:\/\/www.sorainstyles.com\/boutique\/wp-json\/wp\/v2\/product_tag?post=1734"}],"curies":[{"name":"wp","href":"https:\/\/api.w.org\/{rel}","templated":true}]}}