{"id":1716,"date":"2021-12-07T18:17:48","date_gmt":"2021-12-07T17:17:48","guid":{"rendered":"https:\/\/www.sorainstyles.com\/boutique\/produit\/citrona-cc3\/"},"modified":"2026-01-29T09:53:27","modified_gmt":"2026-01-29T08:53:27","slug":"citrona-cc3","status":"publish","type":"product","link":"https:\/\/www.sorainstyles.com\/boutique\/produit\/citrona-cc3\/","title":{"rendered":"Citrona CC3"},"content":{"rendered":"<h1>California Collection : Citrona &#8211; CC3 de chez Farrow &amp; Ball<\/h1>\n<h2>Une douce nuance d&rsquo;agrumes<\/h2>\n<p>La teinte No.CC3 &#8211; Citrona a \u00e9t\u00e9 inspir\u00e9e par les citronniers qui prosp\u00e8rent dans le climat temp\u00e9r\u00e9 de la <a href=\"https:\/\/www.cotemaison.fr\/contemporain\/diaporama\/un-style-californien-qui-en-fera-rever-plus-d-une_12376.html\" target=\"_blank\" rel=\"noopener\">Californie<\/a>. Cette douce nuance d&rsquo;agrumes est une version authentique et contemporaine du v\u00e9ritable vert chartreuse.<\/p>\n<p>Primer &amp; Undercoat recommand\u00e9e: <a href=\"https:\/\/www.sorainstyles.com\/boutique\/categorie-produit\/appret-sous-couches\/white-and-light-tones\/\" target=\"_blank\" rel=\"noopener\">White and Light Tones<\/a><\/p>\n<p>Blanc compl\u00e9mentaire : <a href=\"https:\/\/www.sorainstyles.com\/boutique\/produit\/salt-cc5\/\" target=\"_blank\" rel=\"noopener\">California Collection: Salt<\/a><\/p>\n<h3>2 exemples d&rsquo;harmonies de couleurs avec la teinte Citrona &#8211; No.CC3<\/h3>\n<ul>\n<li>Palm CC4 &#8211; Sand CC2<\/li>\n<li>Tar CC1 &#8211; Stoke CC7<\/li>\n<\/ul>\n<h3>Information produit<\/h3>\n<h4>A base d&rsquo;eau et sans danger pour les enfants<\/h4>\n<p>En 2010, Farrow &amp; Ball a \u00e9t\u00e9 les premiers du secteur \u00e0 passer \u00e0 une gamme de finitions \u00e9labor\u00e9es enti\u00e8rement \u00e0 base d\u2019eau. En effet, ces finitions \u00e0 faible teneur en COV et pratiquement sans odeur sont faciles \u00e0 nettoyer sans recourir \u00e0 des solvants nocifs.<\/p>\n<h4>Finitions de qualit\u00e9<\/h4>\n<p>Tout d&rsquo;abord, chacune de nos couleurs est disponible dans une gamme de finitions de peinture d\u2019int\u00e9rieur et d\u2019ext\u00e9rieur. Ensuite, chaque finition est test\u00e9e de mani\u00e8re rigoureuse pour garantir un fini durable et une profondeur de couleur exceptionnelle. Enfin, pour obtenir les meilleurs r\u00e9sultats, nous recommandons toujours d\u2019utiliser une Impression &amp; Sous-couche Farrow &amp; Ball &#8211; voir plus haut pour trouver la tonalit\u00e9 de couleur exacte pour cette peinture.<\/p>\n","protected":false},"excerpt":{"rendered":"<h3>Une douce nuance d&rsquo;agrumes<\/h3>\n<p>Comme son nom l\u2019indique, cette couleur est inspir\u00e9e des citronniers californiens. Cette douce nuance d&rsquo;agrumes est une version authentique et contemporaine du v\u00e9ritable vert chartreuse.<\/p>\n<p>Sous-couche recommand\u00e9e : <a href=\"https:\/\/www.sorainstyles.com\/boutique\/categorie-produit\/appret-sous-couches\/white-and-light-tones\/\" target=\"_blank\" rel=\"noopener\">White and Light Tones<\/a><\/p>\n","protected":false},"featured_media":14098,"template":"","meta":{"_acf_changed":false,"_et_pb_use_builder":"","_et_pb_old_content":"","_et_gb_content_width":""},"product_brand":[],"product_cat":[344,331,339,81],"product_tag":[442,441,406,371,366,362],"class_list":{"0":"post-1716","1":"product","2":"type-product","3":"status-publish","4":"has-post-thumbnail","6":"product_cat-california-collection","7":"product_cat-clair","8":"product_cat-jaune","9":"product_cat-peintures-de-finition","10":"product_tag-cc3","11":"product_tag-citrona","12":"product_tag-couleur","13":"product_tag-farrow","14":"product_tag-farrowball","15":"product_tag-peinture","17":"first","18":"instock","19":"taxable","20":"shipping-taxable","21":"purchasable","22":"product-type-variable"},"acf":[],"_links":{"self":[{"href":"https:\/\/www.sorainstyles.com\/boutique\/wp-json\/wp\/v2\/product\/1716","targetHints":{"allow":["GET"]}}],"collection":[{"href":"https:\/\/www.sorainstyles.com\/boutique\/wp-json\/wp\/v2\/product"}],"about":[{"href":"https:\/\/www.sorainstyles.com\/boutique\/wp-json\/wp\/v2\/types\/product"}],"wp:featuredmedia":[{"embeddable":true,"href":"https:\/\/www.sorainstyles.com\/boutique\/wp-json\/wp\/v2\/media\/14098"}],"wp:attachment":[{"href":"https:\/\/www.sorainstyles.com\/boutique\/wp-json\/wp\/v2\/media?parent=1716"}],"wp:term":[{"taxonomy":"product_brand","embeddable":true,"href":"https:\/\/www.sorainstyles.com\/boutique\/wp-json\/wp\/v2\/product_brand?post=1716"},{"taxonomy":"product_cat","embeddable":true,"href":"https:\/\/www.sorainstyles.com\/boutique\/wp-json\/wp\/v2\/product_cat?post=1716"},{"taxonomy":"product_tag","embeddable":true,"href":"https:\/\/www.sorainstyles.com\/boutique\/wp-json\/wp\/v2\/product_tag?post=1716"}],"curies":[{"name":"wp","href":"https:\/\/api.w.org\/{rel}","templated":true}]}}