{"id":1709,"date":"2021-12-07T18:17:41","date_gmt":"2021-12-07T17:17:41","guid":{"rendered":"https:\/\/www.sorainstyles.com\/boutique\/produit\/tar-cc1\/"},"modified":"2025-10-03T14:35:24","modified_gmt":"2025-10-03T12:35:24","slug":"tar-cc1","status":"publish","type":"product","link":"https:\/\/www.sorainstyles.com\/boutique\/produit\/tar-cc1\/","title":{"rendered":"Tar CC1"},"content":{"rendered":"<h1>California Collection : Tar &#8211; No.CC1 de chez Farrow &amp; Ball<\/h1>\n<h2>Un noir doux<\/h2>\n<p>Capturant l&rsquo;ombre noire des routes du d\u00e9sert baign\u00e9es de soleil, la teinte No.CC1 &#8211; Tar est un neutre <a href=\"https:\/\/www.cotemaison.fr\/couleurs\/quelle-couleur-ne-se-marie-pas-avec-le-noir_34338.html\" target=\"_blank\" rel=\"noopener\">noir<\/a> profond mais discret. Il est assez doux pour habiller une pi\u00e8ce enti\u00e8re.<\/p>\n<p>Primer &amp; Undercoat recommand\u00e9e: <a href=\"https:\/\/www.sorainstyles.com\/boutique\/categorie-produit\/appret-sous-couches\/dark-tones\/\" target=\"_blank\" rel=\"noopener\">Dark Tones<\/a><\/p>\n<p>Blanc compl\u00e9mentaire : <a href=\"https:\/\/www.sorainstyles.com\/boutique\/produit\/salt-cc5\/\" target=\"_blank\" rel=\"noopener\">California Collection: Salt<\/a><\/p>\n<h3>3 exemples d&rsquo;harmonies de couleurs avec la teinte Tar &#8211; No.CC1<\/h3>\n<ul>\n<li>Stoke CC7 &#8211; Citrona CC3<\/li>\n<li>Stoke CC7 &#8211; Faded Terracotta CC8<\/li>\n<li>Sand CC2 &#8211; Citrona CC3<\/li>\n<\/ul>\n<h3>Information produit<\/h3>\n<h4>A base d&rsquo;eau et sans danger pour les enfants<\/h4>\n<p>En 2010, Farrow &amp; Ball a \u00e9t\u00e9 les premiers du secteur \u00e0 passer \u00e0 une gamme de finitions \u00e9labor\u00e9es enti\u00e8rement \u00e0 base d\u2019eau. En effet, ces finitions \u00e0 faible teneur en COV et pratiquement sans odeur sont faciles \u00e0 nettoyer sans recourir \u00e0 des solvants nocifs.<\/p>\n<h4>Finitions de qualit\u00e9<\/h4>\n<p>Tout d&rsquo;abord, chacune de nos couleurs est disponible dans une gamme de finitions de peinture d\u2019int\u00e9rieur et d\u2019ext\u00e9rieur. Ensuite, chaque finition est test\u00e9e de mani\u00e8re rigoureuse pour garantir un fini durable et une profondeur de couleur exceptionnelle. Enfin, pour obtenir les meilleurs r\u00e9sultats, nous recommandons toujours d\u2019utiliser une Impression &amp; Sous-couche Farrow &amp; Ball &#8211; voir plus haut pour trouver la tonalit\u00e9 de couleur exacte pour cette peinture.<\/p>\n","protected":false},"excerpt":{"rendered":"<h3>Un noir doux<\/h3>\n<p>Cette couleur est un noir charbonneux tr\u00e8s doux, id\u00e9al pour des accents ou pour recouvrir un mur entier.<\/p>\n<p>Sous-couche recommand\u00e9e : <a href=\"https:\/\/www.sorainstyles.com\/boutique\/categorie-produit\/appret-sous-couches\/dark-tones\/\" target=\"_blank\" rel=\"noopener\">Dark Tones<\/a><\/p>\n","protected":false},"featured_media":14038,"template":"","meta":{"_acf_changed":false,"_et_pb_use_builder":"","_et_pb_old_content":"","_et_gb_content_width":""},"product_brand":[],"product_cat":[344,341,96,81],"product_tag":[446,406,371,366,362,445],"class_list":{"0":"post-1709","1":"product","2":"type-product","3":"status-publish","4":"has-post-thumbnail","6":"product_cat-california-collection","7":"product_cat-fonce-luminosite","8":"product_cat-fonce","9":"product_cat-peintures-de-finition","10":"product_tag-cc1","11":"product_tag-couleur","12":"product_tag-farrow","13":"product_tag-farrowball","14":"product_tag-peinture","15":"product_tag-tar","17":"first","18":"instock","19":"taxable","20":"shipping-taxable","21":"purchasable","22":"product-type-variable"},"acf":[],"_links":{"self":[{"href":"https:\/\/www.sorainstyles.com\/boutique\/wp-json\/wp\/v2\/product\/1709","targetHints":{"allow":["GET"]}}],"collection":[{"href":"https:\/\/www.sorainstyles.com\/boutique\/wp-json\/wp\/v2\/product"}],"about":[{"href":"https:\/\/www.sorainstyles.com\/boutique\/wp-json\/wp\/v2\/types\/product"}],"wp:featuredmedia":[{"embeddable":true,"href":"https:\/\/www.sorainstyles.com\/boutique\/wp-json\/wp\/v2\/media\/14038"}],"wp:attachment":[{"href":"https:\/\/www.sorainstyles.com\/boutique\/wp-json\/wp\/v2\/media?parent=1709"}],"wp:term":[{"taxonomy":"product_brand","embeddable":true,"href":"https:\/\/www.sorainstyles.com\/boutique\/wp-json\/wp\/v2\/product_brand?post=1709"},{"taxonomy":"product_cat","embeddable":true,"href":"https:\/\/www.sorainstyles.com\/boutique\/wp-json\/wp\/v2\/product_cat?post=1709"},{"taxonomy":"product_tag","embeddable":true,"href":"https:\/\/www.sorainstyles.com\/boutique\/wp-json\/wp\/v2\/product_tag?post=1709"}],"curies":[{"name":"wp","href":"https:\/\/api.w.org\/{rel}","templated":true}]}}