{"id":13779,"date":"2025-02-03T15:52:38","date_gmt":"2025-02-03T14:52:38","guid":{"rendered":"https:\/\/www.sorainstyles.com\/boutique\/?post_type=product&#038;p=13779"},"modified":"2025-10-31T13:59:58","modified_gmt":"2025-10-31T12:59:58","slug":"douter-318","status":"publish","type":"product","link":"https:\/\/www.sorainstyles.com\/boutique\/produit\/douter-318\/","title":{"rendered":"Douter 318"},"content":{"rendered":"<h1>Douter &#8211; No.318 de chez Farrow &amp; Ball<\/h1>\n<h2>Un gris-vert fum\u00e9<\/h2>\n<p>La teinte No.318 &#8211; Douter s&rsquo;inspire de la suie et du laiton patin\u00e9 des \u00e9teignoirs \u00e0 bougies traditionnels. Elle offre une interpr\u00e9tation subtilement verte de l&#8217;embl\u00e9matique Inchyra Blue.<\/p>\n<div class=\"flex max-w-full flex-col flex-grow\">\n<div class=\"min-h-8 text-message flex w-full flex-col items-end gap-2 whitespace-normal break-words text-start [.text-message+&amp;]:mt-5\" dir=\"auto\" data-message-author-role=\"assistant\" data-message-id=\"dd2b7dc5-c1e5-4fb1-8a36-103ae1d22724\" data-message-model-slug=\"gpt-4o\">\n<div class=\"flex w-full flex-col gap-1 empty:hidden first:pt-[3px]\">\n<div class=\"markdown prose w-full break-words dark:prose-invert light\">\n<div class=\"flex max-w-full flex-col flex-grow\">\n<div class=\"min-h-8 text-message flex w-full flex-col items-end gap-2 whitespace-normal break-words text-start [.text-message+&amp;]:mt-5\" dir=\"auto\" data-message-author-role=\"assistant\" data-message-id=\"2882e263-4c7d-468a-85e3-800c2578f37a\" data-message-model-slug=\"gpt-4o\">\n<div class=\"flex w-full flex-col gap-1 empty:hidden first:pt-[3px]\">\n<div class=\"markdown prose w-full break-words dark:prose-invert light\">\n<div class=\"flex max-w-full flex-col flex-grow\">\n<div class=\"min-h-8 text-message flex w-full flex-col items-end gap-2 whitespace-normal break-words text-start [.text-message+&amp;]:mt-5\" dir=\"auto\" data-message-author-role=\"assistant\" data-message-id=\"3d591f20-3f9e-4e5b-8606-7137419bb5bc\" data-message-model-slug=\"gpt-4o\">\n<div class=\"flex w-full flex-col gap-1 empty:hidden first:pt-[3px]\">\n<div class=\"markdown prose w-full break-words dark:prose-invert light\">\n<p>Primer &amp; Undercoat recommand\u00e9e: <a href=\"https:\/\/www.sorainstyles.com\/boutique\/impressions-sous-couches-farrow-ball\/\" target=\"_blank\" rel=\"noopener\">Dark Tones<\/a><\/p>\n<\/div>\n<\/div>\n<\/div>\n<\/div>\n<\/div>\n<\/div>\n<\/div>\n<\/div>\n<\/div>\n<\/div>\n<\/div>\n<\/div>\n<p>Blanc compl\u00e9mentaire : <a href=\"https:\/\/www.sorainstyles.com\/boutique\/produit\/shaded-white-201\/\" target=\"_blank\" rel=\"noopener\">Shaded White<\/a><\/p>\n<h3>5 exemples d&rsquo;harmonies de couleurs avec la teinte Douter &#8211; No.318<\/h3>\n<ul>\n<li>Paean Black 294 &#8211; Jitney 293<\/li>\n<li>Mouse&rsquo;s Back 40 &#8211; Shaded White 201<\/li>\n<li>Light Gray 17 &#8211; School House White 291<\/li>\n<li>Scallop 311 &#8211; Shadow White 282<\/li>\n<li>Marmelo 316 &#8211; Scallop 311<\/li>\n<\/ul>\n<p><span style=\"color: #333333; font-size: 22px;\">Information produit<\/span><\/p>\n<h4>A base d&rsquo;eau et sans danger pour les enfants<\/h4>\n<p>En 2010, Farrow &amp; Ball a \u00e9t\u00e9 les premiers du secteur \u00e0 passer \u00e0 une gamme de finitions \u00e9labor\u00e9es enti\u00e8rement \u00e0 base d\u2019eau. En effet, ces finitions \u00e0 faible teneur en COV et pratiquement sans odeur sont faciles \u00e0 nettoyer sans recourir \u00e0 des solvants nocifs.<\/p>\n<h4>Finitions de qualit\u00e9<\/h4>\n<p>Tout d&rsquo;abord, chacune de nos couleurs est disponible dans une gamme de finitions de peinture d\u2019int\u00e9rieur et d\u2019ext\u00e9rieur. Ensuite, chaque finition est test\u00e9e de mani\u00e8re rigoureuse pour garantir un fini durable et une profondeur de couleur exceptionnelle. Enfin, pour obtenir les meilleurs r\u00e9sultats, nous recommandons toujours d\u2019utiliser une Impression &amp; Sous-couche Farrow &amp; Ball &#8211; voir plus haut pour trouver la tonalit\u00e9 de couleur exacte pour cette peinture.<\/p>\n","protected":false},"excerpt":{"rendered":"<h3>Un gris-vert fum\u00e9<\/h3>\n<p>La.teinte No.318 &#8211; Douter s&rsquo;inspire de la suie et du laiton patin\u00e9 des \u00e9teignoirs \u00e0 bougies traditionnels. Elle offre une interpr\u00e9tation subtilement verte de l\u2019embl\u00e9matique Inchyra Blue.<\/p>\n<p>Sous-couche recommand\u00e9e : <a href=\"https:\/\/www.sorainstyles.com\/boutique\/impressions-sous-couches-farrow-ball\/\" target=\"_blank\" rel=\"noopener\">Dark Tones<\/a><\/p>\n","protected":false},"featured_media":14320,"template":"","meta":{"_acf_changed":false,"_et_pb_use_builder":"","_et_pb_old_content":"","_et_gb_content_width":""},"product_brand":[],"product_cat":[341,143,81,92],"product_tag":[],"class_list":{"0":"post-13779","1":"product","2":"type-product","3":"status-publish","4":"has-post-thumbnail","6":"product_cat-fonce-luminosite","7":"product_cat-nuancier-actuel","8":"product_cat-peintures-de-finition","9":"product_cat-vert","11":"first","12":"instock","13":"taxable","14":"shipping-taxable","15":"purchasable","16":"product-type-variable"},"acf":[],"_links":{"self":[{"href":"https:\/\/www.sorainstyles.com\/boutique\/wp-json\/wp\/v2\/product\/13779","targetHints":{"allow":["GET"]}}],"collection":[{"href":"https:\/\/www.sorainstyles.com\/boutique\/wp-json\/wp\/v2\/product"}],"about":[{"href":"https:\/\/www.sorainstyles.com\/boutique\/wp-json\/wp\/v2\/types\/product"}],"wp:featuredmedia":[{"embeddable":true,"href":"https:\/\/www.sorainstyles.com\/boutique\/wp-json\/wp\/v2\/media\/14320"}],"wp:attachment":[{"href":"https:\/\/www.sorainstyles.com\/boutique\/wp-json\/wp\/v2\/media?parent=13779"}],"wp:term":[{"taxonomy":"product_brand","embeddable":true,"href":"https:\/\/www.sorainstyles.com\/boutique\/wp-json\/wp\/v2\/product_brand?post=13779"},{"taxonomy":"product_cat","embeddable":true,"href":"https:\/\/www.sorainstyles.com\/boutique\/wp-json\/wp\/v2\/product_cat?post=13779"},{"taxonomy":"product_tag","embeddable":true,"href":"https:\/\/www.sorainstyles.com\/boutique\/wp-json\/wp\/v2\/product_tag?post=13779"}],"curies":[{"name":"wp","href":"https:\/\/api.w.org\/{rel}","templated":true}]}}