{"id":13666,"date":"2025-02-03T11:59:32","date_gmt":"2025-02-03T10:59:32","guid":{"rendered":"https:\/\/www.sorainstyles.com\/boutique\/?post_type=product&#038;p=13666"},"modified":"2025-10-31T14:05:03","modified_gmt":"2025-10-31T13:05:03","slug":"sizing-314","status":"publish","type":"product","link":"https:\/\/www.sorainstyles.com\/boutique\/produit\/sizing-314\/","title":{"rendered":"Sizing 314"},"content":{"rendered":"<h1>Sizing &#8211; No.314 de chez Farrow &amp; Ball<\/h1>\n<h2>Un neutre vif \u00e0 base de bleu<\/h2>\n<div class=\"flex max-w-full flex-col flex-grow\">\n<div class=\"min-h-8 text-message flex w-full flex-col items-end gap-2 whitespace-normal break-words text-start [.text-message+&amp;]:mt-5\" dir=\"auto\" data-message-author-role=\"assistant\" data-message-id=\"dd2b7dc5-c1e5-4fb1-8a36-103ae1d22724\" data-message-model-slug=\"gpt-4o\">\n<div class=\"flex w-full flex-col gap-1 empty:hidden first:pt-[3px]\">\n<div class=\"markdown prose w-full break-words dark:prose-invert light\">\n<p>La teinte No.314 &#8211; Sizing est un neutre frais subtilement teint\u00e9 de bleu, \u00e9voquant la nettet\u00e9 et la vivacit\u00e9 de l&rsquo;amidon dont elle tire son nom.<\/p>\n<p>Primer &amp; Undercoat recommand\u00e9e: <a href=\"https:\/\/www.sorainstyles.com\/boutique\/impressions-sous-couches-farrow-ball\/\" target=\"_blank\" rel=\"noopener\">White &amp; Light Tones<\/a><\/p>\n<\/div>\n<\/div>\n<\/div>\n<\/div>\n<p>Blanc compl\u00e9mentaire : <a href=\"https:\/\/www.sorainstyles.com\/boutique\/produit\/all-white-2005\/\" target=\"_blank\" rel=\"noopener\">All White<\/a><\/p>\n<h3>5 exemples d&rsquo;harmonies de couleurs avec la teinte Sizing &#8211; No.314<\/h3>\n<ul>\n<li>Wine Dark 308 &#8211; All White 2005<\/li>\n<li>Lulworth Blue 89 &#8211; All White 2005<\/li>\n<li>Tailor Tack 302 &#8211; All White 2005<\/li>\n<li>Kakelugn 317 &#8211; All White 2005<\/li>\n<li>Sap Green 199 &#8211; Kakelugn 317<\/li>\n<\/ul>\n<h3>Information produit<\/h3>\n<h4>A base d&rsquo;eau et sans danger pour les enfants<\/h4>\n<p>En 2010, Farrow &amp; Ball a \u00e9t\u00e9 les premiers du secteur \u00e0 passer \u00e0 une gamme de finitions \u00e9labor\u00e9es enti\u00e8rement \u00e0 base d\u2019eau. En effet, ces finitions \u00e0 faible teneur en COV et pratiquement sans odeur sont faciles \u00e0 nettoyer sans recourir \u00e0 des solvants nocifs.<\/p>\n<h4>Finitions de qualit\u00e9<\/h4>\n<p>Tout d&rsquo;abord, chacune de nos couleurs est disponible dans une gamme de finitions de peinture d\u2019int\u00e9rieur et d\u2019ext\u00e9rieur. Ensuite, chaque finition est test\u00e9e de mani\u00e8re rigoureuse pour garantir un fini durable et une profondeur de couleur exceptionnelle. Enfin, pour obtenir les meilleurs r\u00e9sultats, nous recommandons toujours d\u2019utiliser une Impression &amp; Sous-couche Farrow &amp; Ball &#8211; voir plus haut pour trouver la tonalit\u00e9 de couleur exacte pour cette peinture.<\/p>\n","protected":false},"excerpt":{"rendered":"<h3>Un neutre \u00e9pur\u00e9 et net<\/h3>\n<p>La teinte No.314 &#8211; Sizing est un neutre frais subtilement teint\u00e9 de bleu, \u00e9voquant la nettet\u00e9 et la vivacit\u00e9 de l&rsquo;amidon dont elle tire son nom.<\/p>\n<p>Sous-couche recommand\u00e9e : <a href=\"https:\/\/www.sorainstyles.com\/boutique\/impressions-sous-couches-farrow-ball\/\" target=\"_blank\" rel=\"noopener\">White &amp; Light Tones<\/a><\/p>\n","protected":false},"featured_media":14323,"template":"","meta":{"_acf_changed":false,"_et_pb_use_builder":"","_et_pb_old_content":"","_et_gb_content_width":""},"product_brand":[],"product_cat":[330,331,143,81],"product_tag":[],"class_list":{"0":"post-13666","1":"product","2":"type-product","3":"status-publish","4":"has-post-thumbnail","6":"product_cat-bleu","7":"product_cat-clair","8":"product_cat-nuancier-actuel","9":"product_cat-peintures-de-finition","11":"first","12":"instock","13":"taxable","14":"shipping-taxable","15":"purchasable","16":"product-type-variable"},"acf":[],"_links":{"self":[{"href":"https:\/\/www.sorainstyles.com\/boutique\/wp-json\/wp\/v2\/product\/13666","targetHints":{"allow":["GET"]}}],"collection":[{"href":"https:\/\/www.sorainstyles.com\/boutique\/wp-json\/wp\/v2\/product"}],"about":[{"href":"https:\/\/www.sorainstyles.com\/boutique\/wp-json\/wp\/v2\/types\/product"}],"wp:featuredmedia":[{"embeddable":true,"href":"https:\/\/www.sorainstyles.com\/boutique\/wp-json\/wp\/v2\/media\/14323"}],"wp:attachment":[{"href":"https:\/\/www.sorainstyles.com\/boutique\/wp-json\/wp\/v2\/media?parent=13666"}],"wp:term":[{"taxonomy":"product_brand","embeddable":true,"href":"https:\/\/www.sorainstyles.com\/boutique\/wp-json\/wp\/v2\/product_brand?post=13666"},{"taxonomy":"product_cat","embeddable":true,"href":"https:\/\/www.sorainstyles.com\/boutique\/wp-json\/wp\/v2\/product_cat?post=13666"},{"taxonomy":"product_tag","embeddable":true,"href":"https:\/\/www.sorainstyles.com\/boutique\/wp-json\/wp\/v2\/product_tag?post=13666"}],"curies":[{"name":"wp","href":"https:\/\/api.w.org\/{rel}","templated":true}]}}