{"id":1270,"date":"2021-12-07T18:06:16","date_gmt":"2021-12-07T17:06:16","guid":{"rendered":"https:\/\/www.sorainstyles.com\/boutique\/produit\/reddish-brown-w101\/"},"modified":"2025-10-19T16:43:57","modified_gmt":"2025-10-19T14:43:57","slug":"reddish-brown-w101","status":"publish","type":"product","link":"https:\/\/www.sorainstyles.com\/boutique\/produit\/reddish-brown-w101\/","title":{"rendered":"Deep Reddish Brown W101"},"content":{"rendered":"<h1>Archive Collection : Deep Reddish Brown &#8211; No.W101 de chez Farrow &amp; Ball<\/h1>\n<h2>Un brun terreux profond<\/h2>\n<p>Profonde, chaleureuse et accueillante, cette teinte \u00e9tait autrefois populaire dans les <a href=\"https:\/\/www.cotemaison.fr\/maison-de-campagne_7170.html\" target=\"_blank\" rel=\"noopener\">maisons de campagne<\/a>. En effet, elle \u00e9tait souvent utilis\u00e9e pour souligner les boiseries des escaliers de service. Dans un d\u00e9cor contemporain, la teinte No.W101 &#8211; Reddish Brown est toujours une couleur magnifique, que ce soit pour les murs, les portes ou les bordures, qui ajoute richesse et \u00e9motion \u00e0 tout espace.<\/p>\n<p>Primer &amp; Undercoat recommand\u00e9e: <a href=\"https:\/\/www.sorainstyles.com\/boutique\/categorie-produit\/appret-sous-couches\/red-and-warm-tones\/\" target=\"_blank\" rel=\"noopener\">Red and Warm Tones<\/a><\/p>\n<p>Blanc compl\u00e9mentaire : <a href=\"https:\/\/www.sorainstyles.com\/boutique\/produit\/orange-coloured-white-w5\/\" target=\"_blank\" rel=\"noopener\">Orange Coloured White<\/a><\/p>\n<h3>4 exemples d&rsquo;harmonies de couleurs avec la teinte Deep Reddish Brown &#8211; No.W101<\/h3>\n<ul>\n<li>Dimity No.2008 &#8211; Joa&rsquo;s White No.226<\/li>\n<li>Jitney No.293 &#8211; Lichen No.19<\/li>\n<li>Duck Green No.W55 &#8211; Broccoli Brown No.W108<\/li>\n<li>Snow White No.W1 &#8211; Crimson Red No.W93<\/li>\n<\/ul>\n<h3>Information produit<\/h3>\n<h4>A base d&rsquo;eau et sans danger pour les enfants<\/h4>\n<p>En 2010, Farrow &amp; Ball a \u00e9t\u00e9 les premiers du secteur \u00e0 passer \u00e0 une gamme de finitions \u00e9labor\u00e9es enti\u00e8rement \u00e0 base d\u2019eau. En effet, ces finitions \u00e0 faible teneur en COV et pratiquement sans odeur sont faciles \u00e0 nettoyer sans recourir \u00e0 des solvants nocifs.<\/p>\n<h4>Finitions de qualit\u00e9<\/h4>\n<p>Tout d&rsquo;abord, chacune de nos couleurs est disponible dans une gamme de finitions de peinture d\u2019int\u00e9rieur et d\u2019ext\u00e9rieur. Ensuite, chaque finition est test\u00e9e de mani\u00e8re rigoureuse pour garantir un fini durable et une profondeur de couleur exceptionnelle. Enfin, pour obtenir les meilleurs r\u00e9sultats, nous recommandons toujours d\u2019utiliser une Impression &amp; Sous-couche Farrow &amp; Ball &#8211; voir plus haut pour trouver la tonalit\u00e9 de couleur exacte pour cette peinture.<\/p>\n","protected":false},"excerpt":{"rendered":"<h3>Un brun terreux profond<\/h3>\n<p>Ce marron aux sous-tons rouges d\u00e9gage une atmosph\u00e8re chaleureuse et cocooning. Cette couleur est id\u00e9ale dans un salon, une cuisine, une salle de bain ou encore une chambre.<\/p>\n<p>Sous-couche recommand\u00e9e : <a href=\"https:\/\/www.sorainstyles.com\/boutique\/categorie-produit\/appret-sous-couches\/red-and-warm-tones\/\" target=\"_blank\" rel=\"noopener\">Red and Warm Tones<\/a><\/p>\n","protected":false},"featured_media":14107,"template":"","meta":{"_acf_changed":false,"_et_pb_use_builder":"","_et_pb_old_content":"","_et_gb_content_width":""},"product_brand":[],"product_cat":[343,341,81,110,361],"product_tag":[406,829,371,415,362,351,452],"class_list":{"0":"post-1270","1":"product","2":"type-product","3":"status-publish","4":"has-post-thumbnail","6":"product_cat-archive","7":"product_cat-fonce-luminosite","8":"product_cat-peintures-de-finition","9":"product_cat-rouge","10":"product_cat-transitoire","11":"product_tag-couleur","12":"product_tag-deep-reddhish-brown","13":"product_tag-farrow","14":"product_tag-farrow-ball","15":"product_tag-peinture","16":"product_tag-rouge","17":"product_tag-w101","19":"first","20":"instock","21":"taxable","22":"shipping-taxable","23":"purchasable","24":"product-type-variable"},"acf":[],"_links":{"self":[{"href":"https:\/\/www.sorainstyles.com\/boutique\/wp-json\/wp\/v2\/product\/1270","targetHints":{"allow":["GET"]}}],"collection":[{"href":"https:\/\/www.sorainstyles.com\/boutique\/wp-json\/wp\/v2\/product"}],"about":[{"href":"https:\/\/www.sorainstyles.com\/boutique\/wp-json\/wp\/v2\/types\/product"}],"wp:featuredmedia":[{"embeddable":true,"href":"https:\/\/www.sorainstyles.com\/boutique\/wp-json\/wp\/v2\/media\/14107"}],"wp:attachment":[{"href":"https:\/\/www.sorainstyles.com\/boutique\/wp-json\/wp\/v2\/media?parent=1270"}],"wp:term":[{"taxonomy":"product_brand","embeddable":true,"href":"https:\/\/www.sorainstyles.com\/boutique\/wp-json\/wp\/v2\/product_brand?post=1270"},{"taxonomy":"product_cat","embeddable":true,"href":"https:\/\/www.sorainstyles.com\/boutique\/wp-json\/wp\/v2\/product_cat?post=1270"},{"taxonomy":"product_tag","embeddable":true,"href":"https:\/\/www.sorainstyles.com\/boutique\/wp-json\/wp\/v2\/product_tag?post=1270"}],"curies":[{"name":"wp","href":"https:\/\/api.w.org\/{rel}","templated":true}]}}